{"id":44498,"date":"2025-10-30T17:08:26","date_gmt":"2025-10-30T16:08:26","guid":{"rendered":"https:\/\/www.teachonmars.com\/?page_id=44498"},"modified":"2025-10-30T17:18:32","modified_gmt":"2025-10-30T16:18:32","slug":"case-study-la-prairie","status":"publish","type":"page","link":"https:\/\/www.teachonmars.com\/fr\/case-study-la-prairie\/","title":{"rendered":"Case Study LA PRAIRIE"},"content":{"rendered":"<p>[et_pb_section fb_built=\u00a0\u00bb1&Prime; admin_label=\u00a0\u00bbSection Headline\u00a0\u00bb module_id=\u00a0\u00bblp-section-1&Prime; _builder_version=\u00a0\u00bb4.24.3&Prime; _module_preset=\u00a0\u00bbdefault\u00a0\u00bb background_color=\u00a0\u00bbRGBA(255,255,255,0)\u00a0\u00bb background_enable_image=\u00a0\u00bboff\u00a0\u00bb parallax=\u00a0\u00bbon\u00a0\u00bb custom_padding=\u00a0\u00bb0px||0px||false|false\u00a0\u00bb custom_css_main_element=\u00a0\u00bbdisplay: flex; \/* contexte sur le parent *\/||flex-direction: column; \/* direction d&rsquo;affichage verticale *\/||justify-content: center; \/* alignement vertical *\/\u00a0\u00bb locked=\u00a0\u00bboff\u00a0\u00bb global_colors_info=\u00a0\u00bb{}\u00a0\u00bb][et_pb_row column_structure=\u00a0\u00bb1_3,1_3,1_3&Prime; use_custom_gutter=\u00a0\u00bbon\u00a0\u00bb gutter_width=\u00a0\u00bb2&Prime; admin_label=\u00a0\u00bbTitre\u00a0\u00bb module_id=\u00a0\u00bbform\u00a0\u00bb _builder_version=\u00a0\u00bb4.24.3&Prime; _module_preset=\u00a0\u00bbdefault\u00a0\u00bb positioning=\u00a0\u00bbnone\u00a0\u00bb position_origin_a=\u00a0\u00bbcenter_center\u00a0\u00bb max_width=\u00a0\u00bb1907px\u00a0\u00bb custom_padding=\u00a0\u00bb50px||4px||false|false\u00a0\u00bb scroll_fade_enable=\u00a0\u00bbon\u00a0\u00bb scroll_fade=\u00a0\u00bb0|80|80|100|100%|100|0%\u00a0\u00bb global_colors_info=\u00a0\u00bb{}\u00a0\u00bb][et_pb_column type=\u00a0\u00bb1_3&Prime; _builder_version=\u00a0\u00bb4.24.3&Prime; _module_preset=\u00a0\u00bbdefault\u00a0\u00bb custom_css_main_element=\u00a0\u00bbdisplay: flex; \/* contexte sur le parent *\/||flex-direction: column; \/* direction d&rsquo;affichage verticale *\/||justify-content: center; \/* alignement vertical *\/\u00a0\u00bb global_colors_info=\u00a0\u00bb{}\u00a0\u00bb][et_pb_image src=\u00a0\u00bbhttps:\/\/www.teachonmars.com\/wp-content\/uploads\/2025\/10\/Visuel-LP-Business-Case-LA-Prairie-Grande.jpeg\u00a0\u00bb title_text=\u00a0\u00bbVisuel LP Business Case &#8211; 6&Prime; _builder_version=\u00a0\u00bb4.27.3&Prime; _module_preset=\u00a0\u00bbdefault\u00a0\u00bb height=\u00a0\u00bb600px\u00a0\u00bb custom_padding=\u00a0\u00bb0px|0px||||\u00a0\u00bb hover_enabled=\u00a0\u00bb0&Prime; global_colors_info=\u00a0\u00bb{}\u00a0\u00bb sticky_enabled=\u00a0\u00bb0&Prime;][\/et_pb_image][\/et_pb_column][et_pb_column type=\u00a0\u00bb1_3&Prime; _builder_version=\u00a0\u00bb4.16&Prime; _module_preset=\u00a0\u00bbdefault\u00a0\u00bb custom_css_main_element=\u00a0\u00bbdisplay: flex; \/* contexte sur le parent *\/||flex-direction: column; \/* direction d&rsquo;affichage verticale *\/||justify-content: center; \/* alignement vertical *\/\u00a0\u00bb global_colors_info=\u00a0\u00bb{}\u00a0\u00bb][et_pb_text _builder_version=\u00a0\u00bb4.27.3&Prime; _module_preset=\u00a0\u00bbdefault\u00a0\u00bb global_colors_info=\u00a0\u00bb{}\u00a0\u00bb]<\/p>\n<p><span class=\"kl-rich-text__preheader\" style=\"color: #ff0000;\"><\/span><\/p>\n<p><span class=\"kl-rich-text__preheader\" style=\"color: #ff0000;\"><\/span><\/p>\n<p><span class=\"kl-rich-text__preheader\" style=\"color: #ff0000;\"><\/span><\/p>\n<p><span class=\"kl-rich-text__preheader\" style=\"color: #ff0000;\"><\/span><\/p>\n<p><span class=\"kl-rich-text__preheader\" style=\"color: #ff0000;\"><\/span><\/p>\n<p><span class=\"kl-rich-text__preheader\" style=\"color: #ff0000;\"><\/span><\/p>\n<p><span class=\"kl-rich-text__preheader\" style=\"color: #ff0000;\"><\/span><\/p>\n<p><span class=\"kl-rich-text__preheader\" style=\"color: #ff0000;\"><\/span><\/p>\n<p><span class=\"kl-rich-text__preheader\" style=\"color: #ff0000;\"><\/span><\/p>\n<p><span class=\"kl-rich-text__preheader\" style=\"color: #ff0000;\"><\/span><\/p>\n<p><span class=\"kl-rich-text__preheader\" style=\"color: #ff0000;\"><\/span><\/p>\n<p><span class=\"kl-rich-text__preheader\" style=\"color: #ff0000;\"><\/span><\/p>\n<p><span class=\"kl-rich-text__preheader\" style=\"color: #ff0000;\"><\/span><\/p>\n<p><span class=\"kl-rich-text__preheader\" style=\"color: #ff0000;\"><\/span><\/p>\n<p><span class=\"kl-rich-text__preheader\" style=\"color: #ff0000;\"><\/span><\/p>\n<p><span class=\"kl-rich-text__preheader\" style=\"color: #ff0000;\">\u00c9TUDE DE CAS<\/span><\/p>\n<div>\n<h1>LA PRAIRIE<\/h1>\n<p><strong>D\u00e9couvrez comment la cr\u00e9ation d&rsquo;un catalogue diversifi\u00e9 et multilingue a permis d&rsquo;obtenir une adh\u00e9sion compl\u00e8te et de stimuler une croissance significative et constante.<\/strong><\/p>\n<p><strong><img loading=\"lazy\" decoding=\"async\" src=\"https:\/\/www.teachonmars.com\/wp-content\/uploads\/2025\/04\/La-Prairi-Logo-500x281-1-300x169.png\" width=\"300\" height=\"169\" alt=\"\" class=\"wp-image-44155 alignleft size-medium\" \/><\/strong><\/p>\n<\/div>\n<p>[\/et_pb_text][\/et_pb_column][et_pb_column type=\u00a0\u00bb1_3&Prime; _builder_version=\u00a0\u00bb4.16&Prime; _module_preset=\u00a0\u00bbdefault\u00a0\u00bb custom_css_main_element=\u00a0\u00bbdisplay: flex; \/* contexte sur le parent *\/||flex-direction: column; \/* direction d&rsquo;affichage verticale *\/||justify-content: center; \/* alignement vertical *\/\u00a0\u00bb global_colors_info=\u00a0\u00bb{}\u00a0\u00bb][et_pb_code _builder_version=\u00a0\u00bb4.27.3&Prime; _module_preset=\u00a0\u00bbdefault\u00a0\u00bb background_color=\u00a0\u00bb#FFFFFF\u00a0\u00bb min_height=\u00a0\u00bb588.8px\u00a0\u00bb custom_margin=\u00a0\u00bb||||false|false\u00a0\u00bb custom_padding=\u00a0\u00bb0px||0px||false|false\u00a0\u00bb hover_enabled=\u00a0\u00bb0&Prime; global_colors_info=\u00a0\u00bb{}\u00a0\u00bb sticky_enabled=\u00a0\u00bb0&Prime;]<iframe loading=\"lazy\" src=\"https:\/\/www2.teachonmars.com\/l\/702703\/2025-10-30\/bmtqmh\" width=\"100%\" height=\"500\" type=\"text\/html\" frameborder=\"0\" allowTransparency=\"true\" style=\"border: 0\"><\/iframe>[\/et_pb_code][\/et_pb_column][\/et_pb_row][\/et_pb_section][et_pb_section fb_built=\u00a0\u00bb1&Prime; _builder_version=\u00a0\u00bb4.24.3&Prime; _module_preset=\u00a0\u00bbdefault\u00a0\u00bb custom_margin=\u00a0\u00bb||||false|false\u00a0\u00bb global_colors_info=\u00a0\u00bb{}\u00a0\u00bb][et_pb_row use_custom_gutter=\u00a0\u00bbon\u00a0\u00bb gutter_width=\u00a0\u00bb2&Prime; make_equal=\u00a0\u00bbon\u00a0\u00bb _builder_version=\u00a0\u00bb4.27.3&Prime; _module_preset=\u00a0\u00bbdefault\u00a0\u00bb max_width=\u00a0\u00bb1907px\u00a0\u00bb custom_margin=\u00a0\u00bb-2px|auto||auto||\u00a0\u00bb custom_padding=\u00a0\u00bb0px||1px||false|false\u00a0\u00bb hover_enabled=\u00a0\u00bb0&Prime; global_colors_info=\u00a0\u00bb{}\u00a0\u00bb sticky_enabled=\u00a0\u00bb0&Prime;][et_pb_column type=\u00a0\u00bb4_4&Prime; _builder_version=\u00a0\u00bb4.24.3&Prime; _module_preset=\u00a0\u00bbdefault\u00a0\u00bb global_colors_info=\u00a0\u00bb{}\u00a0\u00bb][et_pb_text _builder_version=\u00a0\u00bb4.27.3&Prime; _module_preset=\u00a0\u00bbdefault\u00a0\u00bb header_text_color=\u00a0\u00bb#000000&Prime; header_2_text_color=\u00a0\u00bb#000000&Prime; background_layout=\u00a0\u00bbdark\u00a0\u00bb custom_margin=\u00a0\u00bb40px||40px||true|\u00a0\u00bb hover_enabled=\u00a0\u00bb0&Prime; text_orientation_tablet=\u00a0\u00bbcenter\u00a0\u00bb text_orientation_phone=\u00a0\u00bb\u00a0\u00bb text_orientation_last_edited=\u00a0\u00bbon|tablet\u00a0\u00bb global_colors_info=\u00a0\u00bb{}\u00a0\u00bb sticky_enabled=\u00a0\u00bb0&Prime;]<\/p>\n<p style=\"text-align: justify;\"><span style=\"color: #000000;\"><strong>LA PRAIRIE <\/strong><\/span><span style=\"color: #000000;\"><strong>est une marque de cosm\u00e9tiques prestigieuse, renomm\u00e9e pour sa fusion entre l\u2019innovation scientifique, le luxe intemporel, et un engagement infaillible envers l\u2019excellence. La Prairie n\u2019a cess\u00e9 d\u2019innover \u00e0 travers ses collections de luxe, poursuivant la vision initiale de son fondateur: restaurer vigueur et vitalit\u00e9.<br \/><\/strong><\/span><\/p>\n<p><span style=\"color: #000000;\">Le march\u00e9 mondial de la cosm\u00e9tique de luxe dans lequel La Prairie op\u00e8re est domin\u00e9 par de multiples acteurs cl\u00e9s, chacun contribuant significativement \u00e0 la constante croissance et innovation de l\u2019industrie. Ces derni\u00e8res ann\u00e9es, l\u2019accent mis sur le soin de soi qui ne cesse de cro\u00eetre, les habitudes des consommateurs qui changent, les r\u00e9seaux sociaux ainsi que la mont\u00e9e en fl\u00e8che du e-commerce ont notamment jou\u00e9 un r\u00f4le important dans la propulsion du march\u00e9.<\/span><\/p>\n<p><span style=\"color: #000000;\">Avec plus de 2000 employ\u00e9s autour du globe &#8211; dont une part importante est compos\u00e9e de travailleurs ind\u00e9pendants &#8211; La Prairie a exprim\u00e9 le d\u00e9sir d\u2019int\u00e9grer un outil de digital learning qui soit \u00e0 la fois accessible et efficace, permettant \u00e0 ses Beauty Advisors (BAs) d\u2019\u00eatre \u00e0 jour sur les derni\u00e8res tendances et d\u2019assurer un niveau d\u2019expertise produit constant et un service personnalis\u00e9 d\u2019excellence pour ses clients \u00e0 travers le monde.<\/span><\/p>\n<p><span style=\"color: #000000;\"><strong><em>D\u00e9couvrez dans cette \u00e9tude de cas :<\/em><\/strong><br \/><strong><em>&gt; pourquoi LA PRAIRIE a choisi l&rsquo;apprentissage mobile pour son programme de formation,<\/em><\/strong><br \/><strong><em>&gt; la promesse de cette nouvelle exp\u00e9rience d&rsquo;apprentissage,<\/em><\/strong><br \/><strong><em>&gt; comment l&rsquo;application a \u00e9t\u00e9 d\u00e9ploy\u00e9e,<\/em><\/strong><br \/><strong><em>&gt; les premiers r\u00e9sultats un an apr\u00e8s le lancement de l&rsquo;application.<\/em><\/strong><br \/><\/span><span style=\"color: #000000;\"><\/span><\/p>\n<p>[\/et_pb_text][et_pb_button button_url=\u00a0\u00bb#form\u00a0\u00bb button_text=\u00a0\u00bbT\u00e9l\u00e9charger l&rsquo;\u00e9tude de cas\u00a0\u00bb _builder_version=\u00a0\u00bb4.27.3&Prime; _module_preset=\u00a0\u00bbdefault\u00a0\u00bb hover_enabled=\u00a0\u00bb0&Prime; global_colors_info=\u00a0\u00bb{}\u00a0\u00bb sticky_enabled=\u00a0\u00bb0&Prime;][\/et_pb_button][\/et_pb_column][\/et_pb_row][\/et_pb_section][et_pb_section fb_built=\u00a0\u00bb1&Prime; _builder_version=\u00a0\u00bb4.24.3&Prime; _module_preset=\u00a0\u00bbdefault\u00a0\u00bb global_colors_info=\u00a0\u00bb{}\u00a0\u00bb][et_pb_row column_structure=\u00a0\u00bb1_2,1_2&Prime; _builder_version=\u00a0\u00bb4.24.3&Prime; _module_preset=\u00a0\u00bbdefault\u00a0\u00bb global_colors_info=\u00a0\u00bb{}\u00a0\u00bb][et_pb_column type=\u00a0\u00bb1_2&Prime; _builder_version=\u00a0\u00bb4.24.3&Prime; _module_preset=\u00a0\u00bbdefault\u00a0\u00bb global_colors_info=\u00a0\u00bb{}\u00a0\u00bb][et_pb_video src=\u00a0\u00bbhttps:\/\/youtu.be\/fps2HTd-6xI\u00a0\u00bb _builder_version=\u00a0\u00bb4.24.3&Prime; _module_preset=\u00a0\u00bbdefault\u00a0\u00bb global_colors_info=\u00a0\u00bb{}\u00a0\u00bb][\/et_pb_video][\/et_pb_column][et_pb_column type=\u00a0\u00bb1_2&Prime; _builder_version=\u00a0\u00bb4.24.3&Prime; _module_preset=\u00a0\u00bbdefault\u00a0\u00bb global_colors_info=\u00a0\u00bb{}\u00a0\u00bb][et_pb_toggle title=\u00a0\u00bbREPLAY WEBINAR\u00a0\u00bb _builder_version=\u00a0\u00bb4.24.3&Prime; _module_preset=\u00a0\u00bbdefault\u00a0\u00bb global_colors_info=\u00a0\u00bb{}\u00a0\u00bb]<\/p>\n<div class=\"kl-featured-card__text\">\n<div class=\"kl-featured-card__content\">\n<h4>Discover how Isabel Marant keep the flame burning with its learners and guarantee lasting commitment!<\/h4>\n<\/div>\n<\/div>\n<p><span style=\"color: #ff0000;\"><a href=\"https:\/\/info.teachonmars.com\/en\/replay-webinar-isabelmarant?hsLang=en-gb\" class=\"button button--arrow widget_1668065359500__button\" style=\"color: #ff0000;\">LEARN MORE\u00a0<\/a><\/span><\/p>\n<p>[\/et_pb_toggle][et_pb_toggle title=\u00a0\u00bbREPLAY WEBINAR\u00a0\u00bb _builder_version=\u00a0\u00bb4.24.3&Prime; _module_preset=\u00a0\u00bbdefault\u00a0\u00bb global_colors_info=\u00a0\u00bb{}\u00a0\u00bb]<\/p>\n<div class=\"kl-featured-card__text\">\n<div class=\"kl-featured-card__content\">\n<h4>Discover why Christian Dior Parfums invests in innovation for a better learning experience for its retail community!<\/h4>\n<\/div>\n<\/div>\n<p><span style=\"color: #ff0000;\"><a href=\"https:\/\/info.teachonmars.com\/en\/replay-webinar-cdparfums?hsLang=en-gb\" class=\"button button--arrow widget_1668065359500__button\" style=\"color: #ff0000;\">LEARN MORE\u00a0<\/a><\/span><\/p>\n<p>[\/et_pb_toggle][\/et_pb_column][\/et_pb_row][\/et_pb_section]<\/p>\n","protected":false},"excerpt":{"rendered":"<p>\u00c9TUDE DE CAS LA PRAIRIE D\u00e9couvrez comment la cr\u00e9ation d&rsquo;un catalogue diversifi\u00e9 et multilingue a permis d&rsquo;obtenir une adh\u00e9sion compl\u00e8te et de stimuler une croissance significative et constante. LA PRAIRIE est une marque de cosm\u00e9tiques prestigieuse, renomm\u00e9e pour sa fusion entre l\u2019innovation scientifique, le luxe intemporel, et un engagement infaillible envers l\u2019excellence. La Prairie n\u2019a [&hellip;]<\/p>\n","protected":false},"author":55,"featured_media":0,"parent":0,"menu_order":0,"comment_status":"closed","ping_status":"closed","template":"","meta":{"_et_pb_use_builder":"on","_et_pb_old_content":"","_et_gb_content_width":"","footnotes":""},"class_list":["post-44498","page","type-page","status-publish","hentry"],"yoast_head":"<!-- This site is optimized with the Yoast SEO Premium plugin v22.6 (Yoast SEO v27.4) - https:\/\/yoast.com\/product\/yoast-seo-premium-wordpress\/ -->\n<title>Case Study LA PRAIRIE - Teach on Mars<\/title>\n<meta name=\"robots\" content=\"index, follow, max-snippet:-1, max-image-preview:large, max-video-preview:-1\" \/>\n<link rel=\"canonical\" href=\"https:\/\/www.teachonmars.com\/fr\/case-study-la-prairie\/\" \/>\n<meta property=\"og:locale\" content=\"fr_FR\" \/>\n<meta property=\"og:type\" content=\"article\" \/>\n<meta property=\"og:title\" content=\"Case Study LA PRAIRIE\" \/>\n<meta property=\"og:description\" content=\"\u00c9TUDE DE CAS LA PRAIRIE D\u00e9couvrez comment la cr\u00e9ation d&#039;un catalogue diversifi\u00e9 et multilingue a permis d&#039;obtenir une adh\u00e9sion compl\u00e8te et de stimuler une croissance significative et constante. LA PRAIRIE est une marque de cosm\u00e9tiques prestigieuse, renomm\u00e9e pour sa fusion entre l\u2019innovation scientifique, le luxe intemporel, et un engagement infaillible envers l\u2019excellence. La Prairie n\u2019a [&hellip;]\" \/>\n<meta property=\"og:url\" content=\"https:\/\/www.teachonmars.com\/fr\/case-study-la-prairie\/\" \/>\n<meta property=\"og:site_name\" content=\"Teach on Mars\" \/>\n<meta property=\"article:publisher\" content=\"https:\/\/www.facebook.com\/teachonmars.fr\/\" \/>\n<meta property=\"article:modified_time\" content=\"2025-10-30T16:18:32+00:00\" \/>\n<meta property=\"og:image\" content=\"https:\/\/www.teachonmars.com\/wp-content\/uploads\/2025\/04\/La-Prairi-Logo-500x281-1-300x169.png\" \/>\n<meta name=\"twitter:card\" content=\"summary_large_image\" \/>\n<meta name=\"twitter:site\" content=\"@TeachonMarsfr\" \/>\n<meta name=\"twitter:label1\" content=\"Dur\u00e9e de lecture estim\u00e9e\" \/>\n\t<meta name=\"twitter:data1\" content=\"2 minutes\" \/>\n<script type=\"application\/ld+json\" class=\"yoast-schema-graph\">{\"@context\":\"https:\\\/\\\/schema.org\",\"@graph\":[{\"@type\":\"WebPage\",\"@id\":\"https:\\\/\\\/www.teachonmars.com\\\/fr\\\/case-study-la-prairie\\\/\",\"url\":\"https:\\\/\\\/www.teachonmars.com\\\/fr\\\/case-study-la-prairie\\\/\",\"name\":\"Case Study LA PRAIRIE - Teach on Mars\",\"isPartOf\":{\"@id\":\"https:\\\/\\\/www.teachonmars.com\\\/fr\\\/#website\"},\"primaryImageOfPage\":{\"@id\":\"https:\\\/\\\/www.teachonmars.com\\\/fr\\\/case-study-la-prairie\\\/#primaryimage\"},\"image\":{\"@id\":\"https:\\\/\\\/www.teachonmars.com\\\/fr\\\/case-study-la-prairie\\\/#primaryimage\"},\"thumbnailUrl\":\"https:\\\/\\\/www.teachonmars.com\\\/wp-content\\\/uploads\\\/2025\\\/04\\\/La-Prairi-Logo-500x281-1-300x169.png\",\"datePublished\":\"2025-10-30T16:08:26+00:00\",\"dateModified\":\"2025-10-30T16:18:32+00:00\",\"breadcrumb\":{\"@id\":\"https:\\\/\\\/www.teachonmars.com\\\/fr\\\/case-study-la-prairie\\\/#breadcrumb\"},\"inLanguage\":\"fr-FR\",\"potentialAction\":[{\"@type\":\"ReadAction\",\"target\":[\"https:\\\/\\\/www.teachonmars.com\\\/fr\\\/case-study-la-prairie\\\/\"]}]},{\"@type\":\"ImageObject\",\"inLanguage\":\"fr-FR\",\"@id\":\"https:\\\/\\\/www.teachonmars.com\\\/fr\\\/case-study-la-prairie\\\/#primaryimage\",\"url\":\"https:\\\/\\\/www.teachonmars.com\\\/wp-content\\\/uploads\\\/2025\\\/04\\\/La-Prairi-Logo-500x281-1-300x169.png\",\"contentUrl\":\"https:\\\/\\\/www.teachonmars.com\\\/wp-content\\\/uploads\\\/2025\\\/04\\\/La-Prairi-Logo-500x281-1-300x169.png\"},{\"@type\":\"BreadcrumbList\",\"@id\":\"https:\\\/\\\/www.teachonmars.com\\\/fr\\\/case-study-la-prairie\\\/#breadcrumb\",\"itemListElement\":[{\"@type\":\"ListItem\",\"position\":1,\"name\":\"Accueil\",\"item\":\"https:\\\/\\\/www.teachonmars.com\\\/fr\\\/\"},{\"@type\":\"ListItem\",\"position\":2,\"name\":\"Case Study LA PRAIRIE\"}]},{\"@type\":\"WebSite\",\"@id\":\"https:\\\/\\\/www.teachonmars.com\\\/fr\\\/#website\",\"url\":\"https:\\\/\\\/www.teachonmars.com\\\/fr\\\/\",\"name\":\"Teach on Mars\",\"description\":\"More Learning Moments. Better Future.\",\"publisher\":{\"@id\":\"https:\\\/\\\/www.teachonmars.com\\\/fr\\\/#organization\"},\"potentialAction\":[{\"@type\":\"SearchAction\",\"target\":{\"@type\":\"EntryPoint\",\"urlTemplate\":\"https:\\\/\\\/www.teachonmars.com\\\/fr\\\/?s={search_term_string}\"},\"query-input\":{\"@type\":\"PropertyValueSpecification\",\"valueRequired\":true,\"valueName\":\"search_term_string\"}}],\"inLanguage\":\"fr-FR\"},{\"@type\":\"Organization\",\"@id\":\"https:\\\/\\\/www.teachonmars.com\\\/fr\\\/#organization\",\"name\":\"Teach on Mars\",\"url\":\"https:\\\/\\\/www.teachonmars.com\\\/fr\\\/\",\"logo\":{\"@type\":\"ImageObject\",\"inLanguage\":\"fr-FR\",\"@id\":\"https:\\\/\\\/www.teachonmars.com\\\/fr\\\/#\\\/schema\\\/logo\\\/image\\\/\",\"url\":\"https:\\\/\\\/www.teachonmars.com\\\/wp-content\\\/uploads\\\/2024\\\/04\\\/logo-Teach-on-march-by-lumapps-1.png\",\"contentUrl\":\"https:\\\/\\\/www.teachonmars.com\\\/wp-content\\\/uploads\\\/2024\\\/04\\\/logo-Teach-on-march-by-lumapps-1.png\",\"width\":1052,\"height\":194,\"caption\":\"Teach on Mars\"},\"image\":{\"@id\":\"https:\\\/\\\/www.teachonmars.com\\\/fr\\\/#\\\/schema\\\/logo\\\/image\\\/\"},\"sameAs\":[\"https:\\\/\\\/www.facebook.com\\\/teachonmars.fr\\\/\",\"https:\\\/\\\/x.com\\\/TeachonMarsfr\",\"https:\\\/\\\/www.linkedin.com\\\/company\\\/teach-on-mars\\\/\"]}]}<\/script>\n<!-- \/ Yoast SEO Premium plugin. -->","yoast_head_json":{"title":"Case Study LA PRAIRIE - Teach on Mars","robots":{"index":"index","follow":"follow","max-snippet":"max-snippet:-1","max-image-preview":"max-image-preview:large","max-video-preview":"max-video-preview:-1"},"canonical":"https:\/\/www.teachonmars.com\/fr\/case-study-la-prairie\/","og_locale":"fr_FR","og_type":"article","og_title":"Case Study LA PRAIRIE","og_description":"\u00c9TUDE DE CAS LA PRAIRIE D\u00e9couvrez comment la cr\u00e9ation d'un catalogue diversifi\u00e9 et multilingue a permis d'obtenir une adh\u00e9sion compl\u00e8te et de stimuler une croissance significative et constante. LA PRAIRIE est une marque de cosm\u00e9tiques prestigieuse, renomm\u00e9e pour sa fusion entre l\u2019innovation scientifique, le luxe intemporel, et un engagement infaillible envers l\u2019excellence. La Prairie n\u2019a [&hellip;]","og_url":"https:\/\/www.teachonmars.com\/fr\/case-study-la-prairie\/","og_site_name":"Teach on Mars","article_publisher":"https:\/\/www.facebook.com\/teachonmars.fr\/","article_modified_time":"2025-10-30T16:18:32+00:00","og_image":[{"url":"https:\/\/www.teachonmars.com\/wp-content\/uploads\/2025\/04\/La-Prairi-Logo-500x281-1-300x169.png","type":"","width":"","height":""}],"twitter_card":"summary_large_image","twitter_site":"@TeachonMarsfr","twitter_misc":{"Dur\u00e9e de lecture estim\u00e9e":"2 minutes"},"schema":{"@context":"https:\/\/schema.org","@graph":[{"@type":"WebPage","@id":"https:\/\/www.teachonmars.com\/fr\/case-study-la-prairie\/","url":"https:\/\/www.teachonmars.com\/fr\/case-study-la-prairie\/","name":"Case Study LA PRAIRIE - Teach on Mars","isPartOf":{"@id":"https:\/\/www.teachonmars.com\/fr\/#website"},"primaryImageOfPage":{"@id":"https:\/\/www.teachonmars.com\/fr\/case-study-la-prairie\/#primaryimage"},"image":{"@id":"https:\/\/www.teachonmars.com\/fr\/case-study-la-prairie\/#primaryimage"},"thumbnailUrl":"https:\/\/www.teachonmars.com\/wp-content\/uploads\/2025\/04\/La-Prairi-Logo-500x281-1-300x169.png","datePublished":"2025-10-30T16:08:26+00:00","dateModified":"2025-10-30T16:18:32+00:00","breadcrumb":{"@id":"https:\/\/www.teachonmars.com\/fr\/case-study-la-prairie\/#breadcrumb"},"inLanguage":"fr-FR","potentialAction":[{"@type":"ReadAction","target":["https:\/\/www.teachonmars.com\/fr\/case-study-la-prairie\/"]}]},{"@type":"ImageObject","inLanguage":"fr-FR","@id":"https:\/\/www.teachonmars.com\/fr\/case-study-la-prairie\/#primaryimage","url":"https:\/\/www.teachonmars.com\/wp-content\/uploads\/2025\/04\/La-Prairi-Logo-500x281-1-300x169.png","contentUrl":"https:\/\/www.teachonmars.com\/wp-content\/uploads\/2025\/04\/La-Prairi-Logo-500x281-1-300x169.png"},{"@type":"BreadcrumbList","@id":"https:\/\/www.teachonmars.com\/fr\/case-study-la-prairie\/#breadcrumb","itemListElement":[{"@type":"ListItem","position":1,"name":"Accueil","item":"https:\/\/www.teachonmars.com\/fr\/"},{"@type":"ListItem","position":2,"name":"Case Study LA PRAIRIE"}]},{"@type":"WebSite","@id":"https:\/\/www.teachonmars.com\/fr\/#website","url":"https:\/\/www.teachonmars.com\/fr\/","name":"Teach on Mars","description":"More Learning Moments. Better Future.","publisher":{"@id":"https:\/\/www.teachonmars.com\/fr\/#organization"},"potentialAction":[{"@type":"SearchAction","target":{"@type":"EntryPoint","urlTemplate":"https:\/\/www.teachonmars.com\/fr\/?s={search_term_string}"},"query-input":{"@type":"PropertyValueSpecification","valueRequired":true,"valueName":"search_term_string"}}],"inLanguage":"fr-FR"},{"@type":"Organization","@id":"https:\/\/www.teachonmars.com\/fr\/#organization","name":"Teach on Mars","url":"https:\/\/www.teachonmars.com\/fr\/","logo":{"@type":"ImageObject","inLanguage":"fr-FR","@id":"https:\/\/www.teachonmars.com\/fr\/#\/schema\/logo\/image\/","url":"https:\/\/www.teachonmars.com\/wp-content\/uploads\/2024\/04\/logo-Teach-on-march-by-lumapps-1.png","contentUrl":"https:\/\/www.teachonmars.com\/wp-content\/uploads\/2024\/04\/logo-Teach-on-march-by-lumapps-1.png","width":1052,"height":194,"caption":"Teach on Mars"},"image":{"@id":"https:\/\/www.teachonmars.com\/fr\/#\/schema\/logo\/image\/"},"sameAs":["https:\/\/www.facebook.com\/teachonmars.fr\/","https:\/\/x.com\/TeachonMarsfr","https:\/\/www.linkedin.com\/company\/teach-on-mars\/"]}]}},"_links":{"self":[{"href":"https:\/\/www.teachonmars.com\/fr\/wp-json\/wp\/v2\/pages\/44498","targetHints":{"allow":["GET"]}}],"collection":[{"href":"https:\/\/www.teachonmars.com\/fr\/wp-json\/wp\/v2\/pages"}],"about":[{"href":"https:\/\/www.teachonmars.com\/fr\/wp-json\/wp\/v2\/types\/page"}],"author":[{"embeddable":true,"href":"https:\/\/www.teachonmars.com\/fr\/wp-json\/wp\/v2\/users\/55"}],"replies":[{"embeddable":true,"href":"https:\/\/www.teachonmars.com\/fr\/wp-json\/wp\/v2\/comments?post=44498"}],"version-history":[{"count":0,"href":"https:\/\/www.teachonmars.com\/fr\/wp-json\/wp\/v2\/pages\/44498\/revisions"}],"wp:attachment":[{"href":"https:\/\/www.teachonmars.com\/fr\/wp-json\/wp\/v2\/media?parent=44498"}],"curies":[{"name":"wp","href":"https:\/\/api.w.org\/{rel}","templated":true}]}}