{"id":43212,"date":"2024-11-13T10:48:05","date_gmt":"2024-11-13T09:48:05","guid":{"rendered":"https:\/\/www.teachonmars.com\/?page_id=43212"},"modified":"2024-11-13T13:50:14","modified_gmt":"2024-11-13T12:50:14","slug":"thank-you-replay-la-conception-durable-creer-ou-recycler","status":"publish","type":"page","link":"https:\/\/www.teachonmars.com\/fr\/thank-you-replay-la-conception-durable-creer-ou-recycler\/","title":{"rendered":"LA CONCEPTION DURABLE : CR\u00c9ER OU RECYCLER ?"},"content":{"rendered":"<p>[et_pb_section fb_built=\u00a0\u00bb1&Prime; admin_label=\u00a0\u00bbSection Headline\u00a0\u00bb module_id=\u00a0\u00bblp-section-1&Prime; _builder_version=\u00a0\u00bb4.24.3&Prime; _module_preset=\u00a0\u00bbdefault\u00a0\u00bb background_color=\u00a0\u00bbRGBA(255,255,255,0)\u00a0\u00bb background_image=\u00a0\u00bbhttps:\/\/www.teachonmars.com\/wp-content\/uploads\/2024\/11\/concevoir-durable-creer-ou-recycler-1.png\u00a0\u00bb background_position=\u00a0\u00bbbottom_center\u00a0\u00bb background_blend=\u00a0\u00bbdarken\u00a0\u00bb custom_padding=\u00a0\u00bb0px||283px||false|false\u00a0\u00bb hover_enabled=\u00a0\u00bb0&Prime; custom_css_main_element=\u00a0\u00bbdisplay: flex; \/* contexte sur le parent *\/||flex-direction: column; \/* direction d&rsquo;affichage verticale *\/||justify-content: center; \/* alignement vertical *\/\u00a0\u00bb locked=\u00a0\u00bboff\u00a0\u00bb global_colors_info=\u00a0\u00bb{}\u00a0\u00bb theme_builder_area=\u00a0\u00bbpost_content\u00a0\u00bb title_text=\u00a0\u00bbconcevoir-durable-cre\u0301er-ou-recycler (1)\u00a0\u00bb min_height=\u00a0\u00bb116px\u00a0\u00bb height=\u00a0\u00bb219px\u00a0\u00bb background_vertical_offset=\u00a0\u00bb56%\u00a0\u00bb sticky_enabled=\u00a0\u00bb0&Prime;][\/et_pb_section][et_pb_section fb_built=\u00a0\u00bb1&Prime; theme_builder_area=\u00a0\u00bbpost_content\u00a0\u00bb _builder_version=\u00a0\u00bb4.24.3&Prime; _module_preset=\u00a0\u00bbdefault\u00a0\u00bb][et_pb_row _builder_version=\u00a0\u00bb4.24.3&Prime; _module_preset=\u00a0\u00bbdefault\u00a0\u00bb theme_builder_area=\u00a0\u00bbpost_content\u00a0\u00bb][et_pb_column _builder_version=\u00a0\u00bb4.24.3&Prime; _module_preset=\u00a0\u00bbdefault\u00a0\u00bb type=\u00a0\u00bb4_4&Prime; theme_builder_area=\u00a0\u00bbpost_content\u00a0\u00bb][et_pb_text _builder_version=\u00a0\u00bb4.24.3&Prime; _module_preset=\u00a0\u00bbdefault\u00a0\u00bb theme_builder_area=\u00a0\u00bbpost_content\u00a0\u00bb hover_enabled=\u00a0\u00bb0&Prime; sticky_enabled=\u00a0\u00bb0&Prime;]<\/p>\n<div class=\"row-fluid-wrapper row-depth-1 row-number-3 dnd-row\">\n<div class=\"row-fluid \">\n<div class=\"span12 widget-span widget-type-custom_widget dnd-module\" data-widget-type=\"custom_widget\" data-x=\"0\" data-w=\"12\">\n<div id=\"hs_cos_wrapper_widget_1607025143213\" class=\"hs_cos_wrapper hs_cos_wrapper_widget hs_cos_wrapper_type_module widget-type-header\" data-hs-cos-general-type=\"widget\" data-hs-cos-type=\"module\">\n<h1>LA CONCEPTION DURABLE : CR\u00c9ER OU RECYCLER ?<\/h1>\n<\/div>\n<\/div>\n<\/div>\n<\/div>\n<div class=\"row-fluid-wrapper row-depth-1 row-number-4 dnd-row\">\n<div class=\"row-fluid \">\n<div class=\"span12 widget-span widget-type-custom_widget dnd-module\" data-widget-type=\"custom_widget\" data-x=\"0\" data-w=\"12\">\n<div id=\"hs_cos_wrapper_widget_1607026563541\" class=\"hs_cos_wrapper hs_cos_wrapper_widget hs_cos_wrapper_type_module widget-type-rich_text\" data-hs-cos-general-type=\"widget\" data-hs-cos-type=\"module\">\n<h2><span style=\"color: #e10600; font-size: large;\">VISIONNEZ LE REPLAY DE la conf\u00e9rence\u00a0<\/span><\/h2>\n<\/div>\n<\/div>\n<\/div>\n<\/div>\n<p>[\/et_pb_text][\/et_pb_column][\/et_pb_row][\/et_pb_section][et_pb_section fb_built=\u00a0\u00bb1&Prime; theme_builder_area=\u00a0\u00bbpost_content\u00a0\u00bb _builder_version=\u00a0\u00bb4.24.3&Prime; _module_preset=\u00a0\u00bbdefault\u00a0\u00bb custom_padding=\u00a0\u00bb0px||||false|false\u00a0\u00bb custom_margin=\u00a0\u00bb-18px||||false|false\u00a0\u00bb hover_enabled=\u00a0\u00bb0&Prime; sticky_enabled=\u00a0\u00bb0&Prime;][et_pb_row _builder_version=\u00a0\u00bb4.24.3&Prime; _module_preset=\u00a0\u00bbdefault\u00a0\u00bb theme_builder_area=\u00a0\u00bbpost_content\u00a0\u00bb custom_padding=\u00a0\u00bb0px||0px||true|false\u00a0\u00bb hover_enabled=\u00a0\u00bb0&Prime; sticky_enabled=\u00a0\u00bb0&Prime;][et_pb_column _builder_version=\u00a0\u00bb4.24.3&Prime; _module_preset=\u00a0\u00bbdefault\u00a0\u00bb type=\u00a0\u00bb4_4&Prime; theme_builder_area=\u00a0\u00bbpost_content\u00a0\u00bb][et_pb_video _builder_version=\u00a0\u00bb4.24.3&Prime; _module_preset=\u00a0\u00bbdefault\u00a0\u00bb theme_builder_area=\u00a0\u00bbpost_content\u00a0\u00bb title_text=\u00a0\u00bbReplay 15 mars-1&Prime; src_webm=\u00a0\u00bbhttps:\/\/www.teachonmars.com\/wp-content\/uploads\/2024\/11\/Replay-15-mars-1.mp4&Prime; hover_enabled=\u00a0\u00bb0&Prime; sticky_enabled=\u00a0\u00bb0&Prime;][\/et_pb_video][\/et_pb_column][\/et_pb_row][\/et_pb_section]<\/p>\n","protected":false},"excerpt":{"rendered":"<p>LA CONCEPTION DURABLE : CR\u00c9ER OU RECYCLER ? VISIONNEZ LE REPLAY DE la conf\u00e9rence\u00a0<\/p>\n","protected":false},"author":70,"featured_media":0,"parent":0,"menu_order":0,"comment_status":"closed","ping_status":"closed","template":"","meta":{"_et_pb_use_builder":"on","_et_pb_old_content":"","_et_gb_content_width":"","footnotes":""},"class_list":["post-43212","page","type-page","status-publish","hentry"],"yoast_head":"<!-- This site is optimized with the Yoast SEO Premium plugin v22.6 (Yoast SEO v27.3) - https:\/\/yoast.com\/product\/yoast-seo-premium-wordpress\/ -->\n<title>LA CONCEPTION DURABLE : CR\u00c9ER OU RECYCLER ? - Teach on Mars<\/title>\n<meta name=\"robots\" content=\"index, follow, max-snippet:-1, max-image-preview:large, max-video-preview:-1\" \/>\n<link rel=\"canonical\" href=\"https:\/\/www.teachonmars.com\/fr\/thank-you-replay-la-conception-durable-creer-ou-recycler\/\" \/>\n<meta property=\"og:locale\" content=\"fr_FR\" \/>\n<meta property=\"og:type\" content=\"article\" \/>\n<meta property=\"og:title\" content=\"LA CONCEPTION DURABLE : CR\u00c9ER OU RECYCLER ?\" \/>\n<meta property=\"og:description\" content=\"LA CONCEPTION DURABLE : CR\u00c9ER OU RECYCLER ? VISIONNEZ LE REPLAY DE la conf\u00e9rence\u00a0\" \/>\n<meta property=\"og:url\" content=\"https:\/\/www.teachonmars.com\/fr\/thank-you-replay-la-conception-durable-creer-ou-recycler\/\" \/>\n<meta property=\"og:site_name\" content=\"Teach on Mars\" \/>\n<meta property=\"article:publisher\" content=\"https:\/\/www.facebook.com\/teachonmars.fr\/\" \/>\n<meta property=\"article:modified_time\" content=\"2024-11-13T12:50:14+00:00\" \/>\n<meta name=\"twitter:card\" content=\"summary_large_image\" \/>\n<meta name=\"twitter:site\" content=\"@TeachonMarsfr\" \/>\n<meta name=\"twitter:label1\" content=\"Dur\u00e9e de lecture estim\u00e9e\" \/>\n\t<meta name=\"twitter:data1\" content=\"1 minute\" \/>\n<script type=\"application\/ld+json\" class=\"yoast-schema-graph\">{\"@context\":\"https:\\\/\\\/schema.org\",\"@graph\":[{\"@type\":\"WebPage\",\"@id\":\"https:\\\/\\\/www.teachonmars.com\\\/fr\\\/thank-you-replay-la-conception-durable-creer-ou-recycler\\\/\",\"url\":\"https:\\\/\\\/www.teachonmars.com\\\/fr\\\/thank-you-replay-la-conception-durable-creer-ou-recycler\\\/\",\"name\":\"LA CONCEPTION DURABLE : CR\u00c9ER OU RECYCLER ? - Teach on Mars\",\"isPartOf\":{\"@id\":\"https:\\\/\\\/www.teachonmars.com\\\/fr\\\/#website\"},\"datePublished\":\"2024-11-13T09:48:05+00:00\",\"dateModified\":\"2024-11-13T12:50:14+00:00\",\"breadcrumb\":{\"@id\":\"https:\\\/\\\/www.teachonmars.com\\\/fr\\\/thank-you-replay-la-conception-durable-creer-ou-recycler\\\/#breadcrumb\"},\"inLanguage\":\"fr-FR\",\"potentialAction\":[{\"@type\":\"ReadAction\",\"target\":[\"https:\\\/\\\/www.teachonmars.com\\\/fr\\\/thank-you-replay-la-conception-durable-creer-ou-recycler\\\/\"]}]},{\"@type\":\"BreadcrumbList\",\"@id\":\"https:\\\/\\\/www.teachonmars.com\\\/fr\\\/thank-you-replay-la-conception-durable-creer-ou-recycler\\\/#breadcrumb\",\"itemListElement\":[{\"@type\":\"ListItem\",\"position\":1,\"name\":\"Accueil\",\"item\":\"https:\\\/\\\/www.teachonmars.com\\\/fr\\\/\"},{\"@type\":\"ListItem\",\"position\":2,\"name\":\"LA CONCEPTION DURABLE : CR\u00c9ER OU RECYCLER ?\"}]},{\"@type\":\"WebSite\",\"@id\":\"https:\\\/\\\/www.teachonmars.com\\\/fr\\\/#website\",\"url\":\"https:\\\/\\\/www.teachonmars.com\\\/fr\\\/\",\"name\":\"Teach on Mars\",\"description\":\"More Learning Moments. Better Future.\",\"publisher\":{\"@id\":\"https:\\\/\\\/www.teachonmars.com\\\/fr\\\/#organization\"},\"potentialAction\":[{\"@type\":\"SearchAction\",\"target\":{\"@type\":\"EntryPoint\",\"urlTemplate\":\"https:\\\/\\\/www.teachonmars.com\\\/fr\\\/?s={search_term_string}\"},\"query-input\":{\"@type\":\"PropertyValueSpecification\",\"valueRequired\":true,\"valueName\":\"search_term_string\"}}],\"inLanguage\":\"fr-FR\"},{\"@type\":\"Organization\",\"@id\":\"https:\\\/\\\/www.teachonmars.com\\\/fr\\\/#organization\",\"name\":\"Teach on Mars\",\"url\":\"https:\\\/\\\/www.teachonmars.com\\\/fr\\\/\",\"logo\":{\"@type\":\"ImageObject\",\"inLanguage\":\"fr-FR\",\"@id\":\"https:\\\/\\\/www.teachonmars.com\\\/fr\\\/#\\\/schema\\\/logo\\\/image\\\/\",\"url\":\"https:\\\/\\\/www.teachonmars.com\\\/wp-content\\\/uploads\\\/2024\\\/04\\\/logo-Teach-on-march-by-lumapps-1.png\",\"contentUrl\":\"https:\\\/\\\/www.teachonmars.com\\\/wp-content\\\/uploads\\\/2024\\\/04\\\/logo-Teach-on-march-by-lumapps-1.png\",\"width\":1052,\"height\":194,\"caption\":\"Teach on Mars\"},\"image\":{\"@id\":\"https:\\\/\\\/www.teachonmars.com\\\/fr\\\/#\\\/schema\\\/logo\\\/image\\\/\"},\"sameAs\":[\"https:\\\/\\\/www.facebook.com\\\/teachonmars.fr\\\/\",\"https:\\\/\\\/x.com\\\/TeachonMarsfr\",\"https:\\\/\\\/www.linkedin.com\\\/company\\\/teach-on-mars\\\/\"]}]}<\/script>\n<!-- \/ Yoast SEO Premium plugin. -->","yoast_head_json":{"title":"LA CONCEPTION DURABLE : CR\u00c9ER OU RECYCLER ? - Teach on Mars","robots":{"index":"index","follow":"follow","max-snippet":"max-snippet:-1","max-image-preview":"max-image-preview:large","max-video-preview":"max-video-preview:-1"},"canonical":"https:\/\/www.teachonmars.com\/fr\/thank-you-replay-la-conception-durable-creer-ou-recycler\/","og_locale":"fr_FR","og_type":"article","og_title":"LA CONCEPTION DURABLE : CR\u00c9ER OU RECYCLER ?","og_description":"LA CONCEPTION DURABLE : CR\u00c9ER OU RECYCLER ? VISIONNEZ LE REPLAY DE la conf\u00e9rence\u00a0","og_url":"https:\/\/www.teachonmars.com\/fr\/thank-you-replay-la-conception-durable-creer-ou-recycler\/","og_site_name":"Teach on Mars","article_publisher":"https:\/\/www.facebook.com\/teachonmars.fr\/","article_modified_time":"2024-11-13T12:50:14+00:00","twitter_card":"summary_large_image","twitter_site":"@TeachonMarsfr","twitter_misc":{"Dur\u00e9e de lecture estim\u00e9e":"1 minute"},"schema":{"@context":"https:\/\/schema.org","@graph":[{"@type":"WebPage","@id":"https:\/\/www.teachonmars.com\/fr\/thank-you-replay-la-conception-durable-creer-ou-recycler\/","url":"https:\/\/www.teachonmars.com\/fr\/thank-you-replay-la-conception-durable-creer-ou-recycler\/","name":"LA CONCEPTION DURABLE : CR\u00c9ER OU RECYCLER ? - Teach on Mars","isPartOf":{"@id":"https:\/\/www.teachonmars.com\/fr\/#website"},"datePublished":"2024-11-13T09:48:05+00:00","dateModified":"2024-11-13T12:50:14+00:00","breadcrumb":{"@id":"https:\/\/www.teachonmars.com\/fr\/thank-you-replay-la-conception-durable-creer-ou-recycler\/#breadcrumb"},"inLanguage":"fr-FR","potentialAction":[{"@type":"ReadAction","target":["https:\/\/www.teachonmars.com\/fr\/thank-you-replay-la-conception-durable-creer-ou-recycler\/"]}]},{"@type":"BreadcrumbList","@id":"https:\/\/www.teachonmars.com\/fr\/thank-you-replay-la-conception-durable-creer-ou-recycler\/#breadcrumb","itemListElement":[{"@type":"ListItem","position":1,"name":"Accueil","item":"https:\/\/www.teachonmars.com\/fr\/"},{"@type":"ListItem","position":2,"name":"LA CONCEPTION DURABLE : CR\u00c9ER OU RECYCLER ?"}]},{"@type":"WebSite","@id":"https:\/\/www.teachonmars.com\/fr\/#website","url":"https:\/\/www.teachonmars.com\/fr\/","name":"Teach on Mars","description":"More Learning Moments. Better Future.","publisher":{"@id":"https:\/\/www.teachonmars.com\/fr\/#organization"},"potentialAction":[{"@type":"SearchAction","target":{"@type":"EntryPoint","urlTemplate":"https:\/\/www.teachonmars.com\/fr\/?s={search_term_string}"},"query-input":{"@type":"PropertyValueSpecification","valueRequired":true,"valueName":"search_term_string"}}],"inLanguage":"fr-FR"},{"@type":"Organization","@id":"https:\/\/www.teachonmars.com\/fr\/#organization","name":"Teach on Mars","url":"https:\/\/www.teachonmars.com\/fr\/","logo":{"@type":"ImageObject","inLanguage":"fr-FR","@id":"https:\/\/www.teachonmars.com\/fr\/#\/schema\/logo\/image\/","url":"https:\/\/www.teachonmars.com\/wp-content\/uploads\/2024\/04\/logo-Teach-on-march-by-lumapps-1.png","contentUrl":"https:\/\/www.teachonmars.com\/wp-content\/uploads\/2024\/04\/logo-Teach-on-march-by-lumapps-1.png","width":1052,"height":194,"caption":"Teach on Mars"},"image":{"@id":"https:\/\/www.teachonmars.com\/fr\/#\/schema\/logo\/image\/"},"sameAs":["https:\/\/www.facebook.com\/teachonmars.fr\/","https:\/\/x.com\/TeachonMarsfr","https:\/\/www.linkedin.com\/company\/teach-on-mars\/"]}]}},"_links":{"self":[{"href":"https:\/\/www.teachonmars.com\/fr\/wp-json\/wp\/v2\/pages\/43212","targetHints":{"allow":["GET"]}}],"collection":[{"href":"https:\/\/www.teachonmars.com\/fr\/wp-json\/wp\/v2\/pages"}],"about":[{"href":"https:\/\/www.teachonmars.com\/fr\/wp-json\/wp\/v2\/types\/page"}],"author":[{"embeddable":true,"href":"https:\/\/www.teachonmars.com\/fr\/wp-json\/wp\/v2\/users\/70"}],"replies":[{"embeddable":true,"href":"https:\/\/www.teachonmars.com\/fr\/wp-json\/wp\/v2\/comments?post=43212"}],"version-history":[{"count":0,"href":"https:\/\/www.teachonmars.com\/fr\/wp-json\/wp\/v2\/pages\/43212\/revisions"}],"wp:attachment":[{"href":"https:\/\/www.teachonmars.com\/fr\/wp-json\/wp\/v2\/media?parent=43212"}],"curies":[{"name":"wp","href":"https:\/\/api.w.org\/{rel}","templated":true}]}}