{"id":43087,"date":"2024-11-12T12:00:43","date_gmt":"2024-11-12T11:00:43","guid":{"rendered":"https:\/\/www.teachonmars.com\/?page_id=43087"},"modified":"2024-11-13T13:43:12","modified_gmt":"2024-11-13T12:43:12","slug":"thank-you-webinar-cybersecurite-mobile-learning","status":"publish","type":"page","link":"https:\/\/www.teachonmars.com\/fr\/thank-you-webinar-cybersecurite-mobile-learning\/","title":{"rendered":"LE MOBILE LEARNING, UN FACTEUR D\u2019ENGAGEMENT : L\u2019EXEMPLE D\u2019UNE FORMATION CYBERS\u00c9CURIT\u00c9"},"content":{"rendered":"<p>[et_pb_section fb_built=\u00a0\u00bb1&Prime; _builder_version=\u00a0\u00bb4.24.3&Prime; _module_preset=\u00a0\u00bbdefault\u00a0\u00bb global_colors_info=\u00a0\u00bb{}\u00a0\u00bb][et_pb_row _builder_version=\u00a0\u00bb4.24.3&Prime; _module_preset=\u00a0\u00bbdefault\u00a0\u00bb global_colors_info=\u00a0\u00bb{}\u00a0\u00bb][et_pb_column type=\u00a0\u00bb4_4&Prime; _builder_version=\u00a0\u00bb4.24.3&Prime; _module_preset=\u00a0\u00bbdefault\u00a0\u00bb global_colors_info=\u00a0\u00bb{}\u00a0\u00bb][et_pb_text _builder_version=\u00a0\u00bb4.24.3&Prime; _module_preset=\u00a0\u00bbdefault\u00a0\u00bb text_text_color=\u00a0\u00bb#000000&Prime; header_2_text_color=\u00a0\u00bb#E10600&Prime; global_colors_info=\u00a0\u00bb{}\u00a0\u00bb]<\/p>\n<div class=\"row-fluid-wrapper row-depth-1 row-number-2 dnd-row\">\n<div class=\"row-fluid \">\n<div class=\"span12 widget-span widget-type-custom_widget dnd-module\" data-widget-type=\"custom_widget\" data-x=\"0\" data-w=\"12\">\n<div id=\"hs_cos_wrapper_widget_1607025143213\" class=\"hs_cos_wrapper hs_cos_wrapper_widget hs_cos_wrapper_type_module widget-type-header\" data-hs-cos-general-type=\"widget\" data-hs-cos-type=\"module\">\n<h1>LE MOBILE LEARNING, UN FACTEUR D\u2019ENGAGEMENT : L\u2019EXEMPLE D\u2019UNE FORMATION CYBERS\u00c9CURIT\u00c9<\/h1>\n<p>&nbsp;<\/p>\n<\/div>\n<\/div>\n<\/div>\n<\/div>\n<div class=\"row-fluid-wrapper row-depth-1 row-number-3 dnd-row\">\n<div class=\"row-fluid \">\n<div class=\"span12 widget-span widget-type-custom_widget dnd-module\" data-widget-type=\"custom_widget\" data-x=\"0\" data-w=\"12\">\n<div id=\"hs_cos_wrapper_widget_1607026563541\" class=\"hs_cos_wrapper hs_cos_wrapper_widget hs_cos_wrapper_type_module widget-type-rich_text\" data-hs-cos-general-type=\"widget\" data-hs-cos-type=\"module\">\n<h2>Le d\u00e9roul\u00e9 de votre webinaire :<\/h2>\n<p><span>Le mobile learning s&rsquo;appuie sur plusieurs leviers pour engager sa population apprenante. Des mod\u00e8les de conception favorisant l&rsquo;ancrage \u00e0 la gamification, la recette p\u00e9dagogique du mlearning a beaucoup \u00e0 vous apporter.<\/span><\/p>\n<p><span>Alors que Julien vous donne toutes les billes pour engager au mieux vos apprenants, Phosforea vous donne un exemple concret de mise en application : la sensibilisation \u00e0 la cybers\u00e9curit\u00e9.<\/span><\/p>\n<p><span>Quels sont les enjeux d\u2019une sensibilisation efficace \u00e0 la cybers\u00e9curit\u00e9 ? Comment le mobile learning permet de le traiter plus efficacement ? C&rsquo;est \u00e0 vous de le d\u00e9couvrir en visionnant notre webinaire !<\/span><\/p>\n<ol>\n<li style=\"list-style-type: none;\">\n<ol>\n<li>Sensibiliser \u00e0 la cybers\u00e9curit\u00e9, c&rsquo;est avant tout d\u00e9velopper une<span>\u00a0<\/span><strong>culture digitale commune<\/strong><span>\u00a0<\/span>!<\/li>\n<li>Le mobile learning,<span>\u00a0<\/span><strong>un facteur d&rsquo;engagement<\/strong><span>\u00a0<\/span>face aux probl\u00e9matiques m\u00e9tiers comme la cybers\u00e9curit\u00e9.<\/li>\n<li><strong>Les cl\u00e9s pour r\u00e9ussir<\/strong><span>\u00a0<\/span>une sensibilisation : l&rsquo;exemple de la cybers\u00e9curit\u00e9.<\/li>\n<\/ol>\n<\/li>\n<\/ol>\n<\/div>\n<\/div>\n<\/div>\n<\/div>\n<p>[\/et_pb_text][\/et_pb_column][\/et_pb_row][\/et_pb_section][et_pb_section fb_built=\u00a0\u00bb1&Prime; _builder_version=\u00a0\u00bb4.24.3&Prime; _module_preset=\u00a0\u00bbdefault\u00a0\u00bb global_colors_info=\u00a0\u00bb{}\u00a0\u00bb][et_pb_row _builder_version=\u00a0\u00bb4.24.3&Prime; _module_preset=\u00a0\u00bbdefault\u00a0\u00bb global_colors_info=\u00a0\u00bb{}\u00a0\u00bb][et_pb_column type=\u00a0\u00bb4_4&Prime; _builder_version=\u00a0\u00bb4.24.3&Prime; _module_preset=\u00a0\u00bbdefault\u00a0\u00bb global_colors_info=\u00a0\u00bb{}\u00a0\u00bb][et_pb_video src_webm=\u00a0\u00bbhttps:\/\/www.teachonmars.com\/wp-content\/uploads\/2024\/11\/20201105_webinaire_fr_cybersecurite_Phosforea_JLL.mp4&Prime; _builder_version=\u00a0\u00bb4.24.3&Prime; _module_preset=\u00a0\u00bbdefault\u00a0\u00bb global_colors_info=\u00a0\u00bb{}\u00a0\u00bb][\/et_pb_video][\/et_pb_column][\/et_pb_row][\/et_pb_section][et_pb_section fb_built=\u00a0\u00bb1&Prime; _builder_version=\u00a0\u00bb4.24.3&Prime; _module_preset=\u00a0\u00bbdefault\u00a0\u00bb global_colors_info=\u00a0\u00bb{}\u00a0\u00bb][et_pb_row _builder_version=\u00a0\u00bb4.24.3&Prime; _module_preset=\u00a0\u00bbdefault\u00a0\u00bb global_colors_info=\u00a0\u00bb{}\u00a0\u00bb custom_padding=\u00a0\u00bb||27px|||\u00a0\u00bb][et_pb_column type=\u00a0\u00bb4_4&Prime; _builder_version=\u00a0\u00bb4.24.3&Prime; _module_preset=\u00a0\u00bbdefault\u00a0\u00bb global_colors_info=\u00a0\u00bb{}\u00a0\u00bb][et_pb_text _builder_version=\u00a0\u00bb4.24.3&Prime; _module_preset=\u00a0\u00bbdefault\u00a0\u00bb text_font=\u00a0\u00bb||||||||\u00a0\u00bb text_text_color=\u00a0\u00bb#000000&Prime; text_font_size=\u00a0\u00bb43px\u00a0\u00bb header_2_text_color=\u00a0\u00bb#E10600&Prime; header_6_font_size=\u00a0\u00bb12px\u00a0\u00bb hover_enabled=\u00a0\u00bb0&Prime; global_colors_info=\u00a0\u00bb{}\u00a0\u00bb sticky_enabled=\u00a0\u00bb0&Prime; inline_fonts=\u00a0\u00bbABeeZee\u00a0\u00bb text_line_height=\u00a0\u00bb0.7em\u00a0\u00bb custom_padding=\u00a0\u00bb||0px|||\u00a0\u00bb]<\/p>\n<div class=\"row-fluid-wrapper row-depth-1 row-number-2 dnd-row\">\n<div class=\"row-fluid \">\n<div class=\"span12 widget-span widget-type-custom_widget dnd-module\" data-widget-type=\"custom_widget\" data-x=\"0\" data-w=\"12\">\n<div id=\"hs_cos_wrapper_widget_1607025143213\" class=\"hs_cos_wrapper hs_cos_wrapper_widget hs_cos_wrapper_type_module widget-type-header\" data-hs-cos-general-type=\"widget\" data-hs-cos-type=\"module\">\n<h2>Ce webinaire vous a plu ?<\/h2>\n<p><span style=\"font-size: x-large; font-family: ABeeZee; font-weight: normal;\"><span style=\"font-size: large;\">Vous avez envie d&rsquo;en savoir plus sur ce sujet ? Pour d\u00e9couvrir Teach on Mars, la solution utilis\u00e9e dans les exemples de ce webinaire, rendez-vous sur\u00a0<a href=\"http:\/\/www.teachonmars.com\/\">www.teachonmars.com<\/a>\u00a0ou demandez simplement une d\u00e9monstration en cliquant sur le bouton ci-dessous<\/span>. <\/span><\/p>\n<\/div>\n<\/div>\n<\/div>\n<\/div>\n<p>[\/et_pb_text][\/et_pb_column][\/et_pb_row][et_pb_row _builder_version=\u00a0\u00bb4.24.3&Prime; _module_preset=\u00a0\u00bbdefault\u00a0\u00bb][et_pb_column _builder_version=\u00a0\u00bb4.24.3&Prime; _module_preset=\u00a0\u00bbdefault\u00a0\u00bb type=\u00a0\u00bb4_4&Prime;][et_pb_button button_text=\u00a0\u00bbDemander une d\u00e9mo\u00a0\u00bb _builder_version=\u00a0\u00bb4.24.3&Prime; _module_preset=\u00a0\u00bbdefault\u00a0\u00bb button_alignment=\u00a0\u00bbcenter\u00a0\u00bb button_url=\u00a0\u00bbhttps:\/\/www.teachonmars.com\/fr\/learning-management-system\/?hsCtaTracking=ace8482c-2794-4029-bc98-6d6662c287cd%7C42d7fd43-9728-4cd1-92d4-4ebdab0e8af5#demandedemo\u00a0\u00bb hover_enabled=\u00a0\u00bb0&Prime; sticky_enabled=\u00a0\u00bb0&Prime;][\/et_pb_button][\/et_pb_column][\/et_pb_row][\/et_pb_section]<\/p>\n","protected":false},"excerpt":{"rendered":"<p>LE MOBILE LEARNING, UN FACTEUR D\u2019ENGAGEMENT : L\u2019EXEMPLE D\u2019UNE FORMATION CYBERS\u00c9CURIT\u00c9 &nbsp; Le d\u00e9roul\u00e9 de votre webinaire : Le mobile learning s&rsquo;appuie sur plusieurs leviers pour engager sa population apprenante. Des mod\u00e8les de conception favorisant l&rsquo;ancrage \u00e0 la gamification, la recette p\u00e9dagogique du mlearning a beaucoup \u00e0 vous apporter. Alors que Julien vous donne toutes [&hellip;]<\/p>\n","protected":false},"author":70,"featured_media":0,"parent":0,"menu_order":0,"comment_status":"closed","ping_status":"closed","template":"","meta":{"_et_pb_use_builder":"on","_et_pb_old_content":"","_et_gb_content_width":"","footnotes":""},"class_list":["post-43087","page","type-page","status-publish","hentry"],"yoast_head":"<!-- This site is optimized with the Yoast SEO Premium plugin v22.6 (Yoast SEO v27.3) - https:\/\/yoast.com\/product\/yoast-seo-premium-wordpress\/ -->\n<title>Le mobile learning : exemple d&#039;une formation cybers\u00e9curit\u00e9<\/title>\n<meta name=\"description\" content=\"Le mobile learning s&#039;appuie sur plusieurs leviers pour engager sa population apprenante. Des mod\u00e8les de conception ...\" \/>\n<meta name=\"robots\" content=\"index, follow, max-snippet:-1, max-image-preview:large, max-video-preview:-1\" \/>\n<link rel=\"canonical\" href=\"https:\/\/www.teachonmars.com\/fr\/thank-you-webinar-cybersecurite-mobile-learning\/\" \/>\n<meta property=\"og:locale\" content=\"fr_FR\" \/>\n<meta property=\"og:type\" content=\"article\" \/>\n<meta property=\"og:title\" content=\"LE MOBILE LEARNING, UN FACTEUR D\u2019ENGAGEMENT : L\u2019EXEMPLE D\u2019UNE FORMATION CYBERS\u00c9CURIT\u00c9\" \/>\n<meta property=\"og:description\" content=\"Le mobile learning s&#039;appuie sur plusieurs leviers pour engager sa population apprenante. Des mod\u00e8les de conception ...\" \/>\n<meta property=\"og:url\" content=\"https:\/\/www.teachonmars.com\/fr\/thank-you-webinar-cybersecurite-mobile-learning\/\" \/>\n<meta property=\"og:site_name\" content=\"Teach on Mars\" \/>\n<meta property=\"article:publisher\" content=\"https:\/\/www.facebook.com\/teachonmars.fr\/\" \/>\n<meta property=\"article:modified_time\" content=\"2024-11-13T12:43:12+00:00\" \/>\n<meta name=\"twitter:card\" content=\"summary_large_image\" \/>\n<meta name=\"twitter:site\" content=\"@TeachonMarsfr\" \/>\n<meta name=\"twitter:label1\" content=\"Dur\u00e9e de lecture estim\u00e9e\" \/>\n\t<meta name=\"twitter:data1\" content=\"1 minute\" \/>\n<script type=\"application\/ld+json\" class=\"yoast-schema-graph\">{\"@context\":\"https:\\\/\\\/schema.org\",\"@graph\":[{\"@type\":\"WebPage\",\"@id\":\"https:\\\/\\\/www.teachonmars.com\\\/fr\\\/thank-you-webinar-cybersecurite-mobile-learning\\\/\",\"url\":\"https:\\\/\\\/www.teachonmars.com\\\/fr\\\/thank-you-webinar-cybersecurite-mobile-learning\\\/\",\"name\":\"Le mobile learning : exemple d'une formation cybers\u00e9curit\u00e9\",\"isPartOf\":{\"@id\":\"https:\\\/\\\/www.teachonmars.com\\\/fr\\\/#website\"},\"datePublished\":\"2024-11-12T11:00:43+00:00\",\"dateModified\":\"2024-11-13T12:43:12+00:00\",\"description\":\"Le mobile learning s'appuie sur plusieurs leviers pour engager sa population apprenante. Des mod\u00e8les de conception ...\",\"breadcrumb\":{\"@id\":\"https:\\\/\\\/www.teachonmars.com\\\/fr\\\/thank-you-webinar-cybersecurite-mobile-learning\\\/#breadcrumb\"},\"inLanguage\":\"fr-FR\",\"potentialAction\":[{\"@type\":\"ReadAction\",\"target\":[\"https:\\\/\\\/www.teachonmars.com\\\/fr\\\/thank-you-webinar-cybersecurite-mobile-learning\\\/\"]}]},{\"@type\":\"BreadcrumbList\",\"@id\":\"https:\\\/\\\/www.teachonmars.com\\\/fr\\\/thank-you-webinar-cybersecurite-mobile-learning\\\/#breadcrumb\",\"itemListElement\":[{\"@type\":\"ListItem\",\"position\":1,\"name\":\"Accueil\",\"item\":\"https:\\\/\\\/www.teachonmars.com\\\/fr\\\/\"},{\"@type\":\"ListItem\",\"position\":2,\"name\":\"LE MOBILE LEARNING, UN FACTEUR D\u2019ENGAGEMENT : L\u2019EXEMPLE D\u2019UNE FORMATION CYBERS\u00c9CURIT\u00c9\"}]},{\"@type\":\"WebSite\",\"@id\":\"https:\\\/\\\/www.teachonmars.com\\\/fr\\\/#website\",\"url\":\"https:\\\/\\\/www.teachonmars.com\\\/fr\\\/\",\"name\":\"Teach on Mars\",\"description\":\"More Learning Moments. Better Future.\",\"publisher\":{\"@id\":\"https:\\\/\\\/www.teachonmars.com\\\/fr\\\/#organization\"},\"potentialAction\":[{\"@type\":\"SearchAction\",\"target\":{\"@type\":\"EntryPoint\",\"urlTemplate\":\"https:\\\/\\\/www.teachonmars.com\\\/fr\\\/?s={search_term_string}\"},\"query-input\":{\"@type\":\"PropertyValueSpecification\",\"valueRequired\":true,\"valueName\":\"search_term_string\"}}],\"inLanguage\":\"fr-FR\"},{\"@type\":\"Organization\",\"@id\":\"https:\\\/\\\/www.teachonmars.com\\\/fr\\\/#organization\",\"name\":\"Teach on Mars\",\"url\":\"https:\\\/\\\/www.teachonmars.com\\\/fr\\\/\",\"logo\":{\"@type\":\"ImageObject\",\"inLanguage\":\"fr-FR\",\"@id\":\"https:\\\/\\\/www.teachonmars.com\\\/fr\\\/#\\\/schema\\\/logo\\\/image\\\/\",\"url\":\"https:\\\/\\\/www.teachonmars.com\\\/wp-content\\\/uploads\\\/2024\\\/04\\\/logo-Teach-on-march-by-lumapps-1.png\",\"contentUrl\":\"https:\\\/\\\/www.teachonmars.com\\\/wp-content\\\/uploads\\\/2024\\\/04\\\/logo-Teach-on-march-by-lumapps-1.png\",\"width\":1052,\"height\":194,\"caption\":\"Teach on Mars\"},\"image\":{\"@id\":\"https:\\\/\\\/www.teachonmars.com\\\/fr\\\/#\\\/schema\\\/logo\\\/image\\\/\"},\"sameAs\":[\"https:\\\/\\\/www.facebook.com\\\/teachonmars.fr\\\/\",\"https:\\\/\\\/x.com\\\/TeachonMarsfr\",\"https:\\\/\\\/www.linkedin.com\\\/company\\\/teach-on-mars\\\/\"]}]}<\/script>\n<!-- \/ Yoast SEO Premium plugin. -->","yoast_head_json":{"title":"Le mobile learning : exemple d'une formation cybers\u00e9curit\u00e9","description":"Le mobile learning s'appuie sur plusieurs leviers pour engager sa population apprenante. Des mod\u00e8les de conception ...","robots":{"index":"index","follow":"follow","max-snippet":"max-snippet:-1","max-image-preview":"max-image-preview:large","max-video-preview":"max-video-preview:-1"},"canonical":"https:\/\/www.teachonmars.com\/fr\/thank-you-webinar-cybersecurite-mobile-learning\/","og_locale":"fr_FR","og_type":"article","og_title":"LE MOBILE LEARNING, UN FACTEUR D\u2019ENGAGEMENT : L\u2019EXEMPLE D\u2019UNE FORMATION CYBERS\u00c9CURIT\u00c9","og_description":"Le mobile learning s'appuie sur plusieurs leviers pour engager sa population apprenante. Des mod\u00e8les de conception ...","og_url":"https:\/\/www.teachonmars.com\/fr\/thank-you-webinar-cybersecurite-mobile-learning\/","og_site_name":"Teach on Mars","article_publisher":"https:\/\/www.facebook.com\/teachonmars.fr\/","article_modified_time":"2024-11-13T12:43:12+00:00","twitter_card":"summary_large_image","twitter_site":"@TeachonMarsfr","twitter_misc":{"Dur\u00e9e de lecture estim\u00e9e":"1 minute"},"schema":{"@context":"https:\/\/schema.org","@graph":[{"@type":"WebPage","@id":"https:\/\/www.teachonmars.com\/fr\/thank-you-webinar-cybersecurite-mobile-learning\/","url":"https:\/\/www.teachonmars.com\/fr\/thank-you-webinar-cybersecurite-mobile-learning\/","name":"Le mobile learning : exemple d'une formation cybers\u00e9curit\u00e9","isPartOf":{"@id":"https:\/\/www.teachonmars.com\/fr\/#website"},"datePublished":"2024-11-12T11:00:43+00:00","dateModified":"2024-11-13T12:43:12+00:00","description":"Le mobile learning s'appuie sur plusieurs leviers pour engager sa population apprenante. Des mod\u00e8les de conception ...","breadcrumb":{"@id":"https:\/\/www.teachonmars.com\/fr\/thank-you-webinar-cybersecurite-mobile-learning\/#breadcrumb"},"inLanguage":"fr-FR","potentialAction":[{"@type":"ReadAction","target":["https:\/\/www.teachonmars.com\/fr\/thank-you-webinar-cybersecurite-mobile-learning\/"]}]},{"@type":"BreadcrumbList","@id":"https:\/\/www.teachonmars.com\/fr\/thank-you-webinar-cybersecurite-mobile-learning\/#breadcrumb","itemListElement":[{"@type":"ListItem","position":1,"name":"Accueil","item":"https:\/\/www.teachonmars.com\/fr\/"},{"@type":"ListItem","position":2,"name":"LE MOBILE LEARNING, UN FACTEUR D\u2019ENGAGEMENT : L\u2019EXEMPLE D\u2019UNE FORMATION CYBERS\u00c9CURIT\u00c9"}]},{"@type":"WebSite","@id":"https:\/\/www.teachonmars.com\/fr\/#website","url":"https:\/\/www.teachonmars.com\/fr\/","name":"Teach on Mars","description":"More Learning Moments. Better Future.","publisher":{"@id":"https:\/\/www.teachonmars.com\/fr\/#organization"},"potentialAction":[{"@type":"SearchAction","target":{"@type":"EntryPoint","urlTemplate":"https:\/\/www.teachonmars.com\/fr\/?s={search_term_string}"},"query-input":{"@type":"PropertyValueSpecification","valueRequired":true,"valueName":"search_term_string"}}],"inLanguage":"fr-FR"},{"@type":"Organization","@id":"https:\/\/www.teachonmars.com\/fr\/#organization","name":"Teach on Mars","url":"https:\/\/www.teachonmars.com\/fr\/","logo":{"@type":"ImageObject","inLanguage":"fr-FR","@id":"https:\/\/www.teachonmars.com\/fr\/#\/schema\/logo\/image\/","url":"https:\/\/www.teachonmars.com\/wp-content\/uploads\/2024\/04\/logo-Teach-on-march-by-lumapps-1.png","contentUrl":"https:\/\/www.teachonmars.com\/wp-content\/uploads\/2024\/04\/logo-Teach-on-march-by-lumapps-1.png","width":1052,"height":194,"caption":"Teach on Mars"},"image":{"@id":"https:\/\/www.teachonmars.com\/fr\/#\/schema\/logo\/image\/"},"sameAs":["https:\/\/www.facebook.com\/teachonmars.fr\/","https:\/\/x.com\/TeachonMarsfr","https:\/\/www.linkedin.com\/company\/teach-on-mars\/"]}]}},"_links":{"self":[{"href":"https:\/\/www.teachonmars.com\/fr\/wp-json\/wp\/v2\/pages\/43087","targetHints":{"allow":["GET"]}}],"collection":[{"href":"https:\/\/www.teachonmars.com\/fr\/wp-json\/wp\/v2\/pages"}],"about":[{"href":"https:\/\/www.teachonmars.com\/fr\/wp-json\/wp\/v2\/types\/page"}],"author":[{"embeddable":true,"href":"https:\/\/www.teachonmars.com\/fr\/wp-json\/wp\/v2\/users\/70"}],"replies":[{"embeddable":true,"href":"https:\/\/www.teachonmars.com\/fr\/wp-json\/wp\/v2\/comments?post=43087"}],"version-history":[{"count":0,"href":"https:\/\/www.teachonmars.com\/fr\/wp-json\/wp\/v2\/pages\/43087\/revisions"}],"wp:attachment":[{"href":"https:\/\/www.teachonmars.com\/fr\/wp-json\/wp\/v2\/media?parent=43087"}],"curies":[{"name":"wp","href":"https:\/\/api.w.org\/{rel}","templated":true}]}}