{"id":42407,"date":"2024-10-25T18:14:34","date_gmt":"2024-10-25T16:14:34","guid":{"rendered":"https:\/\/www.teachonmars.com\/?page_id=42407"},"modified":"2024-10-25T18:14:55","modified_gmt":"2024-10-25T16:14:55","slug":"merci-webinar-web-serie-pedagogique-engager-vos-apprenants-sur-la-duree","status":"publish","type":"page","link":"https:\/\/www.teachonmars.com\/fr\/merci-webinar-web-serie-pedagogique-engager-vos-apprenants-sur-la-duree\/","title":{"rendered":"MERCI &#8211; LA WEB-S\u00c9RIE P\u00c9DAGOGIQUE : UN FORMAT POUR ENGAGER VOS APPRENANTS SUR LA DUR\u00c9E"},"content":{"rendered":"<p>[et_pb_section fb_built=\u00a0\u00bb1&Prime; admin_label=\u00a0\u00bbSection Headline\u00a0\u00bb module_id=\u00a0\u00bblp-section-1&Prime; _builder_version=\u00a0\u00bb4.24.3&Prime; _module_preset=\u00a0\u00bbdefault\u00a0\u00bb background_color=\u00a0\u00bbRGBA(255,255,255,0)\u00a0\u00bb background_image=\u00a0\u00bbhttps:\/\/www.teachonmars.com\/wp-content\/uploads\/2024\/08\/blended-learning-1.png\u00a0\u00bb min_height=\u00a0\u00bb257px\u00a0\u00bb custom_padding=\u00a0\u00bb0px||0px||false|false\u00a0\u00bb custom_css_main_element=\u00a0\u00bbdisplay: flex; \/* contexte sur le parent *\/||flex-direction: column; \/* direction d&rsquo;affichage verticale *\/||justify-content: center; \/* alignement vertical *\/\u00a0\u00bb locked=\u00a0\u00bboff\u00a0\u00bb global_colors_info=\u00a0\u00bb{}\u00a0\u00bb theme_builder_area=\u00a0\u00bbpost_content\u00a0\u00bb][et_pb_row _builder_version=\u00a0\u00bb4.24.3&Prime; _module_preset=\u00a0\u00bbdefault\u00a0\u00bb global_colors_info=\u00a0\u00bb{}\u00a0\u00bb theme_builder_area=\u00a0\u00bbpost_content\u00a0\u00bb][et_pb_column type=\u00a0\u00bb4_4&Prime; _builder_version=\u00a0\u00bb4.24.3&Prime; _module_preset=\u00a0\u00bbdefault\u00a0\u00bb global_colors_info=\u00a0\u00bb{}\u00a0\u00bb theme_builder_area=\u00a0\u00bbpost_content\u00a0\u00bb][\/et_pb_column][\/et_pb_row][\/et_pb_section][et_pb_section fb_built=\u00a0\u00bb1&Prime; admin_label=\u00a0\u00bbSection Headline\u00a0\u00bb module_id=\u00a0\u00bblp-section-1&Prime; _builder_version=\u00a0\u00bb4.24.3&Prime; _module_preset=\u00a0\u00bbdefault\u00a0\u00bb background_color=\u00a0\u00bbRGBA(255,255,255,0)\u00a0\u00bb background_enable_image=\u00a0\u00bboff\u00a0\u00bb parallax=\u00a0\u00bbon\u00a0\u00bb custom_padding=\u00a0\u00bb0px||0px||false|false\u00a0\u00bb custom_css_main_element=\u00a0\u00bbdisplay: flex; \/* contexte sur le parent *\/||flex-direction: column; \/* direction d&rsquo;affichage verticale *\/||justify-content: center; \/* alignement vertical *\/\u00a0\u00bb locked=\u00a0\u00bboff\u00a0\u00bb global_colors_info=\u00a0\u00bb{}\u00a0\u00bb theme_builder_area=\u00a0\u00bbpost_content\u00a0\u00bb][et_pb_row use_custom_gutter=\u00a0\u00bbon\u00a0\u00bb gutter_width=\u00a0\u00bb2&Prime; admin_label=\u00a0\u00bbTitre\u00a0\u00bb module_id=\u00a0\u00bbform\u00a0\u00bb _builder_version=\u00a0\u00bb4.24.3&Prime; _module_preset=\u00a0\u00bbdefault\u00a0\u00bb positioning=\u00a0\u00bbnone\u00a0\u00bb position_origin_a=\u00a0\u00bbcenter_center\u00a0\u00bb max_width=\u00a0\u00bb1907px\u00a0\u00bb min_height=\u00a0\u00bb75.1px\u00a0\u00bb custom_margin=\u00a0\u00bb|151px||auto||\u00a0\u00bb custom_padding=\u00a0\u00bb|60px|4px|0px|false|false\u00a0\u00bb scroll_fade_enable=\u00a0\u00bbon\u00a0\u00bb scroll_fade=\u00a0\u00bb0|80|80|100|100%|100|0%\u00a0\u00bb global_colors_info=\u00a0\u00bb{}\u00a0\u00bb theme_builder_area=\u00a0\u00bbpost_content\u00a0\u00bb][et_pb_column type=\u00a0\u00bb4_4&Prime; _builder_version=\u00a0\u00bb4.24.3&Prime; _module_preset=\u00a0\u00bbdefault\u00a0\u00bb custom_css_main_element=\u00a0\u00bbdisplay: flex; \/* contexte sur le parent *\/||flex-direction: column; \/* direction d&rsquo;affichage verticale *\/||justify-content: center; \/* alignement vertical *\/\u00a0\u00bb global_colors_info=\u00a0\u00bb{}\u00a0\u00bb theme_builder_area=\u00a0\u00bbpost_content\u00a0\u00bb][et_pb_text _builder_version=\u00a0\u00bb4.24.3&Prime; _module_preset=\u00a0\u00bbdefault\u00a0\u00bb header_text_color=\u00a0\u00bb#000000&Prime; header_2_text_color=\u00a0\u00bb#000000&Prime; background_layout=\u00a0\u00bbdark\u00a0\u00bb width=\u00a0\u00bb100%\u00a0\u00bb custom_margin=\u00a0\u00bb||9px|||\u00a0\u00bb custom_padding=\u00a0\u00bb|176px||||\u00a0\u00bb text_orientation_tablet=\u00a0\u00bbcenter\u00a0\u00bb text_orientation_phone=\u00a0\u00bb\u00a0\u00bb text_orientation_last_edited=\u00a0\u00bbon|tablet\u00a0\u00bb global_colors_info=\u00a0\u00bb{}\u00a0\u00bb theme_builder_area=\u00a0\u00bbpost_content\u00a0\u00bb]<\/p>\n<div class=\"row-fluid-wrapper row-depth-1 row-number-3 dnd-row\">\n<div class=\"row-fluid \">\n<div class=\"span12 widget-span widget-type-custom_widget dnd-module\" data-widget-type=\"custom_widget\" data-x=\"0\" data-w=\"12\">\n<div id=\"hs_cos_wrapper_widget_1607025143213\" class=\"hs_cos_wrapper hs_cos_wrapper_widget hs_cos_wrapper_type_module widget-type-header\" data-hs-cos-general-type=\"widget\" data-hs-cos-type=\"module\">\n<div class=\"row-fluid-wrapper row-depth-1 row-number-2 dnd-row\">\n<div class=\"row-fluid \">\n<div class=\"span12 widget-span widget-type-custom_widget dnd-module\" data-widget-type=\"custom_widget\" data-x=\"0\" data-w=\"12\">\n<div id=\"hs_cos_wrapper_widget_1607025143213\" class=\"hs_cos_wrapper hs_cos_wrapper_widget hs_cos_wrapper_type_module widget-type-header\" data-hs-cos-general-type=\"widget\" data-hs-cos-type=\"module\">\n<h1>LA WEB-S\u00c9RIE P\u00c9DAGOGIQUE : UN FORMAT POUR ENGAGER VOS APPRENANTS SUR LA DUR\u00c9E<\/h1>\n<\/div>\n<\/div>\n<\/div>\n<\/div>\n<div class=\"row-fluid-wrapper row-depth-1 row-number-3 dnd-row\">\n<div class=\"row-fluid \">\n<div class=\"span12 widget-span widget-type-custom_widget dnd-module\" data-widget-type=\"custom_widget\" data-x=\"0\" data-w=\"12\">\n<div id=\"hs_cos_wrapper_widget_1607025143213\" class=\"hs_cos_wrapper hs_cos_wrapper_widget hs_cos_wrapper_type_module widget-type-header\" data-hs-cos-general-type=\"widget\" data-hs-cos-type=\"module\">\n<h1><span style=\"font-size: x-large; color: #e10600;\">REGARDEZ VOTRE WEBINAIRE!<\/span><\/h1>\n<p><span style=\"font-size: x-large; color: #000000;\"><\/span><\/p>\n<p><span style=\"font-size: x-large; color: #000000;\"><\/span><\/p>\n<\/div>\n<\/div>\n<\/div>\n<\/div>\n<ul>\n<li>\n<p><span style=\"color: #000000;\">Combien de temps par semaine passez-vous \u00e0 regarder des s\u00e9ries ?&#8230; Oui, on sait \u00e7a fait beaucoup, mais rassurez-vous, vous n&rsquo;\u00eates pas seul.e\u00a0\ud83d\ude09<\/span><\/p>\n<p><span style=\"color: #000000;\">Suspens, psychologie des personnages, sc\u00e9nario \u00e0 tiroir, cadence infernale&#8230; Tous les ingr\u00e9dients de ces voleuses de sommeil nous \u00e9patent et nous questionnent :\u00a0et si on utilisait les m\u00eames pour nos conceptions p\u00e9dagogiques !?<\/span><\/p>\n<p><span style=\"color: #000000;\">Nos partenaires de Micropole Learning Solutions devenus LePont n&rsquo;ont pas attendu cela. Depuis plusieurs ann\u00e9es, ils pensent, con\u00e7oivent et sc\u00e9narisent des web-s\u00e9ries p\u00e9dagogiques d\u00e9capantes. Anne vous partage toutes ses bonnes pratiques pour\u00a0faire de vos apprenants de vrais Binge Learners, Tiphaine apporte son expertise pour que\u00a0vos objectifs p\u00e9dagogiques soient atteints\u00a0\u00e0 tous les coups.<\/span><\/p>\n<\/li>\n<\/ul>\n<\/div>\n<\/div>\n<\/div>\n<\/div>\n<p>[\/et_pb_text][\/et_pb_column][\/et_pb_row][et_pb_row use_custom_gutter=\u00a0\u00bbon\u00a0\u00bb gutter_width=\u00a0\u00bb2&Prime; admin_label=\u00a0\u00bbTitre\u00a0\u00bb module_id=\u00a0\u00bbform\u00a0\u00bb _builder_version=\u00a0\u00bb4.24.3&Prime; _module_preset=\u00a0\u00bbdefault\u00a0\u00bb positioning=\u00a0\u00bbnone\u00a0\u00bb position_origin_a=\u00a0\u00bbcenter_center\u00a0\u00bb max_width=\u00a0\u00bb1907px\u00a0\u00bb min_height=\u00a0\u00bb182.1px\u00a0\u00bb custom_margin=\u00a0\u00bb|151px||auto||\u00a0\u00bb custom_padding=\u00a0\u00bb|60px|4px|0px|false|false\u00a0\u00bb scroll_fade_enable=\u00a0\u00bbon\u00a0\u00bb scroll_fade=\u00a0\u00bb0|80|80|100|100%|100|0%\u00a0\u00bb global_colors_info=\u00a0\u00bb{}\u00a0\u00bb theme_builder_area=\u00a0\u00bbpost_content\u00a0\u00bb][et_pb_column type=\u00a0\u00bb4_4&Prime; _builder_version=\u00a0\u00bb4.24.3&Prime; _module_preset=\u00a0\u00bbdefault\u00a0\u00bb custom_css_main_element=\u00a0\u00bbdisplay: flex; \/* contexte sur le parent *\/||flex-direction: column; \/* direction d&rsquo;affichage verticale *\/||justify-content: center; \/* alignement vertical *\/\u00a0\u00bb global_colors_info=\u00a0\u00bb{}\u00a0\u00bb theme_builder_area=\u00a0\u00bbpost_content\u00a0\u00bb][et_pb_video src=\u00a0\u00bbhttps:\/\/www.teachonmars.com\/wp-content\/uploads\/2024\/10\/20200709_webinaire_fr_webserie_LePont_TID_1.mp4&Prime; _builder_version=\u00a0\u00bb4.24.3&Prime; _module_preset=\u00a0\u00bbdefault\u00a0\u00bb theme_builder_area=\u00a0\u00bbpost_content\u00a0\u00bb title_text=\u00a0\u00bb20200709_webinaire_fr_webserie_LePont_TID_1&Prime; hover_enabled=\u00a0\u00bb0&Prime; sticky_enabled=\u00a0\u00bb0&Prime;][\/et_pb_video][\/et_pb_column][\/et_pb_row][et_pb_row use_custom_gutter=\u00a0\u00bbon\u00a0\u00bb gutter_width=\u00a0\u00bb2&Prime; admin_label=\u00a0\u00bbTitre\u00a0\u00bb module_id=\u00a0\u00bbform\u00a0\u00bb _builder_version=\u00a0\u00bb4.24.3&Prime; _module_preset=\u00a0\u00bbdefault\u00a0\u00bb positioning=\u00a0\u00bbnone\u00a0\u00bb position_origin_a=\u00a0\u00bbcenter_center\u00a0\u00bb max_width=\u00a0\u00bb1907px\u00a0\u00bb min_height=\u00a0\u00bb133.1px\u00a0\u00bb custom_margin=\u00a0\u00bb|151px||auto||\u00a0\u00bb custom_padding=\u00a0\u00bb8px|60px|4px|0px|false|false\u00a0\u00bb scroll_fade_enable=\u00a0\u00bbon\u00a0\u00bb scroll_fade=\u00a0\u00bb0|80|80|100|100%|100|0%\u00a0\u00bb global_colors_info=\u00a0\u00bb{}\u00a0\u00bb theme_builder_area=\u00a0\u00bbpost_content\u00a0\u00bb][et_pb_column type=\u00a0\u00bb4_4&Prime; _builder_version=\u00a0\u00bb4.24.3&Prime; _module_preset=\u00a0\u00bbdefault\u00a0\u00bb custom_css_main_element=\u00a0\u00bbdisplay: flex; \/* contexte sur le parent *\/||flex-direction: column; \/* direction d&rsquo;affichage verticale *\/||justify-content: center; \/* alignement vertical *\/\u00a0\u00bb global_colors_info=\u00a0\u00bb{}\u00a0\u00bb theme_builder_area=\u00a0\u00bbpost_content\u00a0\u00bb][et_pb_text _builder_version=\u00a0\u00bb4.24.3&Prime; _module_preset=\u00a0\u00bbdefault\u00a0\u00bb header_text_color=\u00a0\u00bb#000000&Prime; header_2_text_color=\u00a0\u00bb#000000&Prime; background_layout=\u00a0\u00bbdark\u00a0\u00bb width=\u00a0\u00bb100%\u00a0\u00bb min_height=\u00a0\u00bb87px\u00a0\u00bb custom_margin=\u00a0\u00bb21px||2px|||\u00a0\u00bb custom_padding=\u00a0\u00bb|0px||||\u00a0\u00bb text_orientation_tablet=\u00a0\u00bbcenter\u00a0\u00bb text_orientation_phone=\u00a0\u00bb\u00a0\u00bb text_orientation_last_edited=\u00a0\u00bbon|tablet\u00a0\u00bb global_colors_info=\u00a0\u00bb{}\u00a0\u00bb theme_builder_area=\u00a0\u00bbpost_content\u00a0\u00bb]<\/p>\n<div class=\"row-fluid-wrapper row-depth-1 row-number-3 dnd-row\">\n<div class=\"row-fluid \">\n<div class=\"span12 widget-span widget-type-custom_widget dnd-module\" data-widget-type=\"custom_widget\" data-x=\"0\" data-w=\"12\">\n<div id=\"hs_cos_wrapper_widget_1607025143213\" class=\"hs_cos_wrapper hs_cos_wrapper_widget hs_cos_wrapper_type_module widget-type-header\" data-hs-cos-general-type=\"widget\" data-hs-cos-type=\"module\"><\/div>\n<\/div>\n<\/div>\n<\/div>\n<h2><span style=\"color: #e10600;\">\u00a0 CE WEBINAIRE VOUS A PLU ?<\/span><\/h2>\n<ul>\n<li>\n<p><span style=\"color: #000000; font-size: 14px;\">Vous avez envie d&rsquo;en savoir plus sur la digitalisation de vos parcours d&rsquo;int\u00e9gration ? Pour d\u00e9couvrir Teach on Mars, la solution utilis\u00e9e dans les exemples de ce webinaire, rendez-vous sur www.teachonmars.com ou demandez simplement une d\u00e9monstration en cliquant sur le bouton ci-dessous. <br \/><\/span><span style=\"color: #000000;\"><\/span><\/p>\n<\/li>\n<\/ul>\n<p>[\/et_pb_text][et_pb_button button_url=\u00a0\u00bb\/fr\/learning-management-system\/#demandedemo\u00a0\u00bb button_text=\u00a0\u00bbDemander une d\u00e9mo\u00a0\u00bb button_alignment=\u00a0\u00bbcenter\u00a0\u00bb _builder_version=\u00a0\u00bb4.24.3&Prime; _module_preset=\u00a0\u00bbdefault\u00a0\u00bb custom_margin=\u00a0\u00bb|54px||||\u00a0\u00bb global_colors_info=\u00a0\u00bb{}\u00a0\u00bb theme_builder_area=\u00a0\u00bbpost_content\u00a0\u00bb][\/et_pb_button][\/et_pb_column][\/et_pb_row][\/et_pb_section]<\/p>\n","protected":false},"excerpt":{"rendered":"<p>LA WEB-S\u00c9RIE P\u00c9DAGOGIQUE : UN FORMAT POUR ENGAGER VOS APPRENANTS SUR LA DUR\u00c9E REGARDEZ VOTRE WEBINAIRE! Combien de temps par semaine passez-vous \u00e0 regarder des s\u00e9ries ?&#8230; Oui, on sait \u00e7a fait beaucoup, mais rassurez-vous, vous n&rsquo;\u00eates pas seul.e\u00a0\ud83d\ude09 Suspens, psychologie des personnages, sc\u00e9nario \u00e0 tiroir, cadence infernale&#8230; Tous les ingr\u00e9dients de ces voleuses de [&hellip;]<\/p>\n","protected":false},"author":73,"featured_media":0,"parent":0,"menu_order":0,"comment_status":"closed","ping_status":"closed","template":"","meta":{"_et_pb_use_builder":"on","_et_pb_old_content":"","_et_gb_content_width":"","footnotes":""},"class_list":["post-42407","page","type-page","status-publish","hentry"],"yoast_head":"<!-- This site is optimized with the Yoast SEO Premium plugin v22.6 (Yoast SEO v27.4) - https:\/\/yoast.com\/product\/yoast-seo-premium-wordpress\/ -->\n<title>MERCI - LA WEB-S\u00c9RIE P\u00c9DAGOGIQUE : UN FORMAT POUR ENGAGER VOS APPRENANTS SUR LA DUR\u00c9E - Teach on Mars<\/title>\n<meta name=\"robots\" content=\"index, follow, max-snippet:-1, max-image-preview:large, max-video-preview:-1\" \/>\n<link rel=\"canonical\" href=\"https:\/\/www.teachonmars.com\/fr\/merci-webinar-web-serie-pedagogique-engager-vos-apprenants-sur-la-duree\/\" \/>\n<meta property=\"og:locale\" content=\"fr_FR\" \/>\n<meta property=\"og:type\" content=\"article\" \/>\n<meta property=\"og:title\" content=\"MERCI - LA WEB-S\u00c9RIE P\u00c9DAGOGIQUE : UN FORMAT POUR ENGAGER VOS APPRENANTS SUR LA DUR\u00c9E\" \/>\n<meta property=\"og:description\" content=\"LA WEB-S\u00c9RIE P\u00c9DAGOGIQUE : UN FORMAT POUR ENGAGER VOS APPRENANTS SUR LA DUR\u00c9E REGARDEZ VOTRE WEBINAIRE! Combien de temps par semaine passez-vous \u00e0 regarder des s\u00e9ries ?... Oui, on sait \u00e7a fait beaucoup, mais rassurez-vous, vous n&#039;\u00eates pas seul.e\u00a0\ud83d\ude09 Suspens, psychologie des personnages, sc\u00e9nario \u00e0 tiroir, cadence infernale... Tous les ingr\u00e9dients de ces voleuses de [&hellip;]\" \/>\n<meta property=\"og:url\" content=\"https:\/\/www.teachonmars.com\/fr\/merci-webinar-web-serie-pedagogique-engager-vos-apprenants-sur-la-duree\/\" \/>\n<meta property=\"og:site_name\" content=\"Teach on Mars\" \/>\n<meta property=\"article:publisher\" content=\"https:\/\/www.facebook.com\/teachonmars.fr\/\" \/>\n<meta property=\"article:modified_time\" content=\"2024-10-25T16:14:55+00:00\" \/>\n<meta name=\"twitter:card\" content=\"summary_large_image\" \/>\n<meta name=\"twitter:site\" content=\"@TeachonMarsfr\" \/>\n<script type=\"application\/ld+json\" class=\"yoast-schema-graph\">{\"@context\":\"https:\\\/\\\/schema.org\",\"@graph\":[{\"@type\":\"WebPage\",\"@id\":\"https:\\\/\\\/www.teachonmars.com\\\/fr\\\/merci-webinar-web-serie-pedagogique-engager-vos-apprenants-sur-la-duree\\\/\",\"url\":\"https:\\\/\\\/www.teachonmars.com\\\/fr\\\/merci-webinar-web-serie-pedagogique-engager-vos-apprenants-sur-la-duree\\\/\",\"name\":\"MERCI - LA WEB-S\u00c9RIE P\u00c9DAGOGIQUE : UN FORMAT POUR ENGAGER VOS APPRENANTS SUR LA DUR\u00c9E - Teach on Mars\",\"isPartOf\":{\"@id\":\"https:\\\/\\\/www.teachonmars.com\\\/fr\\\/#website\"},\"datePublished\":\"2024-10-25T16:14:34+00:00\",\"dateModified\":\"2024-10-25T16:14:55+00:00\",\"breadcrumb\":{\"@id\":\"https:\\\/\\\/www.teachonmars.com\\\/fr\\\/merci-webinar-web-serie-pedagogique-engager-vos-apprenants-sur-la-duree\\\/#breadcrumb\"},\"inLanguage\":\"fr-FR\",\"potentialAction\":[{\"@type\":\"ReadAction\",\"target\":[\"https:\\\/\\\/www.teachonmars.com\\\/fr\\\/merci-webinar-web-serie-pedagogique-engager-vos-apprenants-sur-la-duree\\\/\"]}]},{\"@type\":\"BreadcrumbList\",\"@id\":\"https:\\\/\\\/www.teachonmars.com\\\/fr\\\/merci-webinar-web-serie-pedagogique-engager-vos-apprenants-sur-la-duree\\\/#breadcrumb\",\"itemListElement\":[{\"@type\":\"ListItem\",\"position\":1,\"name\":\"Accueil\",\"item\":\"https:\\\/\\\/www.teachonmars.com\\\/fr\\\/\"},{\"@type\":\"ListItem\",\"position\":2,\"name\":\"MERCI &#8211; LA WEB-S\u00c9RIE P\u00c9DAGOGIQUE : UN FORMAT POUR ENGAGER VOS APPRENANTS SUR LA DUR\u00c9E\"}]},{\"@type\":\"WebSite\",\"@id\":\"https:\\\/\\\/www.teachonmars.com\\\/fr\\\/#website\",\"url\":\"https:\\\/\\\/www.teachonmars.com\\\/fr\\\/\",\"name\":\"Teach on Mars\",\"description\":\"More Learning Moments. Better Future.\",\"publisher\":{\"@id\":\"https:\\\/\\\/www.teachonmars.com\\\/fr\\\/#organization\"},\"potentialAction\":[{\"@type\":\"SearchAction\",\"target\":{\"@type\":\"EntryPoint\",\"urlTemplate\":\"https:\\\/\\\/www.teachonmars.com\\\/fr\\\/?s={search_term_string}\"},\"query-input\":{\"@type\":\"PropertyValueSpecification\",\"valueRequired\":true,\"valueName\":\"search_term_string\"}}],\"inLanguage\":\"fr-FR\"},{\"@type\":\"Organization\",\"@id\":\"https:\\\/\\\/www.teachonmars.com\\\/fr\\\/#organization\",\"name\":\"Teach on Mars\",\"url\":\"https:\\\/\\\/www.teachonmars.com\\\/fr\\\/\",\"logo\":{\"@type\":\"ImageObject\",\"inLanguage\":\"fr-FR\",\"@id\":\"https:\\\/\\\/www.teachonmars.com\\\/fr\\\/#\\\/schema\\\/logo\\\/image\\\/\",\"url\":\"https:\\\/\\\/www.teachonmars.com\\\/wp-content\\\/uploads\\\/2024\\\/04\\\/logo-Teach-on-march-by-lumapps-1.png\",\"contentUrl\":\"https:\\\/\\\/www.teachonmars.com\\\/wp-content\\\/uploads\\\/2024\\\/04\\\/logo-Teach-on-march-by-lumapps-1.png\",\"width\":1052,\"height\":194,\"caption\":\"Teach on Mars\"},\"image\":{\"@id\":\"https:\\\/\\\/www.teachonmars.com\\\/fr\\\/#\\\/schema\\\/logo\\\/image\\\/\"},\"sameAs\":[\"https:\\\/\\\/www.facebook.com\\\/teachonmars.fr\\\/\",\"https:\\\/\\\/x.com\\\/TeachonMarsfr\",\"https:\\\/\\\/www.linkedin.com\\\/company\\\/teach-on-mars\\\/\"]}]}<\/script>\n<!-- \/ Yoast SEO Premium plugin. -->","yoast_head_json":{"title":"MERCI - LA WEB-S\u00c9RIE P\u00c9DAGOGIQUE : UN FORMAT POUR ENGAGER VOS APPRENANTS SUR LA DUR\u00c9E - Teach on Mars","robots":{"index":"index","follow":"follow","max-snippet":"max-snippet:-1","max-image-preview":"max-image-preview:large","max-video-preview":"max-video-preview:-1"},"canonical":"https:\/\/www.teachonmars.com\/fr\/merci-webinar-web-serie-pedagogique-engager-vos-apprenants-sur-la-duree\/","og_locale":"fr_FR","og_type":"article","og_title":"MERCI - LA WEB-S\u00c9RIE P\u00c9DAGOGIQUE : UN FORMAT POUR ENGAGER VOS APPRENANTS SUR LA DUR\u00c9E","og_description":"LA WEB-S\u00c9RIE P\u00c9DAGOGIQUE : UN FORMAT POUR ENGAGER VOS APPRENANTS SUR LA DUR\u00c9E REGARDEZ VOTRE WEBINAIRE! Combien de temps par semaine passez-vous \u00e0 regarder des s\u00e9ries ?... Oui, on sait \u00e7a fait beaucoup, mais rassurez-vous, vous n'\u00eates pas seul.e\u00a0\ud83d\ude09 Suspens, psychologie des personnages, sc\u00e9nario \u00e0 tiroir, cadence infernale... Tous les ingr\u00e9dients de ces voleuses de [&hellip;]","og_url":"https:\/\/www.teachonmars.com\/fr\/merci-webinar-web-serie-pedagogique-engager-vos-apprenants-sur-la-duree\/","og_site_name":"Teach on Mars","article_publisher":"https:\/\/www.facebook.com\/teachonmars.fr\/","article_modified_time":"2024-10-25T16:14:55+00:00","twitter_card":"summary_large_image","twitter_site":"@TeachonMarsfr","schema":{"@context":"https:\/\/schema.org","@graph":[{"@type":"WebPage","@id":"https:\/\/www.teachonmars.com\/fr\/merci-webinar-web-serie-pedagogique-engager-vos-apprenants-sur-la-duree\/","url":"https:\/\/www.teachonmars.com\/fr\/merci-webinar-web-serie-pedagogique-engager-vos-apprenants-sur-la-duree\/","name":"MERCI - LA WEB-S\u00c9RIE P\u00c9DAGOGIQUE : UN FORMAT POUR ENGAGER VOS APPRENANTS SUR LA DUR\u00c9E - Teach on Mars","isPartOf":{"@id":"https:\/\/www.teachonmars.com\/fr\/#website"},"datePublished":"2024-10-25T16:14:34+00:00","dateModified":"2024-10-25T16:14:55+00:00","breadcrumb":{"@id":"https:\/\/www.teachonmars.com\/fr\/merci-webinar-web-serie-pedagogique-engager-vos-apprenants-sur-la-duree\/#breadcrumb"},"inLanguage":"fr-FR","potentialAction":[{"@type":"ReadAction","target":["https:\/\/www.teachonmars.com\/fr\/merci-webinar-web-serie-pedagogique-engager-vos-apprenants-sur-la-duree\/"]}]},{"@type":"BreadcrumbList","@id":"https:\/\/www.teachonmars.com\/fr\/merci-webinar-web-serie-pedagogique-engager-vos-apprenants-sur-la-duree\/#breadcrumb","itemListElement":[{"@type":"ListItem","position":1,"name":"Accueil","item":"https:\/\/www.teachonmars.com\/fr\/"},{"@type":"ListItem","position":2,"name":"MERCI &#8211; LA WEB-S\u00c9RIE P\u00c9DAGOGIQUE : UN FORMAT POUR ENGAGER VOS APPRENANTS SUR LA DUR\u00c9E"}]},{"@type":"WebSite","@id":"https:\/\/www.teachonmars.com\/fr\/#website","url":"https:\/\/www.teachonmars.com\/fr\/","name":"Teach on Mars","description":"More Learning Moments. Better Future.","publisher":{"@id":"https:\/\/www.teachonmars.com\/fr\/#organization"},"potentialAction":[{"@type":"SearchAction","target":{"@type":"EntryPoint","urlTemplate":"https:\/\/www.teachonmars.com\/fr\/?s={search_term_string}"},"query-input":{"@type":"PropertyValueSpecification","valueRequired":true,"valueName":"search_term_string"}}],"inLanguage":"fr-FR"},{"@type":"Organization","@id":"https:\/\/www.teachonmars.com\/fr\/#organization","name":"Teach on Mars","url":"https:\/\/www.teachonmars.com\/fr\/","logo":{"@type":"ImageObject","inLanguage":"fr-FR","@id":"https:\/\/www.teachonmars.com\/fr\/#\/schema\/logo\/image\/","url":"https:\/\/www.teachonmars.com\/wp-content\/uploads\/2024\/04\/logo-Teach-on-march-by-lumapps-1.png","contentUrl":"https:\/\/www.teachonmars.com\/wp-content\/uploads\/2024\/04\/logo-Teach-on-march-by-lumapps-1.png","width":1052,"height":194,"caption":"Teach on Mars"},"image":{"@id":"https:\/\/www.teachonmars.com\/fr\/#\/schema\/logo\/image\/"},"sameAs":["https:\/\/www.facebook.com\/teachonmars.fr\/","https:\/\/x.com\/TeachonMarsfr","https:\/\/www.linkedin.com\/company\/teach-on-mars\/"]}]}},"_links":{"self":[{"href":"https:\/\/www.teachonmars.com\/fr\/wp-json\/wp\/v2\/pages\/42407","targetHints":{"allow":["GET"]}}],"collection":[{"href":"https:\/\/www.teachonmars.com\/fr\/wp-json\/wp\/v2\/pages"}],"about":[{"href":"https:\/\/www.teachonmars.com\/fr\/wp-json\/wp\/v2\/types\/page"}],"author":[{"embeddable":true,"href":"https:\/\/www.teachonmars.com\/fr\/wp-json\/wp\/v2\/users\/73"}],"replies":[{"embeddable":true,"href":"https:\/\/www.teachonmars.com\/fr\/wp-json\/wp\/v2\/comments?post=42407"}],"version-history":[{"count":0,"href":"https:\/\/www.teachonmars.com\/fr\/wp-json\/wp\/v2\/pages\/42407\/revisions"}],"wp:attachment":[{"href":"https:\/\/www.teachonmars.com\/fr\/wp-json\/wp\/v2\/media?parent=42407"}],"curies":[{"name":"wp","href":"https:\/\/api.w.org\/{rel}","templated":true}]}}