{"id":42386,"date":"2024-10-25T17:54:43","date_gmt":"2024-10-25T15:54:43","guid":{"rendered":"https:\/\/www.teachonmars.com\/?page_id=42386"},"modified":"2024-11-25T15:03:05","modified_gmt":"2024-11-25T14:03:05","slug":"cas-bpce","status":"publish","type":"page","link":"https:\/\/www.teachonmars.com\/fr\/cas-bpce\/","title":{"rendered":"100 000 COLLABORATEURS SENSIBILIS\u00c9S AU DIGITAL : D\u00c9COUVREZ COMMENT BPCE A RELEV\u00c9 LE D\u00c9FI"},"content":{"rendered":"<p>[et_pb_section fb_built=\u00a0\u00bb1&Prime; admin_label=\u00a0\u00bbSection Headline\u00a0\u00bb module_id=\u00a0\u00bblp-section-1&Prime; _builder_version=\u00a0\u00bb4.24.3&Prime; _module_preset=\u00a0\u00bbdefault\u00a0\u00bb background_color=\u00a0\u00bb#E10600&Prime; background_enable_image=\u00a0\u00bboff\u00a0\u00bb parallax=\u00a0\u00bbon\u00a0\u00bb custom_padding=\u00a0\u00bb0px||0px||false|false\u00a0\u00bb custom_css_main_element=\u00a0\u00bbdisplay: flex; \/* contexte sur le parent *\/||flex-direction: column; \/* direction d&rsquo;affichage verticale *\/||justify-content: center; \/* alignement vertical *\/\u00a0\u00bb locked=\u00a0\u00bboff\u00a0\u00bb global_colors_info=\u00a0\u00bb{}\u00a0\u00bb][et_pb_row use_custom_gutter=\u00a0\u00bbon\u00a0\u00bb gutter_width=\u00a0\u00bb2&Prime; admin_label=\u00a0\u00bbTitre\u00a0\u00bb module_id=\u00a0\u00bbform\u00a0\u00bb _builder_version=\u00a0\u00bb4.24.3&Prime; _module_preset=\u00a0\u00bbdefault\u00a0\u00bb background_color=\u00a0\u00bbRGBA(255,255,255,0)\u00a0\u00bb background_enable_image=\u00a0\u00bboff\u00a0\u00bb positioning=\u00a0\u00bbnone\u00a0\u00bb position_origin_a=\u00a0\u00bbcenter_center\u00a0\u00bb max_width=\u00a0\u00bb2284px\u00a0\u00bb min_height=\u00a0\u00bb295px\u00a0\u00bb custom_margin=\u00a0\u00bb|auto|10px|auto||\u00a0\u00bb custom_padding=\u00a0\u00bb||4px||false|false\u00a0\u00bb scroll_fade_enable=\u00a0\u00bbon\u00a0\u00bb scroll_fade=\u00a0\u00bb0|80|80|100|100%|100|0%\u00a0\u00bb global_colors_info=\u00a0\u00bb{}\u00a0\u00bb][et_pb_column type=\u00a0\u00bb4_4&Prime; _builder_version=\u00a0\u00bb4.24.3&Prime; _module_preset=\u00a0\u00bbdefault\u00a0\u00bb custom_css_main_element=\u00a0\u00bbdisplay: flex; \/* contexte sur le parent *\/||flex-direction: column; \/* direction d&rsquo;affichage verticale *\/||justify-content: center; \/* alignement vertical *\/\u00a0\u00bb global_colors_info=\u00a0\u00bb{}\u00a0\u00bb][et_pb_text _builder_version=\u00a0\u00bb4.24.3&Prime; _module_preset=\u00a0\u00bbdefault\u00a0\u00bb text_line_height=\u00a0\u00bb1.8em\u00a0\u00bb width=\u00a0\u00bb100%\u00a0\u00bb max_width=\u00a0\u00bb100%\u00a0\u00bb min_height=\u00a0\u00bb100px\u00a0\u00bb max_height=\u00a0\u00bb1000px\u00a0\u00bb custom_margin=\u00a0\u00bb150px|50px|100px|50px|false|false\u00a0\u00bb custom_padding=\u00a0\u00bb|100px||||\u00a0\u00bb global_colors_info=\u00a0\u00bb{}\u00a0\u00bb]<\/p>\n<div class=\"row-fluid-wrapper row-depth-1 row-number-1 dnd_area-row-0-max-width-section-centering dnd-section dnd_area-row-0-background-image\">\n<div class=\"row-fluid \">\n<div class=\"span12 widget-span widget-type-cell dnd-column\" data-widget-type=\"cell\" data-x=\"0\" data-w=\"12\">\n<div class=\"row-fluid-wrapper row-depth-1 row-number-2 dnd-row\">\n<div class=\"row-fluid \">\n<div class=\"span12 widget-span widget-type-custom_widget dnd-module\" data-widget-type=\"custom_widget\" data-x=\"0\" data-w=\"12\">\n<h1 id=\"hs_cos_wrapper_module_16529499919645\" class=\"hs_cos_wrapper hs_cos_wrapper_widget hs_cos_wrapper_type_module widget-type-header\" data-hs-cos-general-type=\"widget\" data-hs-cos-type=\"module\" style=\"text-align: left;\"><span style=\"color: #ffffff; font-size: 50px;\">100 000 COLLABORATEURS SENSIBILIS\u00c9S AU DIGITAL : D\u00c9COUVREZ COMMENT BPCE A RELEV\u00c9 LE D\u00c9FI<br \/><\/span><\/h1>\n<p><span style=\"color: #ffffff; font-size: large;\">Comment BPCE a remport\u00e9 son pari ?<\/span><\/p>\n<p><span style=\"color: #ffffff; font-size: 50px;\"><strong><\/strong><\/span><\/p>\n<\/div>\n<\/div>\n<\/div>\n<\/div>\n<\/div>\n<\/div>\n<p>[\/et_pb_text][\/et_pb_column][\/et_pb_row][\/et_pb_section][et_pb_section fb_built=\u00a0\u00bb1&Prime; admin_label=\u00a0\u00bbSection Headline\u00a0\u00bb module_id=\u00a0\u00bblp-section-1&Prime; _builder_version=\u00a0\u00bb4.24.3&Prime; _module_preset=\u00a0\u00bbdefault\u00a0\u00bb background_color=\u00a0\u00bbRGBA(255,255,255,0)\u00a0\u00bb background_enable_image=\u00a0\u00bboff\u00a0\u00bb parallax=\u00a0\u00bbon\u00a0\u00bb custom_padding=\u00a0\u00bb25px||0px||false|false\u00a0\u00bb custom_css_main_element=\u00a0\u00bbdisplay: flex; \/* contexte sur le parent *\/||flex-direction: column; \/* direction d&rsquo;affichage verticale *\/||justify-content: center; \/* alignement vertical *\/\u00a0\u00bb locked=\u00a0\u00bboff\u00a0\u00bb global_colors_info=\u00a0\u00bb{}\u00a0\u00bb][et_pb_row column_structure=\u00a0\u00bb2_3,1_3&Prime; use_custom_gutter=\u00a0\u00bbon\u00a0\u00bb gutter_width=\u00a0\u00bb2&Prime; admin_label=\u00a0\u00bbTitre\u00a0\u00bb module_id=\u00a0\u00bbform\u00a0\u00bb _builder_version=\u00a0\u00bb4.24.3&Prime; _module_preset=\u00a0\u00bbdefault\u00a0\u00bb positioning=\u00a0\u00bbnone\u00a0\u00bb position_origin_a=\u00a0\u00bbcenter_center\u00a0\u00bb max_width=\u00a0\u00bb1907px\u00a0\u00bb min_height=\u00a0\u00bb302.1px\u00a0\u00bb custom_margin=\u00a0\u00bb|151px||auto||\u00a0\u00bb custom_padding=\u00a0\u00bb|60px|4px|0px|false|false\u00a0\u00bb scroll_fade_enable=\u00a0\u00bbon\u00a0\u00bb scroll_fade=\u00a0\u00bb0|80|80|100|100%|100|0%\u00a0\u00bb global_colors_info=\u00a0\u00bb{}\u00a0\u00bb][et_pb_column type=\u00a0\u00bb2_3&Prime; _builder_version=\u00a0\u00bb4.24.3&Prime; _module_preset=\u00a0\u00bbdefault\u00a0\u00bb custom_css_main_element=\u00a0\u00bbdisplay: flex; \/* contexte sur le parent *\/||flex-direction: column; \/* direction d&rsquo;affichage verticale *\/||justify-content: center; \/* alignement vertical *\/\u00a0\u00bb global_colors_info=\u00a0\u00bb{}\u00a0\u00bb][et_pb_text _builder_version=\u00a0\u00bb4.24.3&Prime; _module_preset=\u00a0\u00bbdefault\u00a0\u00bb header_text_color=\u00a0\u00bb#000000&Prime; header_2_text_color=\u00a0\u00bb#000000&Prime; background_layout=\u00a0\u00bbdark\u00a0\u00bb width=\u00a0\u00bb86.4%\u00a0\u00bb custom_margin=\u00a0\u00bb||40px|||\u00a0\u00bb custom_padding=\u00a0\u00bb|0px|0px|||\u00a0\u00bb hover_enabled=\u00a0\u00bb0&Prime; text_orientation_tablet=\u00a0\u00bbcenter\u00a0\u00bb text_orientation_phone=\u00a0\u00bb\u00a0\u00bb text_orientation_last_edited=\u00a0\u00bbon|tablet\u00a0\u00bb global_colors_info=\u00a0\u00bb{}\u00a0\u00bb sticky_enabled=\u00a0\u00bb0&Prime;]<\/p>\n<h2><span style=\"color: #e10600; font-size: xx-large;\">FOCUS SUR LE CAS BPCE<\/span><\/h2>\n<p><span style=\"color: #000000; font-size: medium;\"><\/span><\/p>\n<p><span style=\"color: #0a0a0a;\">Le Groupe BPCE a plac\u00e9 sa transformation digitale au c\u0153ur de son plan strat\u00e9gique avec un objectif ambitieux : <\/span><span style=\"color: #0a0a0a;\">100% des collaborateurs du groupe form\u00e9s au digital. Ce plan s\u2019engage \u00e0 faire de ses collaborateurs des acteurs de sa transformation digitale.<\/span><\/p>\n<p><span style=\"color: #0a0a0a;\">D\u00e9couvrez quels sont les enjeux de ce groupe en mati\u00e8re de formation et comment nous y avons r\u00e9pondu.<\/span><\/p>\n<p>[\/et_pb_text][et_pb_image src=\u00a0\u00bbhttps:\/\/www.teachonmars.com\/wp-content\/uploads\/2024\/11\/smartmockups_l0jv44az.png\u00a0\u00bb _builder_version=\u00a0\u00bb4.24.3&Prime; _module_preset=\u00a0\u00bbdefault\u00a0\u00bb title_text=\u00a0\u00bbsmartmockups_l0jv44az\u00a0\u00bb hover_enabled=\u00a0\u00bb0&Prime; sticky_enabled=\u00a0\u00bb0&Prime;][\/et_pb_image][\/et_pb_column][et_pb_column type=\u00a0\u00bb1_3&Prime; _builder_version=\u00a0\u00bb4.16&Prime; _module_preset=\u00a0\u00bbdefault\u00a0\u00bb custom_css_main_element=\u00a0\u00bbdisplay: flex; \/* contexte sur le parent *\/||flex-direction: column; \/* direction d&rsquo;affichage verticale *\/||justify-content: center; \/* alignement vertical *\/\u00a0\u00bb global_colors_info=\u00a0\u00bb{}\u00a0\u00bb][et_pb_text _builder_version=\u00a0\u00bb4.24.3&Prime; _module_preset=\u00a0\u00bbdefault\u00a0\u00bb header_text_color=\u00a0\u00bb#000000&Prime; header_2_text_color=\u00a0\u00bb#000000&Prime; background_layout=\u00a0\u00bbdark\u00a0\u00bb width=\u00a0\u00bb86.4%\u00a0\u00bb custom_margin=\u00a0\u00bb||40px|||\u00a0\u00bb custom_padding=\u00a0\u00bb|0px|0px|||\u00a0\u00bb text_orientation_tablet=\u00a0\u00bbcenter\u00a0\u00bb text_orientation_phone=\u00a0\u00bb\u00a0\u00bb text_orientation_last_edited=\u00a0\u00bbon|tablet\u00a0\u00bb global_colors_info=\u00a0\u00bb{}\u00a0\u00bb]<\/p>\n<h2><span style=\"color: #000000; font-size: xx-large;\">T\u00e9l\u00e9chargez gratuitement le cas BPCE<\/span><\/h2>\n<p>[\/et_pb_text][et_pb_code _builder_version=\u00a0\u00bb4.24.3&Prime; _module_preset=\u00a0\u00bbdefault\u00a0\u00bb hover_enabled=\u00a0\u00bb0&Prime; global_colors_info=\u00a0\u00bb{}\u00a0\u00bb background_color=\u00a0\u00bb#FFFFFF\u00a0\u00bb sticky_enabled=\u00a0\u00bb0&Prime;]<iframe loading=\"lazy\" src=\"https:\/\/www2.teachonmars.com\/l\/702703\/2024-04-30\/9t53nl\" width=\"100%\" height=\"500\" type=\"text\/html\" frameborder=\"0\" allowTransparency=\"true\" style=\"border: 0\"><\/iframe>[\/et_pb_code][\/et_pb_column][\/et_pb_row][\/et_pb_section]<\/p>\n","protected":false},"excerpt":{"rendered":"<p>100 000 COLLABORATEURS SENSIBILIS\u00c9S AU DIGITAL : D\u00c9COUVREZ COMMENT BPCE A RELEV\u00c9 LE D\u00c9FI Comment BPCE a remport\u00e9 son pari ? FOCUS SUR LE CAS BPCE Le Groupe BPCE a plac\u00e9 sa transformation digitale au c\u0153ur de son plan strat\u00e9gique avec un objectif ambitieux : 100% des collaborateurs du groupe form\u00e9s au digital. Ce plan [&hellip;]<\/p>\n","protected":false},"author":73,"featured_media":0,"parent":0,"menu_order":0,"comment_status":"closed","ping_status":"closed","template":"","meta":{"_et_pb_use_builder":"on","_et_pb_old_content":"","_et_gb_content_width":"","footnotes":""},"class_list":["post-42386","page","type-page","status-publish","hentry"],"yoast_head":"<!-- This site is optimized with the Yoast SEO Premium plugin v22.6 (Yoast SEO v27.4) - https:\/\/yoast.com\/product\/yoast-seo-premium-wordpress\/ -->\n<title>100 000 COLLABORATEURS SENSIBILIS\u00c9S AU DIGITAL : D\u00c9COUVREZ COMMENT BPCE A RELEV\u00c9 LE D\u00c9FI - Teach on Mars<\/title>\n<meta name=\"robots\" content=\"index, follow, max-snippet:-1, max-image-preview:large, max-video-preview:-1\" \/>\n<link rel=\"canonical\" href=\"https:\/\/www.teachonmars.com\/fr\/cas-bpce\/\" \/>\n<meta property=\"og:locale\" content=\"fr_FR\" \/>\n<meta property=\"og:type\" content=\"article\" \/>\n<meta property=\"og:title\" content=\"100 000 COLLABORATEURS SENSIBILIS\u00c9S AU DIGITAL : D\u00c9COUVREZ COMMENT BPCE A RELEV\u00c9 LE D\u00c9FI\" \/>\n<meta property=\"og:description\" content=\"100 000 COLLABORATEURS SENSIBILIS\u00c9S AU DIGITAL : D\u00c9COUVREZ COMMENT BPCE A RELEV\u00c9 LE D\u00c9FI Comment BPCE a remport\u00e9 son pari ? FOCUS SUR LE CAS BPCE Le Groupe BPCE a plac\u00e9 sa transformation digitale au c\u0153ur de son plan strat\u00e9gique avec un objectif ambitieux : 100% des collaborateurs du groupe form\u00e9s au digital. Ce plan [&hellip;]\" \/>\n<meta property=\"og:url\" content=\"https:\/\/www.teachonmars.com\/fr\/cas-bpce\/\" \/>\n<meta property=\"og:site_name\" content=\"Teach on Mars\" \/>\n<meta property=\"article:publisher\" content=\"https:\/\/www.facebook.com\/teachonmars.fr\/\" \/>\n<meta property=\"article:modified_time\" content=\"2024-11-25T14:03:05+00:00\" \/>\n<meta name=\"twitter:card\" content=\"summary_large_image\" \/>\n<meta name=\"twitter:site\" content=\"@TeachonMarsfr\" \/>\n<script type=\"application\/ld+json\" class=\"yoast-schema-graph\">{\"@context\":\"https:\\\/\\\/schema.org\",\"@graph\":[{\"@type\":\"WebPage\",\"@id\":\"https:\\\/\\\/www.teachonmars.com\\\/fr\\\/cas-bpce\\\/\",\"url\":\"https:\\\/\\\/www.teachonmars.com\\\/fr\\\/cas-bpce\\\/\",\"name\":\"100 000 COLLABORATEURS SENSIBILIS\u00c9S AU DIGITAL : D\u00c9COUVREZ COMMENT BPCE A RELEV\u00c9 LE D\u00c9FI - Teach on Mars\",\"isPartOf\":{\"@id\":\"https:\\\/\\\/www.teachonmars.com\\\/fr\\\/#website\"},\"datePublished\":\"2024-10-25T15:54:43+00:00\",\"dateModified\":\"2024-11-25T14:03:05+00:00\",\"breadcrumb\":{\"@id\":\"https:\\\/\\\/www.teachonmars.com\\\/fr\\\/cas-bpce\\\/#breadcrumb\"},\"inLanguage\":\"fr-FR\",\"potentialAction\":[{\"@type\":\"ReadAction\",\"target\":[\"https:\\\/\\\/www.teachonmars.com\\\/fr\\\/cas-bpce\\\/\"]}]},{\"@type\":\"BreadcrumbList\",\"@id\":\"https:\\\/\\\/www.teachonmars.com\\\/fr\\\/cas-bpce\\\/#breadcrumb\",\"itemListElement\":[{\"@type\":\"ListItem\",\"position\":1,\"name\":\"Accueil\",\"item\":\"https:\\\/\\\/www.teachonmars.com\\\/fr\\\/\"},{\"@type\":\"ListItem\",\"position\":2,\"name\":\"100 000 COLLABORATEURS SENSIBILIS\u00c9S AU DIGITAL : D\u00c9COUVREZ COMMENT BPCE A RELEV\u00c9 LE D\u00c9FI\"}]},{\"@type\":\"WebSite\",\"@id\":\"https:\\\/\\\/www.teachonmars.com\\\/fr\\\/#website\",\"url\":\"https:\\\/\\\/www.teachonmars.com\\\/fr\\\/\",\"name\":\"Teach on Mars\",\"description\":\"More Learning Moments. Better Future.\",\"publisher\":{\"@id\":\"https:\\\/\\\/www.teachonmars.com\\\/fr\\\/#organization\"},\"potentialAction\":[{\"@type\":\"SearchAction\",\"target\":{\"@type\":\"EntryPoint\",\"urlTemplate\":\"https:\\\/\\\/www.teachonmars.com\\\/fr\\\/?s={search_term_string}\"},\"query-input\":{\"@type\":\"PropertyValueSpecification\",\"valueRequired\":true,\"valueName\":\"search_term_string\"}}],\"inLanguage\":\"fr-FR\"},{\"@type\":\"Organization\",\"@id\":\"https:\\\/\\\/www.teachonmars.com\\\/fr\\\/#organization\",\"name\":\"Teach on Mars\",\"url\":\"https:\\\/\\\/www.teachonmars.com\\\/fr\\\/\",\"logo\":{\"@type\":\"ImageObject\",\"inLanguage\":\"fr-FR\",\"@id\":\"https:\\\/\\\/www.teachonmars.com\\\/fr\\\/#\\\/schema\\\/logo\\\/image\\\/\",\"url\":\"https:\\\/\\\/www.teachonmars.com\\\/wp-content\\\/uploads\\\/2024\\\/04\\\/logo-Teach-on-march-by-lumapps-1.png\",\"contentUrl\":\"https:\\\/\\\/www.teachonmars.com\\\/wp-content\\\/uploads\\\/2024\\\/04\\\/logo-Teach-on-march-by-lumapps-1.png\",\"width\":1052,\"height\":194,\"caption\":\"Teach on Mars\"},\"image\":{\"@id\":\"https:\\\/\\\/www.teachonmars.com\\\/fr\\\/#\\\/schema\\\/logo\\\/image\\\/\"},\"sameAs\":[\"https:\\\/\\\/www.facebook.com\\\/teachonmars.fr\\\/\",\"https:\\\/\\\/x.com\\\/TeachonMarsfr\",\"https:\\\/\\\/www.linkedin.com\\\/company\\\/teach-on-mars\\\/\"]}]}<\/script>\n<!-- \/ Yoast SEO Premium plugin. -->","yoast_head_json":{"title":"100 000 COLLABORATEURS SENSIBILIS\u00c9S AU DIGITAL : D\u00c9COUVREZ COMMENT BPCE A RELEV\u00c9 LE D\u00c9FI - Teach on Mars","robots":{"index":"index","follow":"follow","max-snippet":"max-snippet:-1","max-image-preview":"max-image-preview:large","max-video-preview":"max-video-preview:-1"},"canonical":"https:\/\/www.teachonmars.com\/fr\/cas-bpce\/","og_locale":"fr_FR","og_type":"article","og_title":"100 000 COLLABORATEURS SENSIBILIS\u00c9S AU DIGITAL : D\u00c9COUVREZ COMMENT BPCE A RELEV\u00c9 LE D\u00c9FI","og_description":"100 000 COLLABORATEURS SENSIBILIS\u00c9S AU DIGITAL : D\u00c9COUVREZ COMMENT BPCE A RELEV\u00c9 LE D\u00c9FI Comment BPCE a remport\u00e9 son pari ? FOCUS SUR LE CAS BPCE Le Groupe BPCE a plac\u00e9 sa transformation digitale au c\u0153ur de son plan strat\u00e9gique avec un objectif ambitieux : 100% des collaborateurs du groupe form\u00e9s au digital. Ce plan [&hellip;]","og_url":"https:\/\/www.teachonmars.com\/fr\/cas-bpce\/","og_site_name":"Teach on Mars","article_publisher":"https:\/\/www.facebook.com\/teachonmars.fr\/","article_modified_time":"2024-11-25T14:03:05+00:00","twitter_card":"summary_large_image","twitter_site":"@TeachonMarsfr","schema":{"@context":"https:\/\/schema.org","@graph":[{"@type":"WebPage","@id":"https:\/\/www.teachonmars.com\/fr\/cas-bpce\/","url":"https:\/\/www.teachonmars.com\/fr\/cas-bpce\/","name":"100 000 COLLABORATEURS SENSIBILIS\u00c9S AU DIGITAL : D\u00c9COUVREZ COMMENT BPCE A RELEV\u00c9 LE D\u00c9FI - Teach on Mars","isPartOf":{"@id":"https:\/\/www.teachonmars.com\/fr\/#website"},"datePublished":"2024-10-25T15:54:43+00:00","dateModified":"2024-11-25T14:03:05+00:00","breadcrumb":{"@id":"https:\/\/www.teachonmars.com\/fr\/cas-bpce\/#breadcrumb"},"inLanguage":"fr-FR","potentialAction":[{"@type":"ReadAction","target":["https:\/\/www.teachonmars.com\/fr\/cas-bpce\/"]}]},{"@type":"BreadcrumbList","@id":"https:\/\/www.teachonmars.com\/fr\/cas-bpce\/#breadcrumb","itemListElement":[{"@type":"ListItem","position":1,"name":"Accueil","item":"https:\/\/www.teachonmars.com\/fr\/"},{"@type":"ListItem","position":2,"name":"100 000 COLLABORATEURS SENSIBILIS\u00c9S AU DIGITAL : D\u00c9COUVREZ COMMENT BPCE A RELEV\u00c9 LE D\u00c9FI"}]},{"@type":"WebSite","@id":"https:\/\/www.teachonmars.com\/fr\/#website","url":"https:\/\/www.teachonmars.com\/fr\/","name":"Teach on Mars","description":"More Learning Moments. Better Future.","publisher":{"@id":"https:\/\/www.teachonmars.com\/fr\/#organization"},"potentialAction":[{"@type":"SearchAction","target":{"@type":"EntryPoint","urlTemplate":"https:\/\/www.teachonmars.com\/fr\/?s={search_term_string}"},"query-input":{"@type":"PropertyValueSpecification","valueRequired":true,"valueName":"search_term_string"}}],"inLanguage":"fr-FR"},{"@type":"Organization","@id":"https:\/\/www.teachonmars.com\/fr\/#organization","name":"Teach on Mars","url":"https:\/\/www.teachonmars.com\/fr\/","logo":{"@type":"ImageObject","inLanguage":"fr-FR","@id":"https:\/\/www.teachonmars.com\/fr\/#\/schema\/logo\/image\/","url":"https:\/\/www.teachonmars.com\/wp-content\/uploads\/2024\/04\/logo-Teach-on-march-by-lumapps-1.png","contentUrl":"https:\/\/www.teachonmars.com\/wp-content\/uploads\/2024\/04\/logo-Teach-on-march-by-lumapps-1.png","width":1052,"height":194,"caption":"Teach on Mars"},"image":{"@id":"https:\/\/www.teachonmars.com\/fr\/#\/schema\/logo\/image\/"},"sameAs":["https:\/\/www.facebook.com\/teachonmars.fr\/","https:\/\/x.com\/TeachonMarsfr","https:\/\/www.linkedin.com\/company\/teach-on-mars\/"]}]}},"_links":{"self":[{"href":"https:\/\/www.teachonmars.com\/fr\/wp-json\/wp\/v2\/pages\/42386","targetHints":{"allow":["GET"]}}],"collection":[{"href":"https:\/\/www.teachonmars.com\/fr\/wp-json\/wp\/v2\/pages"}],"about":[{"href":"https:\/\/www.teachonmars.com\/fr\/wp-json\/wp\/v2\/types\/page"}],"author":[{"embeddable":true,"href":"https:\/\/www.teachonmars.com\/fr\/wp-json\/wp\/v2\/users\/73"}],"replies":[{"embeddable":true,"href":"https:\/\/www.teachonmars.com\/fr\/wp-json\/wp\/v2\/comments?post=42386"}],"version-history":[{"count":0,"href":"https:\/\/www.teachonmars.com\/fr\/wp-json\/wp\/v2\/pages\/42386\/revisions"}],"wp:attachment":[{"href":"https:\/\/www.teachonmars.com\/fr\/wp-json\/wp\/v2\/media?parent=42386"}],"curies":[{"name":"wp","href":"https:\/\/api.w.org\/{rel}","templated":true}]}}