{"id":41835,"date":"2024-08-09T11:40:06","date_gmt":"2024-08-09T09:40:06","guid":{"rendered":"https:\/\/www.teachonmars.com\/?page_id=41835"},"modified":"2024-11-25T15:25:52","modified_gmt":"2024-11-25T14:25:52","slug":"lp-etude-de-cas-retail-culture-dentreprise-groupe-cat","status":"publish","type":"page","link":"https:\/\/www.teachonmars.com\/fr\/lp-etude-de-cas-retail-culture-dentreprise-groupe-cat\/","title":{"rendered":"LP &#8211; Retail &#8211; Etude de cas Groupe CAT &#8211; VFR"},"content":{"rendered":"<p>[et_pb_section fb_built=\u00a0\u00bb1&Prime; _builder_version=\u00a0\u00bb4.24.3&Prime; _module_preset=\u00a0\u00bbdefault\u00a0\u00bb custom_margin=\u00a0\u00bb||-62px|||\u00a0\u00bb global_colors_info=\u00a0\u00bb{}\u00a0\u00bb][et_pb_row column_structure=\u00a0\u00bb1_2,1_2&Prime; _builder_version=\u00a0\u00bb4.24.3&Prime; _module_preset=\u00a0\u00bbdefault\u00a0\u00bb min_height=\u00a0\u00bb621.5px\u00a0\u00bb custom_padding=\u00a0\u00bb||0px|||\u00a0\u00bb global_colors_info=\u00a0\u00bb{}\u00a0\u00bb][et_pb_column type=\u00a0\u00bb1_2&Prime; _builder_version=\u00a0\u00bb4.24.3&Prime; _module_preset=\u00a0\u00bbdefault\u00a0\u00bb global_colors_info=\u00a0\u00bb{}\u00a0\u00bb][et_pb_text _builder_version=\u00a0\u00bb4.24.3&Prime; _module_preset=\u00a0\u00bbdefault\u00a0\u00bb text_font_size=\u00a0\u00bb16px\u00a0\u00bb text_line_height=\u00a0\u00bb1.9em\u00a0\u00bb global_colors_info=\u00a0\u00bb{}\u00a0\u00bb]<\/p>\n<p><span class=\"kl-rich-text__preheader\"><\/span><\/p>\n<p><span class=\"kl-rich-text__preheader\"><\/span><\/p>\n<p><span class=\"kl-rich-text__preheader\"><\/span><\/p>\n<p><span class=\"kl-rich-text__preheader\"><\/span><\/p>\n<p><span class=\"kl-rich-text__preheader\"><\/span><\/p>\n<p>&nbsp;<\/p>\n<p style=\"text-align: left;\"><strong><span class=\"kl-rich-text__preheader\" style=\"color: #ff0000;\">\u00c9TUDE DE CAS<\/span><\/strong><\/p>\n<h1>Groupe CAT<\/h1>\n<p><strong>D\u00e9couvrez comment le Groupe CAT a am\u00e9lior\u00e9 sa culture d&rsquo;entreprise et sa performance op\u00e9rationnelle gr\u00e2ce \u00e0 l&rsquo;apprentissage mobile !<\/strong><\/p>\n<p>[\/et_pb_text][\/et_pb_column][et_pb_column type=\u00a0\u00bb1_2&Prime; _builder_version=\u00a0\u00bb4.24.3&Prime; _module_preset=\u00a0\u00bbdefault\u00a0\u00bb global_colors_info=\u00a0\u00bb{}\u00a0\u00bb][et_pb_code _builder_version=\u00a0\u00bb4.24.3&Prime; _module_preset=\u00a0\u00bbdefault\u00a0\u00bb custom_padding=\u00a0\u00bb||27px|||\u00a0\u00bb hover_enabled=\u00a0\u00bb0&Prime; global_colors_info=\u00a0\u00bb{}\u00a0\u00bb background_color=\u00a0\u00bb#FFFFFF\u00a0\u00bb sticky_enabled=\u00a0\u00bb0&Prime;]<iframe loading=\"lazy\" src=\"https:\/\/www2.teachonmars.com\/l\/702703\/2024-09-16\/9w8mk4\" width=\"100%\" height=\"500\" type=\"text\/html\" frameborder=\"0\" allowTransparency=\"true\" style=\"border: 0\"><\/iframe>[\/et_pb_code][\/et_pb_column][\/et_pb_row][et_pb_row _builder_version=\u00a0\u00bb4.24.3&Prime; _module_preset=\u00a0\u00bbdefault\u00a0\u00bb global_colors_info=\u00a0\u00bb{}\u00a0\u00bb][et_pb_column type=\u00a0\u00bb4_4&Prime; _builder_version=\u00a0\u00bb4.24.3&Prime; _module_preset=\u00a0\u00bbdefault\u00a0\u00bb global_colors_info=\u00a0\u00bb{}\u00a0\u00bb][et_pb_icon font_icon=\u00a0\u00bb&#x3b;||divi||400&Prime; _builder_version=\u00a0\u00bb4.24.3&Prime; _module_preset=\u00a0\u00bbdefault\u00a0\u00bb global_colors_info=\u00a0\u00bb{}\u00a0\u00bb][\/et_pb_icon][\/et_pb_column][\/et_pb_row][\/et_pb_section][et_pb_section fb_built=\u00a0\u00bb1&Prime; _builder_version=\u00a0\u00bb4.24.3&Prime; _module_preset=\u00a0\u00bbdefault\u00a0\u00bb custom_padding=\u00a0\u00bb||21px|||\u00a0\u00bb global_colors_info=\u00a0\u00bb{}\u00a0\u00bb][et_pb_row column_structure=\u00a0\u00bb1_2,1_2&Prime; _builder_version=\u00a0\u00bb4.24.3&Prime; _module_preset=\u00a0\u00bbdefault\u00a0\u00bb width=\u00a0\u00bb100%\u00a0\u00bb min_height=\u00a0\u00bb710.2px\u00a0\u00bb global_colors_info=\u00a0\u00bb{}\u00a0\u00bb][et_pb_column type=\u00a0\u00bb1_2&Prime; _builder_version=\u00a0\u00bb4.24.3&Prime; _module_preset=\u00a0\u00bbdefault\u00a0\u00bb global_colors_info=\u00a0\u00bb{}\u00a0\u00bb][et_pb_image src=\u00a0\u00bbhttps:\/\/www.teachonmars.com\/wp-content\/uploads\/2024\/11\/LP-BUSINESS-CASE-Cas-GROUPE-CAT-VFR.png\u00a0\u00bb title_text=\u00a0\u00bbLP &#8211; %91BUSINESS CASE%93 Cas GROUPE CAT VFR\u00a0\u00bb _builder_version=\u00a0\u00bb4.24.3&Prime; _module_preset=\u00a0\u00bbdefault\u00a0\u00bb custom_margin=\u00a0\u00bb50px||||false|false\u00a0\u00bb hover_enabled=\u00a0\u00bb0&Prime; global_colors_info=\u00a0\u00bb{}\u00a0\u00bb sticky_enabled=\u00a0\u00bb0&Prime;][\/et_pb_image][\/et_pb_column][et_pb_column type=\u00a0\u00bb1_2&Prime; _builder_version=\u00a0\u00bb4.24.3&Prime; _module_preset=\u00a0\u00bbdefault\u00a0\u00bb global_colors_info=\u00a0\u00bb{}\u00a0\u00bb][et_pb_text _builder_version=\u00a0\u00bb4.24.3&Prime; _module_preset=\u00a0\u00bbdefault\u00a0\u00bb text_font_size=\u00a0\u00bb16px\u00a0\u00bb text_letter_spacing=\u00a0\u00bb1px\u00a0\u00bb text_line_height=\u00a0\u00bb1.8em\u00a0\u00bb header_letter_spacing=\u00a0\u00bb12px\u00a0\u00bb custom_margin=\u00a0\u00bb-5px||||false|false\u00a0\u00bb custom_padding=\u00a0\u00bb1px|0px|32px||false|false\u00a0\u00bb global_colors_info=\u00a0\u00bb{}\u00a0\u00bb]<\/p>\n<p>Le Groupe CAT est l&rsquo;un des leaders europ\u00e9ens du transport automobile et de la logistique. L&rsquo;entreprise d\u00e9veloppe des solutions efficaces pour offrir \u00e0 ses clients une gamme compl\u00e8te de services.<\/p>\n<p>Avec plus de 7 000 employ\u00e9s, un r\u00e9seau dense de 185 sites logistiques \u00e0 travers l&rsquo;Europe et une flotte importante de 1 350 camions et 2 000 wagons, il est primordial pour le Groupe CAT de f\u00e9d\u00e9rer ce vaste r\u00e9seau et de mettre en place des pratiques communes entre les diff\u00e9rentes divisions de transport de v\u00e9hicules.<\/p>\n<p><img decoding=\"async\" src=\"https:\/\/5190091.fs1.hubspotusercontent-na1.net\/hubfs\/5190091\/logobureautique110-png.png?width=250&amp;height=250&amp;name=logobureautique110-png.png\" style=\"display: block; margin-left: auto; margin-right: auto;\" \/><\/p>\n<p><strong><span>D\u00e9couvrez dans l&rsquo;\u00e9tude de cas :<\/span><\/strong><\/p>\n<ul>\n<li><span><strong>pourquoi le Groupe CAT a choisi le mobile learning pour son programme de formation<\/strong><\/span><span><strong><\/strong><\/span><\/li>\n<\/ul>\n<p><span><strong><\/strong><\/span><\/p>\n<ul>\n<li><span><strong>les promesses de cette nouvelle exp\u00e9rience d&rsquo;apprentissage,<br \/><\/strong><\/span><br \/><span><\/span><\/li>\n<li><span><strong>comment l&rsquo;application a \u00e9t\u00e9 d\u00e9ploy\u00e9e,<\/strong><\/span><br \/><span><\/span><br \/><span><\/span><\/li>\n<li><span><strong>les premiers r\u00e9sultats pr\u00e8s d&rsquo;un an apr\u00e8s le lancement de l&rsquo;application.<\/strong><\/span><\/li>\n<\/ul>\n<p>[\/et_pb_text][\/et_pb_column][\/et_pb_row][\/et_pb_section][et_pb_section fb_built=\u00a0\u00bb1&Prime; _builder_version=\u00a0\u00bb4.24.3&Prime; _module_preset=\u00a0\u00bbdefault\u00a0\u00bb background_color=\u00a0\u00bb#E10600&Prime; min_height=\u00a0\u00bb344.3px\u00a0\u00bb custom_padding=\u00a0\u00bb||27px|||\u00a0\u00bb global_colors_info=\u00a0\u00bb{}\u00a0\u00bb][et_pb_row column_structure=\u00a0\u00bb1_2,1_2&Prime; _builder_version=\u00a0\u00bb4.24.3&Prime; _module_preset=\u00a0\u00bbdefault\u00a0\u00bb custom_padding=\u00a0\u00bb|0px|0px|||\u00a0\u00bb global_colors_info=\u00a0\u00bb{}\u00a0\u00bb][et_pb_column type=\u00a0\u00bb1_2&Prime; _builder_version=\u00a0\u00bb4.24.3&Prime; _module_preset=\u00a0\u00bbdefault\u00a0\u00bb global_colors_info=\u00a0\u00bb{}\u00a0\u00bb][et_pb_video src=\u00a0\u00bbhttps:\/\/youtu.be\/fps2HTd-6xI\u00a0\u00bb _builder_version=\u00a0\u00bb4.24.3&Prime; _module_preset=\u00a0\u00bbdefault\u00a0\u00bb module_alignment=\u00a0\u00bbleft\u00a0\u00bb max_height_tablet=\u00a0\u00bb\u00a0\u00bb max_height_phone=\u00a0\u00bb\u00a0\u00bb max_height_last_edited=\u00a0\u00bbon|desktop\u00a0\u00bb custom_margin=\u00a0\u00bb|||-102px|false|false\u00a0\u00bb global_colors_info=\u00a0\u00bb{}\u00a0\u00bb][\/et_pb_video][\/et_pb_column][et_pb_column type=\u00a0\u00bb1_2&Prime; _builder_version=\u00a0\u00bb4.24.3&Prime; _module_preset=\u00a0\u00bbdefault\u00a0\u00bb global_colors_info=\u00a0\u00bb{}\u00a0\u00bb][et_pb_accordion _builder_version=\u00a0\u00bb4.24.3&Prime; _module_preset=\u00a0\u00bbdefault\u00a0\u00bb custom_margin=\u00a0\u00bb62px||||false|false\u00a0\u00bb global_colors_info=\u00a0\u00bb{}\u00a0\u00bb][et_pb_accordion_item title=\u00a0\u00bbBONNES PRATIQUES\u00a0\u00bb open=\u00a0\u00bbon\u00a0\u00bb _builder_version=\u00a0\u00bb4.24.3&Prime; _module_preset=\u00a0\u00bbdefault\u00a0\u00bb global_colors_info=\u00a0\u00bb{}\u00a0\u00bb]<\/p>\n<div class=\"kl-featured-cards__card-wrapper\">\n<div class=\"kl-featured-card\">\n<div class=\"kl-featured-card__body\">\n<div class=\"kl-featured-card__text\">\n<div class=\"kl-featured-card__content\">\n<h4>[Mobile Learning Awards 2022] Lumi\u00e8re sur Maisons du Monde, coup de c\u0153ur du prix \u201cEngagement\u201d!<\/h4>\n<\/div>\n<\/div>\n<p><span style=\"color: #ff0000;\"><a href=\"https:\/\/www.teachonmars.com\/fr\/blog\/2023\/05\/mla22-usecase-maisonsdumonde\/\" class=\"button button--arrow widget_1668065359500__button\" style=\"color: #ff0000;\">EN SAVOIR PLUS\u00a0<\/a><\/span><\/p>\n<\/div>\n<\/div>\n<\/div>\n<p>[\/et_pb_accordion_item][et_pb_accordion_item title=\u00a0\u00bbREPLAY WEBINAR\u00a0\u00bb _builder_version=\u00a0\u00bb4.24.3&Prime; _module_preset=\u00a0\u00bbdefault\u00a0\u00bb global_colors_info=\u00a0\u00bb{}\u00a0\u00bb open=\u00a0\u00bboff\u00a0\u00bb]<\/p>\n<div class=\"kl-featured-card__text\">\n<p><span class=\"kl-featured-card__preheader\" style=\"color: #000000;\">REPLAY WEBINAR<\/span><\/p>\n<div class=\"kl-featured-card__content\">\n<h4><span style=\"color: #000000;\">D\u00e9couvrez comment le laboratoire SVR a augment\u00e9 significativement les performances commerciales en points de vente en s&rsquo;appuyant sur le mobile learning<\/span><\/h4>\n<\/div>\n<\/div>\n<p><span style=\"color: #ff0000;\"><a href=\"https:\/\/info.teachonmars.com\/replay-webinar-svr?hsLang=en\" class=\"button button--arrow widget_1668065359500__button\" style=\"color: #ff0000;\">EN SAVOIR PLUS\u00a0<\/a><\/span><\/p>\n<p>[\/et_pb_accordion_item][\/et_pb_accordion][\/et_pb_column][\/et_pb_row][\/et_pb_section]<\/p>\n","protected":false},"excerpt":{"rendered":"<p>&nbsp; \u00c9TUDE DE CAS Groupe CAT D\u00e9couvrez comment le Groupe CAT a am\u00e9lior\u00e9 sa culture d&rsquo;entreprise et sa performance op\u00e9rationnelle gr\u00e2ce \u00e0 l&rsquo;apprentissage mobile !Le Groupe CAT est l&rsquo;un des leaders europ\u00e9ens du transport automobile et de la logistique. L&rsquo;entreprise d\u00e9veloppe des solutions efficaces pour offrir \u00e0 ses clients une gamme compl\u00e8te de services. Avec [&hellip;]<\/p>\n","protected":false},"author":68,"featured_media":0,"parent":0,"menu_order":0,"comment_status":"closed","ping_status":"closed","template":"","meta":{"_et_pb_use_builder":"on","_et_pb_old_content":"","_et_gb_content_width":"","footnotes":""},"class_list":["post-41835","page","type-page","status-publish","hentry"],"yoast_head":"<!-- This site is optimized with the Yoast SEO Premium plugin v22.6 (Yoast SEO v27.4) - https:\/\/yoast.com\/product\/yoast-seo-premium-wordpress\/ -->\n<title>LP - Retail - Etude de cas Groupe CAT - VFR - Teach on Mars<\/title>\n<meta name=\"robots\" content=\"index, follow, max-snippet:-1, max-image-preview:large, max-video-preview:-1\" \/>\n<link rel=\"canonical\" href=\"https:\/\/www.teachonmars.com\/fr\/lp-etude-de-cas-retail-culture-dentreprise-groupe-cat\/\" \/>\n<meta property=\"og:locale\" content=\"fr_FR\" \/>\n<meta property=\"og:type\" content=\"article\" \/>\n<meta property=\"og:title\" content=\"LP - Retail - Etude de cas Groupe CAT - VFR\" \/>\n<meta property=\"og:description\" content=\"&nbsp; \u00c9TUDE DE CAS Groupe CAT D\u00e9couvrez comment le Groupe CAT a am\u00e9lior\u00e9 sa culture d&#039;entreprise et sa performance op\u00e9rationnelle gr\u00e2ce \u00e0 l&#039;apprentissage mobile !Le Groupe CAT est l&#039;un des leaders europ\u00e9ens du transport automobile et de la logistique. L&#039;entreprise d\u00e9veloppe des solutions efficaces pour offrir \u00e0 ses clients une gamme compl\u00e8te de services. Avec [&hellip;]\" \/>\n<meta property=\"og:url\" content=\"https:\/\/www.teachonmars.com\/fr\/lp-etude-de-cas-retail-culture-dentreprise-groupe-cat\/\" \/>\n<meta property=\"og:site_name\" content=\"Teach on Mars\" \/>\n<meta property=\"article:publisher\" content=\"https:\/\/www.facebook.com\/teachonmars.fr\/\" \/>\n<meta property=\"article:modified_time\" content=\"2024-11-25T14:25:52+00:00\" \/>\n<meta property=\"og:image\" content=\"https:\/\/5190091.fs1.hubspotusercontent-na1.net\/hubfs\/5190091\/logobureautique110-png.png?width=250&amp;height=250&amp;name=logobureautique110-png.png\" \/>\n<meta name=\"twitter:card\" content=\"summary_large_image\" \/>\n<meta name=\"twitter:site\" content=\"@TeachonMarsfr\" \/>\n<meta name=\"twitter:label1\" content=\"Dur\u00e9e de lecture estim\u00e9e\" \/>\n\t<meta name=\"twitter:data1\" content=\"2 minutes\" \/>\n<script type=\"application\/ld+json\" class=\"yoast-schema-graph\">{\"@context\":\"https:\\\/\\\/schema.org\",\"@graph\":[{\"@type\":\"WebPage\",\"@id\":\"https:\\\/\\\/www.teachonmars.com\\\/fr\\\/lp-etude-de-cas-retail-culture-dentreprise-groupe-cat\\\/\",\"url\":\"https:\\\/\\\/www.teachonmars.com\\\/fr\\\/lp-etude-de-cas-retail-culture-dentreprise-groupe-cat\\\/\",\"name\":\"LP - Retail - Etude de cas Groupe CAT - VFR - Teach on Mars\",\"isPartOf\":{\"@id\":\"https:\\\/\\\/www.teachonmars.com\\\/fr\\\/#website\"},\"primaryImageOfPage\":{\"@id\":\"https:\\\/\\\/www.teachonmars.com\\\/fr\\\/lp-etude-de-cas-retail-culture-dentreprise-groupe-cat\\\/#primaryimage\"},\"image\":{\"@id\":\"https:\\\/\\\/www.teachonmars.com\\\/fr\\\/lp-etude-de-cas-retail-culture-dentreprise-groupe-cat\\\/#primaryimage\"},\"thumbnailUrl\":\"https:\\\/\\\/5190091.fs1.hubspotusercontent-na1.net\\\/hubfs\\\/5190091\\\/logobureautique110-png.png?width=250&amp;height=250&amp;name=logobureautique110-png.png\",\"datePublished\":\"2024-08-09T09:40:06+00:00\",\"dateModified\":\"2024-11-25T14:25:52+00:00\",\"breadcrumb\":{\"@id\":\"https:\\\/\\\/www.teachonmars.com\\\/fr\\\/lp-etude-de-cas-retail-culture-dentreprise-groupe-cat\\\/#breadcrumb\"},\"inLanguage\":\"fr-FR\",\"potentialAction\":[{\"@type\":\"ReadAction\",\"target\":[\"https:\\\/\\\/www.teachonmars.com\\\/fr\\\/lp-etude-de-cas-retail-culture-dentreprise-groupe-cat\\\/\"]}]},{\"@type\":\"ImageObject\",\"inLanguage\":\"fr-FR\",\"@id\":\"https:\\\/\\\/www.teachonmars.com\\\/fr\\\/lp-etude-de-cas-retail-culture-dentreprise-groupe-cat\\\/#primaryimage\",\"url\":\"https:\\\/\\\/5190091.fs1.hubspotusercontent-na1.net\\\/hubfs\\\/5190091\\\/logobureautique110-png.png?width=250&amp;height=250&amp;name=logobureautique110-png.png\",\"contentUrl\":\"https:\\\/\\\/5190091.fs1.hubspotusercontent-na1.net\\\/hubfs\\\/5190091\\\/logobureautique110-png.png?width=250&amp;height=250&amp;name=logobureautique110-png.png\"},{\"@type\":\"BreadcrumbList\",\"@id\":\"https:\\\/\\\/www.teachonmars.com\\\/fr\\\/lp-etude-de-cas-retail-culture-dentreprise-groupe-cat\\\/#breadcrumb\",\"itemListElement\":[{\"@type\":\"ListItem\",\"position\":1,\"name\":\"Accueil\",\"item\":\"https:\\\/\\\/www.teachonmars.com\\\/fr\\\/\"},{\"@type\":\"ListItem\",\"position\":2,\"name\":\"LP &#8211; Retail &#8211; Etude de cas Groupe CAT &#8211; VFR\"}]},{\"@type\":\"WebSite\",\"@id\":\"https:\\\/\\\/www.teachonmars.com\\\/fr\\\/#website\",\"url\":\"https:\\\/\\\/www.teachonmars.com\\\/fr\\\/\",\"name\":\"Teach on Mars\",\"description\":\"More Learning Moments. Better Future.\",\"publisher\":{\"@id\":\"https:\\\/\\\/www.teachonmars.com\\\/fr\\\/#organization\"},\"potentialAction\":[{\"@type\":\"SearchAction\",\"target\":{\"@type\":\"EntryPoint\",\"urlTemplate\":\"https:\\\/\\\/www.teachonmars.com\\\/fr\\\/?s={search_term_string}\"},\"query-input\":{\"@type\":\"PropertyValueSpecification\",\"valueRequired\":true,\"valueName\":\"search_term_string\"}}],\"inLanguage\":\"fr-FR\"},{\"@type\":\"Organization\",\"@id\":\"https:\\\/\\\/www.teachonmars.com\\\/fr\\\/#organization\",\"name\":\"Teach on Mars\",\"url\":\"https:\\\/\\\/www.teachonmars.com\\\/fr\\\/\",\"logo\":{\"@type\":\"ImageObject\",\"inLanguage\":\"fr-FR\",\"@id\":\"https:\\\/\\\/www.teachonmars.com\\\/fr\\\/#\\\/schema\\\/logo\\\/image\\\/\",\"url\":\"https:\\\/\\\/www.teachonmars.com\\\/wp-content\\\/uploads\\\/2024\\\/04\\\/logo-Teach-on-march-by-lumapps-1.png\",\"contentUrl\":\"https:\\\/\\\/www.teachonmars.com\\\/wp-content\\\/uploads\\\/2024\\\/04\\\/logo-Teach-on-march-by-lumapps-1.png\",\"width\":1052,\"height\":194,\"caption\":\"Teach on Mars\"},\"image\":{\"@id\":\"https:\\\/\\\/www.teachonmars.com\\\/fr\\\/#\\\/schema\\\/logo\\\/image\\\/\"},\"sameAs\":[\"https:\\\/\\\/www.facebook.com\\\/teachonmars.fr\\\/\",\"https:\\\/\\\/x.com\\\/TeachonMarsfr\",\"https:\\\/\\\/www.linkedin.com\\\/company\\\/teach-on-mars\\\/\"]}]}<\/script>\n<!-- \/ Yoast SEO Premium plugin. -->","yoast_head_json":{"title":"LP - Retail - Etude de cas Groupe CAT - VFR - Teach on Mars","robots":{"index":"index","follow":"follow","max-snippet":"max-snippet:-1","max-image-preview":"max-image-preview:large","max-video-preview":"max-video-preview:-1"},"canonical":"https:\/\/www.teachonmars.com\/fr\/lp-etude-de-cas-retail-culture-dentreprise-groupe-cat\/","og_locale":"fr_FR","og_type":"article","og_title":"LP - Retail - Etude de cas Groupe CAT - VFR","og_description":"&nbsp; \u00c9TUDE DE CAS Groupe CAT D\u00e9couvrez comment le Groupe CAT a am\u00e9lior\u00e9 sa culture d'entreprise et sa performance op\u00e9rationnelle gr\u00e2ce \u00e0 l'apprentissage mobile !Le Groupe CAT est l'un des leaders europ\u00e9ens du transport automobile et de la logistique. L'entreprise d\u00e9veloppe des solutions efficaces pour offrir \u00e0 ses clients une gamme compl\u00e8te de services. Avec [&hellip;]","og_url":"https:\/\/www.teachonmars.com\/fr\/lp-etude-de-cas-retail-culture-dentreprise-groupe-cat\/","og_site_name":"Teach on Mars","article_publisher":"https:\/\/www.facebook.com\/teachonmars.fr\/","article_modified_time":"2024-11-25T14:25:52+00:00","og_image":[{"url":"https:\/\/5190091.fs1.hubspotusercontent-na1.net\/hubfs\/5190091\/logobureautique110-png.png?width=250&amp;height=250&amp;name=logobureautique110-png.png","type":"","width":"","height":""}],"twitter_card":"summary_large_image","twitter_site":"@TeachonMarsfr","twitter_misc":{"Dur\u00e9e de lecture estim\u00e9e":"2 minutes"},"schema":{"@context":"https:\/\/schema.org","@graph":[{"@type":"WebPage","@id":"https:\/\/www.teachonmars.com\/fr\/lp-etude-de-cas-retail-culture-dentreprise-groupe-cat\/","url":"https:\/\/www.teachonmars.com\/fr\/lp-etude-de-cas-retail-culture-dentreprise-groupe-cat\/","name":"LP - Retail - Etude de cas Groupe CAT - VFR - Teach on Mars","isPartOf":{"@id":"https:\/\/www.teachonmars.com\/fr\/#website"},"primaryImageOfPage":{"@id":"https:\/\/www.teachonmars.com\/fr\/lp-etude-de-cas-retail-culture-dentreprise-groupe-cat\/#primaryimage"},"image":{"@id":"https:\/\/www.teachonmars.com\/fr\/lp-etude-de-cas-retail-culture-dentreprise-groupe-cat\/#primaryimage"},"thumbnailUrl":"https:\/\/5190091.fs1.hubspotusercontent-na1.net\/hubfs\/5190091\/logobureautique110-png.png?width=250&amp;height=250&amp;name=logobureautique110-png.png","datePublished":"2024-08-09T09:40:06+00:00","dateModified":"2024-11-25T14:25:52+00:00","breadcrumb":{"@id":"https:\/\/www.teachonmars.com\/fr\/lp-etude-de-cas-retail-culture-dentreprise-groupe-cat\/#breadcrumb"},"inLanguage":"fr-FR","potentialAction":[{"@type":"ReadAction","target":["https:\/\/www.teachonmars.com\/fr\/lp-etude-de-cas-retail-culture-dentreprise-groupe-cat\/"]}]},{"@type":"ImageObject","inLanguage":"fr-FR","@id":"https:\/\/www.teachonmars.com\/fr\/lp-etude-de-cas-retail-culture-dentreprise-groupe-cat\/#primaryimage","url":"https:\/\/5190091.fs1.hubspotusercontent-na1.net\/hubfs\/5190091\/logobureautique110-png.png?width=250&amp;height=250&amp;name=logobureautique110-png.png","contentUrl":"https:\/\/5190091.fs1.hubspotusercontent-na1.net\/hubfs\/5190091\/logobureautique110-png.png?width=250&amp;height=250&amp;name=logobureautique110-png.png"},{"@type":"BreadcrumbList","@id":"https:\/\/www.teachonmars.com\/fr\/lp-etude-de-cas-retail-culture-dentreprise-groupe-cat\/#breadcrumb","itemListElement":[{"@type":"ListItem","position":1,"name":"Accueil","item":"https:\/\/www.teachonmars.com\/fr\/"},{"@type":"ListItem","position":2,"name":"LP &#8211; Retail &#8211; Etude de cas Groupe CAT &#8211; VFR"}]},{"@type":"WebSite","@id":"https:\/\/www.teachonmars.com\/fr\/#website","url":"https:\/\/www.teachonmars.com\/fr\/","name":"Teach on Mars","description":"More Learning Moments. Better Future.","publisher":{"@id":"https:\/\/www.teachonmars.com\/fr\/#organization"},"potentialAction":[{"@type":"SearchAction","target":{"@type":"EntryPoint","urlTemplate":"https:\/\/www.teachonmars.com\/fr\/?s={search_term_string}"},"query-input":{"@type":"PropertyValueSpecification","valueRequired":true,"valueName":"search_term_string"}}],"inLanguage":"fr-FR"},{"@type":"Organization","@id":"https:\/\/www.teachonmars.com\/fr\/#organization","name":"Teach on Mars","url":"https:\/\/www.teachonmars.com\/fr\/","logo":{"@type":"ImageObject","inLanguage":"fr-FR","@id":"https:\/\/www.teachonmars.com\/fr\/#\/schema\/logo\/image\/","url":"https:\/\/www.teachonmars.com\/wp-content\/uploads\/2024\/04\/logo-Teach-on-march-by-lumapps-1.png","contentUrl":"https:\/\/www.teachonmars.com\/wp-content\/uploads\/2024\/04\/logo-Teach-on-march-by-lumapps-1.png","width":1052,"height":194,"caption":"Teach on Mars"},"image":{"@id":"https:\/\/www.teachonmars.com\/fr\/#\/schema\/logo\/image\/"},"sameAs":["https:\/\/www.facebook.com\/teachonmars.fr\/","https:\/\/x.com\/TeachonMarsfr","https:\/\/www.linkedin.com\/company\/teach-on-mars\/"]}]}},"_links":{"self":[{"href":"https:\/\/www.teachonmars.com\/fr\/wp-json\/wp\/v2\/pages\/41835","targetHints":{"allow":["GET"]}}],"collection":[{"href":"https:\/\/www.teachonmars.com\/fr\/wp-json\/wp\/v2\/pages"}],"about":[{"href":"https:\/\/www.teachonmars.com\/fr\/wp-json\/wp\/v2\/types\/page"}],"author":[{"embeddable":true,"href":"https:\/\/www.teachonmars.com\/fr\/wp-json\/wp\/v2\/users\/68"}],"replies":[{"embeddable":true,"href":"https:\/\/www.teachonmars.com\/fr\/wp-json\/wp\/v2\/comments?post=41835"}],"version-history":[{"count":0,"href":"https:\/\/www.teachonmars.com\/fr\/wp-json\/wp\/v2\/pages\/41835\/revisions"}],"wp:attachment":[{"href":"https:\/\/www.teachonmars.com\/fr\/wp-json\/wp\/v2\/media?parent=41835"}],"curies":[{"name":"wp","href":"https:\/\/api.w.org\/{rel}","templated":true}]}}