{"id":41621,"date":"2024-09-11T12:50:01","date_gmt":"2024-09-11T10:50:01","guid":{"rendered":"https:\/\/www.teachonmars.com\/?page_id=41621"},"modified":"2024-11-25T15:35:19","modified_gmt":"2024-11-25T14:35:19","slug":"replay-le-blended-learning-cest-bien-vu-par-les-clients-de-teach-on-mars-cest-encore-mieux","status":"publish","type":"page","link":"https:\/\/www.teachonmars.com\/fr\/replay-le-blended-learning-cest-bien-vu-par-les-clients-de-teach-on-mars-cest-encore-mieux\/","title":{"rendered":"Replay &#8211; Le Blended Learning c\u2019est bien, vu par les clients de Teach on Mars c\u2019est encore mieux !"},"content":{"rendered":"<p>[et_pb_section fb_built=\u00a0\u00bb1&Prime; admin_label=\u00a0\u00bbSection Headline\u00a0\u00bb module_id=\u00a0\u00bblp-section-1&Prime; _builder_version=\u00a0\u00bb4.24.3&Prime; _module_preset=\u00a0\u00bbdefault\u00a0\u00bb background_color=\u00a0\u00bb#E10600&Prime; background_image=\u00a0\u00bbhttps:\/\/info.teachonmars.com\/hubfs\/blended-learning-clients.png\u00a0\u00bb background_position=\u00a0\u00bbbottom_center\u00a0\u00bb background_blend=\u00a0\u00bbdarken\u00a0\u00bb custom_padding=\u00a0\u00bb0px||0px||false|false\u00a0\u00bb hover_enabled=\u00a0\u00bb0&Prime; custom_css_main_element=\u00a0\u00bbdisplay: flex; \/* contexte sur le parent *\/||flex-direction: column; \/* direction d&rsquo;affichage verticale *\/||justify-content: center; \/* alignement vertical *\/\u00a0\u00bb locked=\u00a0\u00bboff\u00a0\u00bb global_colors_info=\u00a0\u00bb{}\u00a0\u00bb sticky_enabled=\u00a0\u00bb0&Prime;][et_pb_row use_custom_gutter=\u00a0\u00bbon\u00a0\u00bb gutter_width=\u00a0\u00bb2&Prime; admin_label=\u00a0\u00bbTitre\u00a0\u00bb module_id=\u00a0\u00bbform\u00a0\u00bb _builder_version=\u00a0\u00bb4.24.3&Prime; _module_preset=\u00a0\u00bbdefault\u00a0\u00bb background_enable_image=\u00a0\u00bboff\u00a0\u00bb positioning=\u00a0\u00bbnone\u00a0\u00bb position_origin_a=\u00a0\u00bbcenter_center\u00a0\u00bb max_width=\u00a0\u00bb2284px\u00a0\u00bb min_height=\u00a0\u00bb451px\u00a0\u00bb custom_margin=\u00a0\u00bb|auto|10px|auto||\u00a0\u00bb custom_padding=\u00a0\u00bb||4px||false|false\u00a0\u00bb scroll_fade_enable=\u00a0\u00bbon\u00a0\u00bb scroll_fade=\u00a0\u00bb0|80|80|100|100%|100|0%\u00a0\u00bb hover_enabled=\u00a0\u00bb0&Prime; global_colors_info=\u00a0\u00bb{}\u00a0\u00bb sticky_enabled=\u00a0\u00bb0&Prime;][et_pb_column type=\u00a0\u00bb4_4&Prime; _builder_version=\u00a0\u00bb4.24.3&Prime; _module_preset=\u00a0\u00bbdefault\u00a0\u00bb custom_css_main_element=\u00a0\u00bbdisplay: flex; \/* contexte sur le parent *\/||flex-direction: column; \/* direction d&rsquo;affichage verticale *\/||justify-content: center; \/* alignement vertical *\/\u00a0\u00bb global_colors_info=\u00a0\u00bb{}\u00a0\u00bb][et_pb_text _builder_version=\u00a0\u00bb4.24.3&Prime; _module_preset=\u00a0\u00bbdefault\u00a0\u00bb text_line_height=\u00a0\u00bb1.8em\u00a0\u00bb width=\u00a0\u00bb97.5%\u00a0\u00bb max_width=\u00a0\u00bb100%\u00a0\u00bb min_height=\u00a0\u00bb100px\u00a0\u00bb max_height=\u00a0\u00bb1000px\u00a0\u00bb custom_margin=\u00a0\u00bb150px|189px|100px|50px|false|false\u00a0\u00bb custom_padding=\u00a0\u00bb|100px||200px||\u00a0\u00bb global_colors_info=\u00a0\u00bb{}\u00a0\u00bb]<\/p>\n<div class=\"row-fluid-wrapper row-depth-1 row-number-1 dnd_area-row-0-max-width-section-centering dnd-section dnd_area-row-0-background-image\">\n<div class=\"row-fluid \">\n<div class=\"span12 widget-span widget-type-cell dnd-column\" data-widget-type=\"cell\" data-x=\"0\" data-w=\"12\">\n<div class=\"row-fluid-wrapper row-depth-1 row-number-2 dnd-row\">\n<div class=\"row-fluid \">\n<div class=\"span12 widget-span widget-type-custom_widget dnd-module\" data-widget-type=\"custom_widget\" data-x=\"0\" data-w=\"12\">\n<div class=\"row-fluid-wrapper row-depth-1 row-number-1 dnd_area-row-0-max-width-section-centering dnd-section dnd_area-row-0-background-image\">\n<div class=\"row-fluid \">\n<div class=\"span12 widget-span widget-type-cell dnd-column\" data-widget-type=\"cell\" data-x=\"0\" data-w=\"12\">\n<div class=\"row-fluid-wrapper row-depth-1 row-number-2 dnd-row\">\n<div class=\"row-fluid \">\n<div class=\"span12 widget-span widget-type-custom_widget dnd-module\" data-widget-type=\"custom_widget\" data-x=\"0\" data-w=\"12\">\n<div id=\"hs_cos_wrapper_module_16523731484114\" class=\"hs_cos_wrapper hs_cos_wrapper_widget hs_cos_wrapper_type_module widget-type-header\" data-hs-cos-general-type=\"widget\" data-hs-cos-type=\"module\">\n<div class=\"row-fluid-wrapper row-depth-1 row-number-1 dnd_area-row-0-max-width-section-centering dnd-section dnd_area-row-0-background-image\">\n<div class=\"row-fluid \">\n<div class=\"span12 widget-span widget-type-cell dnd-column\" data-widget-type=\"cell\" data-x=\"0\" data-w=\"12\">\n<div class=\"row-fluid-wrapper row-depth-1 row-number-2 dnd-row\">\n<div class=\"row-fluid \">\n<div class=\"span12 widget-span widget-type-custom_widget dnd-module\" data-widget-type=\"custom_widget\" data-x=\"0\" data-w=\"12\">\n<div id=\"hs_cos_wrapper_module_16523738757865\" class=\"hs_cos_wrapper hs_cos_wrapper_widget hs_cos_wrapper_type_module widget-type-header\" data-hs-cos-general-type=\"widget\" data-hs-cos-type=\"module\">\n<h1><span style=\"color: #ffffff; font-size:50px;\">LE BLENDED LEARNING CHEZ LOUIS VUITTON, ROCHE ET BPCE<\/span><\/h1>\n<\/div>\n<\/div>\n<\/div>\n<\/div>\n<\/div>\n<\/div>\n<\/div>\n<div class=\"row-fluid-wrapper row-depth-1 row-number-3 dnd_area-row-1-padding dnd_area-row-1-max-width-section-centering dnd-section\">\n<div class=\"row-fluid \">\n<div class=\"span7 widget-span widget-type-cell dnd-column\" data-widget-type=\"cell\" data-x=\"0\" data-w=\"7\">\n<div class=\"row-fluid-wrapper row-depth-1 row-number-4 dnd-row\">\n<div class=\"row-fluid \">\n<div class=\"span12 widget-span widget-type-custom_widget dnd-module\" data-widget-type=\"custom_widget\" data-x=\"0\" data-w=\"12\">\n<div id=\"hs_cos_wrapper_module_16523739237997\" class=\"hs_cos_wrapper hs_cos_wrapper_widget hs_cos_wrapper_type_module widget-type-rich_text\" data-hs-cos-general-type=\"widget\" data-hs-cos-type=\"module\"><\/div>\n<\/div>\n<\/div>\n<\/div>\n<\/div>\n<\/div>\n<\/div>\n<\/div>\n<\/div>\n<\/div>\n<\/div>\n<\/div>\n<\/div>\n<\/div>\n<div class=\"row-fluid-wrapper row-depth-1 row-number-3 dnd_area-row-1-padding dnd_area-row-1-max-width-section-centering dnd-section\">\n<div class=\"row-fluid \">\n<div class=\"span7 widget-span widget-type-cell dnd-column\" data-widget-type=\"cell\" data-x=\"0\" data-w=\"7\">\n<div class=\"row-fluid-wrapper row-depth-1 row-number-4 dnd-row\">\n<div class=\"row-fluid \">\n<div class=\"span12 widget-span widget-type-custom_widget dnd-module\" data-widget-type=\"custom_widget\" data-x=\"0\" data-w=\"12\">\n<div id=\"hs_cos_wrapper_module_16523732253642\" class=\"hs_cos_wrapper hs_cos_wrapper_widget hs_cos_wrapper_type_module widget-type-rich_text\" data-hs-cos-general-type=\"widget\" data-hs-cos-type=\"module\"><\/div>\n<\/div>\n<\/div>\n<\/div>\n<\/div>\n<\/div>\n<\/div>\n<\/div>\n<\/div>\n<\/div>\n<\/div>\n<\/div>\n<\/div>\n<p>[\/et_pb_text][\/et_pb_column][\/et_pb_row][\/et_pb_section][et_pb_section fb_built=\u00a0\u00bb1&Prime; admin_label=\u00a0\u00bbSection Headline\u00a0\u00bb module_id=\u00a0\u00bblp-section-1&Prime; _builder_version=\u00a0\u00bb4.24.3&Prime; _module_preset=\u00a0\u00bbdefault\u00a0\u00bb background_color=\u00a0\u00bbRGBA(255,255,255,0)\u00a0\u00bb background_enable_image=\u00a0\u00bboff\u00a0\u00bb parallax=\u00a0\u00bbon\u00a0\u00bb min_height=\u00a0\u00bb571.8px\u00a0\u00bb custom_margin=\u00a0\u00bb||23px|||\u00a0\u00bb custom_padding=\u00a0\u00bb0px||0px||false|false\u00a0\u00bb custom_css_main_element=\u00a0\u00bbdisplay: flex; \/* contexte sur le parent *\/||flex-direction: column; \/* direction d&rsquo;affichage verticale *\/||justify-content: center; \/* alignement vertical *\/\u00a0\u00bb locked=\u00a0\u00bboff\u00a0\u00bb global_colors_info=\u00a0\u00bb{}\u00a0\u00bb][et_pb_row column_structure=\u00a0\u00bb2_3,1_3&Prime; use_custom_gutter=\u00a0\u00bbon\u00a0\u00bb gutter_width=\u00a0\u00bb2&Prime; admin_label=\u00a0\u00bbTitre\u00a0\u00bb module_id=\u00a0\u00bbform\u00a0\u00bb _builder_version=\u00a0\u00bb4.24.3&Prime; _module_preset=\u00a0\u00bbdefault\u00a0\u00bb positioning=\u00a0\u00bbnone\u00a0\u00bb position_origin_a=\u00a0\u00bbcenter_center\u00a0\u00bb max_width=\u00a0\u00bb1907px\u00a0\u00bb min_height=\u00a0\u00bb300.1px\u00a0\u00bb custom_margin=\u00a0\u00bb|151px|-51px|auto||\u00a0\u00bb custom_padding=\u00a0\u00bb|60px|4px|0px|false|false\u00a0\u00bb scroll_fade_enable=\u00a0\u00bbon\u00a0\u00bb scroll_fade=\u00a0\u00bb0|80|80|100|100%|100|0%\u00a0\u00bb global_colors_info=\u00a0\u00bb{}\u00a0\u00bb][et_pb_column type=\u00a0\u00bb2_3&Prime; _builder_version=\u00a0\u00bb4.24.3&Prime; _module_preset=\u00a0\u00bbdefault\u00a0\u00bb custom_css_main_element=\u00a0\u00bbdisplay: flex; \/* contexte sur le parent *\/||flex-direction: column; \/* direction d&rsquo;affichage verticale *\/||justify-content: center; \/* alignement vertical *\/\u00a0\u00bb global_colors_info=\u00a0\u00bb{}\u00a0\u00bb][et_pb_text _builder_version=\u00a0\u00bb4.24.3&Prime; _module_preset=\u00a0\u00bbdefault\u00a0\u00bb header_text_color=\u00a0\u00bb#000000&Prime; header_2_text_color=\u00a0\u00bb#000000&Prime; background_layout=\u00a0\u00bbdark\u00a0\u00bb width=\u00a0\u00bb86.4%\u00a0\u00bb custom_margin=\u00a0\u00bb||40px|||\u00a0\u00bb custom_padding=\u00a0\u00bb|0px||||\u00a0\u00bb text_orientation_tablet=\u00a0\u00bbcenter\u00a0\u00bb text_orientation_phone=\u00a0\u00bb\u00a0\u00bb text_orientation_last_edited=\u00a0\u00bbon|tablet\u00a0\u00bb global_colors_info=\u00a0\u00bb{}\u00a0\u00bb]<\/p>\n<h2><span style=\"color: #ff0000;\">LE BLENDED LEARNING C&rsquo;EST BIEN, VU PAR LES CLIENTS TEACH ON MARS C&rsquo;EST ENCORE MIEUX !<\/span><\/h2>\n<p><span style=\"color: #000000;\">De la contrainte nait la cr\u00e9ativit\u00e9 : depuis 2020, vous avez certainement d\u00fb redoubler d&rsquo;originalit\u00e9 pour adapter et transformer vos dispositifs de formation !<\/span><\/p>\n<p><span style=\"color: #000000;\">D\u00e9couvrez dans ce webinar les t\u00e9moignages de nos clients Louis Vuitton, Roche Diab\u00e8tes Care France et BPCE qui nous partagent leurs bonnes pratiques et t\u00e9moignages pour illustrer le blended-learning au service de l&rsquo;agilit\u00e9 p\u00e9dagogique.<\/span><\/p>\n<p>[\/et_pb_text][\/et_pb_column][et_pb_column type=\u00a0\u00bb1_3&Prime; _builder_version=\u00a0\u00bb4.16&Prime; _module_preset=\u00a0\u00bbdefault\u00a0\u00bb custom_css_main_element=\u00a0\u00bbdisplay: flex; \/* contexte sur le parent *\/||flex-direction: column; \/* direction d&rsquo;affichage verticale *\/||justify-content: center; \/* alignement vertical *\/\u00a0\u00bb global_colors_info=\u00a0\u00bb{}\u00a0\u00bb][et_pb_code _builder_version=\u00a0\u00bb4.24.3&Prime; _module_preset=\u00a0\u00bbdefault\u00a0\u00bb min_height=\u00a0\u00bb487.8px\u00a0\u00bb hover_enabled=\u00a0\u00bb0&Prime; global_colors_info=\u00a0\u00bb{}\u00a0\u00bb background_color=\u00a0\u00bb#FFFFFF\u00a0\u00bb sticky_enabled=\u00a0\u00bb0&Prime;]<iframe loading=\"lazy\" src=\"https:\/\/www2.teachonmars.com\/l\/702703\/2024-09-09\/9w7sq4\" width=\"100%\" height=\"500\" type=\"text\/html\" frameborder=\"0\" allowTransparency=\"true\" style=\"border: 0\"><\/iframe>[\/et_pb_code][\/et_pb_column][\/et_pb_row][\/et_pb_section][et_pb_section fb_built=\u00a0\u00bb1&Prime; _builder_version=\u00a0\u00bb4.24.3&Prime; _module_preset=\u00a0\u00bbdefault\u00a0\u00bb min_height=\u00a0\u00bb48.4px\u00a0\u00bb custom_margin=\u00a0\u00bb85px|||||\u00a0\u00bb custom_padding=\u00a0\u00bb0px||6px|||\u00a0\u00bb global_colors_info=\u00a0\u00bb{}\u00a0\u00bb][et_pb_row _builder_version=\u00a0\u00bb4.24.3&Prime; _module_preset=\u00a0\u00bbdefault\u00a0\u00bb global_colors_info=\u00a0\u00bb{}\u00a0\u00bb][et_pb_column type=\u00a0\u00bb4_4&Prime; _builder_version=\u00a0\u00bb4.24.3&Prime; _module_preset=\u00a0\u00bbdefault\u00a0\u00bb global_colors_info=\u00a0\u00bb{}\u00a0\u00bb][et_pb_text _builder_version=\u00a0\u00bb4.24.3&Prime; _module_preset=\u00a0\u00bbdefault\u00a0\u00bb custom_padding=\u00a0\u00bb||0px|||\u00a0\u00bb global_colors_info=\u00a0\u00bb{}\u00a0\u00bb]<\/p>\n<h2><span style=\"color: #e10600;\">ANIM\u00c9 PAR :<\/span><\/h2>\n<p>[\/et_pb_text][\/et_pb_column][\/et_pb_row][et_pb_row column_structure=\u00a0\u00bb1_4,3_4&Prime; _builder_version=\u00a0\u00bb4.24.3&Prime; _module_preset=\u00a0\u00bbdefault\u00a0\u00bb custom_padding=\u00a0\u00bb||1px|||\u00a0\u00bb global_colors_info=\u00a0\u00bb{}\u00a0\u00bb][et_pb_column type=\u00a0\u00bb1_4&Prime; _builder_version=\u00a0\u00bb4.24.3&Prime; _module_preset=\u00a0\u00bbdefault\u00a0\u00bb global_colors_info=\u00a0\u00bb{}\u00a0\u00bb][et_pb_image src=\u00a0\u00bbhttps:\/\/www.teachonmars.com\/wp-content\/uploads\/2024\/11\/tiphaine-speaker.png\u00a0\u00bb alt=\u00a0\u00bbtiphaine duchet teach on mars vp operations\u00a0\u00bb title_text=\u00a0\u00bbtiphaine-speaker\u00a0\u00bb _builder_version=\u00a0\u00bb4.24.3&Prime; _module_preset=\u00a0\u00bbdefault\u00a0\u00bb hover_enabled=\u00a0\u00bb0&Prime; global_colors_info=\u00a0\u00bb{}\u00a0\u00bb sticky_enabled=\u00a0\u00bb0&Prime;][\/et_pb_image][\/et_pb_column][et_pb_column type=\u00a0\u00bb3_4&Prime; _builder_version=\u00a0\u00bb4.24.3&Prime; _module_preset=\u00a0\u00bbdefault\u00a0\u00bb global_colors_info=\u00a0\u00bb{}\u00a0\u00bb][et_pb_text _builder_version=\u00a0\u00bb4.24.3&Prime; _module_preset=\u00a0\u00bbdefault\u00a0\u00bb custom_margin=\u00a0\u00bb50px||||false|false\u00a0\u00bb global_colors_info=\u00a0\u00bb{}\u00a0\u00bb]<\/p>\n<h3><span><strong>Tiphaine Duchet &#8211; VP Operations, Teach on Mars<br \/><\/strong><\/span><\/h3>\n<p><span><strong><\/strong><\/span><\/p>\n<p><span><strong><\/strong><\/span><\/p>\n<h5>Tiphaine a rejoint Teach on Mars apr\u00e8s 13 ann\u00e9es pass\u00e9es dans le conseil en strat\u00e9gie de formation multi-modale. Tour \u00e0 tour formatrice, ing\u00e9nieur p\u00e9dagogique, responsable d\u2019un p\u00f4le e-learning, consultante et accompagnatrice de grands projets, Directrice d\u2019un p\u00f4le digital\u2026 elle partage aujourd\u2019hui avec plaisir et expertise, sa riche exp\u00e9rience du Digital Learning.<\/h5>\n<p>[\/et_pb_text][\/et_pb_column][\/et_pb_row][\/et_pb_section]<\/p>\n","protected":false},"excerpt":{"rendered":"<p>LE BLENDED LEARNING CHEZ LOUIS VUITTON, ROCHE ET BPCE LE BLENDED LEARNING C&rsquo;EST BIEN, VU PAR LES CLIENTS TEACH ON MARS C&rsquo;EST ENCORE MIEUX ! De la contrainte nait la cr\u00e9ativit\u00e9 : depuis 2020, vous avez certainement d\u00fb redoubler d&rsquo;originalit\u00e9 pour adapter et transformer vos dispositifs de formation ! D\u00e9couvrez dans ce webinar les t\u00e9moignages [&hellip;]<\/p>\n","protected":false},"author":68,"featured_media":0,"parent":0,"menu_order":0,"comment_status":"closed","ping_status":"closed","template":"","meta":{"_et_pb_use_builder":"on","_et_pb_old_content":"","_et_gb_content_width":"","footnotes":""},"class_list":["post-41621","page","type-page","status-publish","hentry"],"yoast_head":"<!-- This site is optimized with the Yoast SEO Premium plugin v22.6 (Yoast SEO v27.4) - https:\/\/yoast.com\/product\/yoast-seo-premium-wordpress\/ -->\n<title>Replay - Le Blended Learning c\u2019est bien, vu par les clients de Teach on Mars c\u2019est encore mieux ! - Teach on Mars<\/title>\n<meta name=\"robots\" content=\"index, follow, max-snippet:-1, max-image-preview:large, max-video-preview:-1\" \/>\n<link rel=\"canonical\" href=\"https:\/\/www.teachonmars.com\/fr\/replay-le-blended-learning-cest-bien-vu-par-les-clients-de-teach-on-mars-cest-encore-mieux\/\" \/>\n<meta property=\"og:locale\" content=\"fr_FR\" \/>\n<meta property=\"og:type\" content=\"article\" \/>\n<meta property=\"og:title\" content=\"Replay - Le Blended Learning c\u2019est bien, vu par les clients de Teach on Mars c\u2019est encore mieux !\" \/>\n<meta property=\"og:description\" content=\"LE BLENDED LEARNING CHEZ LOUIS VUITTON, ROCHE ET BPCE LE BLENDED LEARNING C&#039;EST BIEN, VU PAR LES CLIENTS TEACH ON MARS C&#039;EST ENCORE MIEUX ! De la contrainte nait la cr\u00e9ativit\u00e9 : depuis 2020, vous avez certainement d\u00fb redoubler d&#039;originalit\u00e9 pour adapter et transformer vos dispositifs de formation ! D\u00e9couvrez dans ce webinar les t\u00e9moignages [&hellip;]\" \/>\n<meta property=\"og:url\" content=\"https:\/\/www.teachonmars.com\/fr\/replay-le-blended-learning-cest-bien-vu-par-les-clients-de-teach-on-mars-cest-encore-mieux\/\" \/>\n<meta property=\"og:site_name\" content=\"Teach on Mars\" \/>\n<meta property=\"article:publisher\" content=\"https:\/\/www.facebook.com\/teachonmars.fr\/\" \/>\n<meta property=\"article:modified_time\" content=\"2024-11-25T14:35:19+00:00\" \/>\n<meta name=\"twitter:card\" content=\"summary_large_image\" \/>\n<meta name=\"twitter:site\" content=\"@TeachonMarsfr\" \/>\n<meta name=\"twitter:label1\" content=\"Dur\u00e9e de lecture estim\u00e9e\" \/>\n\t<meta name=\"twitter:data1\" content=\"1 minute\" \/>\n<script type=\"application\/ld+json\" class=\"yoast-schema-graph\">{\"@context\":\"https:\\\/\\\/schema.org\",\"@graph\":[{\"@type\":\"WebPage\",\"@id\":\"https:\\\/\\\/www.teachonmars.com\\\/fr\\\/replay-le-blended-learning-cest-bien-vu-par-les-clients-de-teach-on-mars-cest-encore-mieux\\\/\",\"url\":\"https:\\\/\\\/www.teachonmars.com\\\/fr\\\/replay-le-blended-learning-cest-bien-vu-par-les-clients-de-teach-on-mars-cest-encore-mieux\\\/\",\"name\":\"Replay - Le Blended Learning c\u2019est bien, vu par les clients de Teach on Mars c\u2019est encore mieux ! - Teach on Mars\",\"isPartOf\":{\"@id\":\"https:\\\/\\\/www.teachonmars.com\\\/fr\\\/#website\"},\"datePublished\":\"2024-09-11T10:50:01+00:00\",\"dateModified\":\"2024-11-25T14:35:19+00:00\",\"breadcrumb\":{\"@id\":\"https:\\\/\\\/www.teachonmars.com\\\/fr\\\/replay-le-blended-learning-cest-bien-vu-par-les-clients-de-teach-on-mars-cest-encore-mieux\\\/#breadcrumb\"},\"inLanguage\":\"fr-FR\",\"potentialAction\":[{\"@type\":\"ReadAction\",\"target\":[\"https:\\\/\\\/www.teachonmars.com\\\/fr\\\/replay-le-blended-learning-cest-bien-vu-par-les-clients-de-teach-on-mars-cest-encore-mieux\\\/\"]}]},{\"@type\":\"BreadcrumbList\",\"@id\":\"https:\\\/\\\/www.teachonmars.com\\\/fr\\\/replay-le-blended-learning-cest-bien-vu-par-les-clients-de-teach-on-mars-cest-encore-mieux\\\/#breadcrumb\",\"itemListElement\":[{\"@type\":\"ListItem\",\"position\":1,\"name\":\"Accueil\",\"item\":\"https:\\\/\\\/www.teachonmars.com\\\/fr\\\/\"},{\"@type\":\"ListItem\",\"position\":2,\"name\":\"Replay &#8211; Le Blended Learning c\u2019est bien, vu par les clients de Teach on Mars c\u2019est encore mieux !\"}]},{\"@type\":\"WebSite\",\"@id\":\"https:\\\/\\\/www.teachonmars.com\\\/fr\\\/#website\",\"url\":\"https:\\\/\\\/www.teachonmars.com\\\/fr\\\/\",\"name\":\"Teach on Mars\",\"description\":\"More Learning Moments. Better Future.\",\"publisher\":{\"@id\":\"https:\\\/\\\/www.teachonmars.com\\\/fr\\\/#organization\"},\"potentialAction\":[{\"@type\":\"SearchAction\",\"target\":{\"@type\":\"EntryPoint\",\"urlTemplate\":\"https:\\\/\\\/www.teachonmars.com\\\/fr\\\/?s={search_term_string}\"},\"query-input\":{\"@type\":\"PropertyValueSpecification\",\"valueRequired\":true,\"valueName\":\"search_term_string\"}}],\"inLanguage\":\"fr-FR\"},{\"@type\":\"Organization\",\"@id\":\"https:\\\/\\\/www.teachonmars.com\\\/fr\\\/#organization\",\"name\":\"Teach on Mars\",\"url\":\"https:\\\/\\\/www.teachonmars.com\\\/fr\\\/\",\"logo\":{\"@type\":\"ImageObject\",\"inLanguage\":\"fr-FR\",\"@id\":\"https:\\\/\\\/www.teachonmars.com\\\/fr\\\/#\\\/schema\\\/logo\\\/image\\\/\",\"url\":\"https:\\\/\\\/www.teachonmars.com\\\/wp-content\\\/uploads\\\/2024\\\/04\\\/logo-Teach-on-march-by-lumapps-1.png\",\"contentUrl\":\"https:\\\/\\\/www.teachonmars.com\\\/wp-content\\\/uploads\\\/2024\\\/04\\\/logo-Teach-on-march-by-lumapps-1.png\",\"width\":1052,\"height\":194,\"caption\":\"Teach on Mars\"},\"image\":{\"@id\":\"https:\\\/\\\/www.teachonmars.com\\\/fr\\\/#\\\/schema\\\/logo\\\/image\\\/\"},\"sameAs\":[\"https:\\\/\\\/www.facebook.com\\\/teachonmars.fr\\\/\",\"https:\\\/\\\/x.com\\\/TeachonMarsfr\",\"https:\\\/\\\/www.linkedin.com\\\/company\\\/teach-on-mars\\\/\"]}]}<\/script>\n<!-- \/ Yoast SEO Premium plugin. -->","yoast_head_json":{"title":"Replay - Le Blended Learning c\u2019est bien, vu par les clients de Teach on Mars c\u2019est encore mieux ! - Teach on Mars","robots":{"index":"index","follow":"follow","max-snippet":"max-snippet:-1","max-image-preview":"max-image-preview:large","max-video-preview":"max-video-preview:-1"},"canonical":"https:\/\/www.teachonmars.com\/fr\/replay-le-blended-learning-cest-bien-vu-par-les-clients-de-teach-on-mars-cest-encore-mieux\/","og_locale":"fr_FR","og_type":"article","og_title":"Replay - Le Blended Learning c\u2019est bien, vu par les clients de Teach on Mars c\u2019est encore mieux !","og_description":"LE BLENDED LEARNING CHEZ LOUIS VUITTON, ROCHE ET BPCE LE BLENDED LEARNING C'EST BIEN, VU PAR LES CLIENTS TEACH ON MARS C'EST ENCORE MIEUX ! De la contrainte nait la cr\u00e9ativit\u00e9 : depuis 2020, vous avez certainement d\u00fb redoubler d'originalit\u00e9 pour adapter et transformer vos dispositifs de formation ! D\u00e9couvrez dans ce webinar les t\u00e9moignages [&hellip;]","og_url":"https:\/\/www.teachonmars.com\/fr\/replay-le-blended-learning-cest-bien-vu-par-les-clients-de-teach-on-mars-cest-encore-mieux\/","og_site_name":"Teach on Mars","article_publisher":"https:\/\/www.facebook.com\/teachonmars.fr\/","article_modified_time":"2024-11-25T14:35:19+00:00","twitter_card":"summary_large_image","twitter_site":"@TeachonMarsfr","twitter_misc":{"Dur\u00e9e de lecture estim\u00e9e":"1 minute"},"schema":{"@context":"https:\/\/schema.org","@graph":[{"@type":"WebPage","@id":"https:\/\/www.teachonmars.com\/fr\/replay-le-blended-learning-cest-bien-vu-par-les-clients-de-teach-on-mars-cest-encore-mieux\/","url":"https:\/\/www.teachonmars.com\/fr\/replay-le-blended-learning-cest-bien-vu-par-les-clients-de-teach-on-mars-cest-encore-mieux\/","name":"Replay - Le Blended Learning c\u2019est bien, vu par les clients de Teach on Mars c\u2019est encore mieux ! - Teach on Mars","isPartOf":{"@id":"https:\/\/www.teachonmars.com\/fr\/#website"},"datePublished":"2024-09-11T10:50:01+00:00","dateModified":"2024-11-25T14:35:19+00:00","breadcrumb":{"@id":"https:\/\/www.teachonmars.com\/fr\/replay-le-blended-learning-cest-bien-vu-par-les-clients-de-teach-on-mars-cest-encore-mieux\/#breadcrumb"},"inLanguage":"fr-FR","potentialAction":[{"@type":"ReadAction","target":["https:\/\/www.teachonmars.com\/fr\/replay-le-blended-learning-cest-bien-vu-par-les-clients-de-teach-on-mars-cest-encore-mieux\/"]}]},{"@type":"BreadcrumbList","@id":"https:\/\/www.teachonmars.com\/fr\/replay-le-blended-learning-cest-bien-vu-par-les-clients-de-teach-on-mars-cest-encore-mieux\/#breadcrumb","itemListElement":[{"@type":"ListItem","position":1,"name":"Accueil","item":"https:\/\/www.teachonmars.com\/fr\/"},{"@type":"ListItem","position":2,"name":"Replay &#8211; Le Blended Learning c\u2019est bien, vu par les clients de Teach on Mars c\u2019est encore mieux !"}]},{"@type":"WebSite","@id":"https:\/\/www.teachonmars.com\/fr\/#website","url":"https:\/\/www.teachonmars.com\/fr\/","name":"Teach on Mars","description":"More Learning Moments. Better Future.","publisher":{"@id":"https:\/\/www.teachonmars.com\/fr\/#organization"},"potentialAction":[{"@type":"SearchAction","target":{"@type":"EntryPoint","urlTemplate":"https:\/\/www.teachonmars.com\/fr\/?s={search_term_string}"},"query-input":{"@type":"PropertyValueSpecification","valueRequired":true,"valueName":"search_term_string"}}],"inLanguage":"fr-FR"},{"@type":"Organization","@id":"https:\/\/www.teachonmars.com\/fr\/#organization","name":"Teach on Mars","url":"https:\/\/www.teachonmars.com\/fr\/","logo":{"@type":"ImageObject","inLanguage":"fr-FR","@id":"https:\/\/www.teachonmars.com\/fr\/#\/schema\/logo\/image\/","url":"https:\/\/www.teachonmars.com\/wp-content\/uploads\/2024\/04\/logo-Teach-on-march-by-lumapps-1.png","contentUrl":"https:\/\/www.teachonmars.com\/wp-content\/uploads\/2024\/04\/logo-Teach-on-march-by-lumapps-1.png","width":1052,"height":194,"caption":"Teach on Mars"},"image":{"@id":"https:\/\/www.teachonmars.com\/fr\/#\/schema\/logo\/image\/"},"sameAs":["https:\/\/www.facebook.com\/teachonmars.fr\/","https:\/\/x.com\/TeachonMarsfr","https:\/\/www.linkedin.com\/company\/teach-on-mars\/"]}]}},"_links":{"self":[{"href":"https:\/\/www.teachonmars.com\/fr\/wp-json\/wp\/v2\/pages\/41621","targetHints":{"allow":["GET"]}}],"collection":[{"href":"https:\/\/www.teachonmars.com\/fr\/wp-json\/wp\/v2\/pages"}],"about":[{"href":"https:\/\/www.teachonmars.com\/fr\/wp-json\/wp\/v2\/types\/page"}],"author":[{"embeddable":true,"href":"https:\/\/www.teachonmars.com\/fr\/wp-json\/wp\/v2\/users\/68"}],"replies":[{"embeddable":true,"href":"https:\/\/www.teachonmars.com\/fr\/wp-json\/wp\/v2\/comments?post=41621"}],"version-history":[{"count":0,"href":"https:\/\/www.teachonmars.com\/fr\/wp-json\/wp\/v2\/pages\/41621\/revisions"}],"wp:attachment":[{"href":"https:\/\/www.teachonmars.com\/fr\/wp-json\/wp\/v2\/media?parent=41621"}],"curies":[{"name":"wp","href":"https:\/\/api.w.org\/{rel}","templated":true}]}}