{"id":39117,"date":"2022-10-27T13:03:37","date_gmt":"2022-10-27T11:03:37","guid":{"rendered":"https:\/\/www.teachonmars.com\/?page_id=39117"},"modified":"2022-10-27T16:55:08","modified_gmt":"2022-10-27T14:55:08","slug":"contact-pharma","status":"publish","type":"page","link":"https:\/\/www.teachonmars.com\/fr\/contact-pharma\/","title":{"rendered":"Contact pharma"},"content":{"rendered":"<p>[et_pb_section fb_built=\u00a0\u00bb1&Prime; admin_label=\u00a0\u00bbContact Section\u00a0\u00bb _builder_version=\u00a0\u00bb4.18.0&Prime; custom_padding=\u00a0\u00bb0px|0px|0px|0px|false|false\u00a0\u00bb hover_enabled=\u00a0\u00bb0&Prime; saved_tabs=\u00a0\u00bball\u00a0\u00bb global_colors_info=\u00a0\u00bb{}\u00a0\u00bb min_height=\u00a0\u00bb300px\u00a0\u00bb sticky_enabled=\u00a0\u00bb0&Prime; custom_margin=\u00a0\u00bb||||false|false\u00a0\u00bb custom_css_main_element=\u00a0\u00bbdisplay:flex;||flex-direction:column;||align-items:center;||justify-content:center;\u00a0\u00bb title_text=\u00a0\u00bbcircle-background-pattern-2&Prime; background_image=\u00a0\u00bbhttps:\/\/www.teachonmars.com\/wp-content\/uploads\/2021\/10\/circle-background-pattern-2.png\u00a0\u00bb background_enable_color=\u00a0\u00bboff\u00a0\u00bb use_background_color_gradient=\u00a0\u00bbon\u00a0\u00bb background_color_gradient_stops=\u00a0\u00bb#e10600 0%|#e10600 100%\u00a0\u00bb][et_pb_row _builder_version=\u00a0\u00bb4.18.0&Prime; _module_preset=\u00a0\u00bbdefault\u00a0\u00bb global_colors_info=\u00a0\u00bb{}\u00a0\u00bb][et_pb_column type=\u00a0\u00bb4_4&Prime; _builder_version=\u00a0\u00bb4.18.0&Prime; _module_preset=\u00a0\u00bbdefault\u00a0\u00bb global_colors_info=\u00a0\u00bb{}\u00a0\u00bb][et_pb_text _builder_version=\u00a0\u00bb4.18.0&Prime; _module_preset=\u00a0\u00bbdefault\u00a0\u00bb custom_padding=\u00a0\u00bb||0px|||\u00a0\u00bb global_colors_info=\u00a0\u00bb{}\u00a0\u00bb background_layout=\u00a0\u00bbdark\u00a0\u00bb hover_enabled=\u00a0\u00bb0&Prime; sticky_enabled=\u00a0\u00bb0&Prime;]<\/p>\n<h1>Industrie pharmaceutique : Comment booster vos ventes gr\u00e2ce \u00e0 l&rsquo;animation et l&rsquo;engagement de votre r\u00e9seau de prescripteurs ? <em>(Probl\u00e9matique)<\/em><\/h1>\n<p>[\/et_pb_text][\/et_pb_column][\/et_pb_row][\/et_pb_section][et_pb_section fb_built=\u00a0\u00bb1&Prime; theme_builder_area=\u00a0\u00bbpost_content\u00a0\u00bb _builder_version=\u00a0\u00bb4.18.0&Prime; _module_preset=\u00a0\u00bbdefault\u00a0\u00bb custom_padding=\u00a0\u00bb0px|||||\u00a0\u00bb][et_pb_row column_structure=\u00a0\u00bb3_5,2_5&Prime; admin_label=\u00a0\u00bbContact Us Row\u00a0\u00bb _builder_version=\u00a0\u00bb4.18.0&Prime; hover_enabled=\u00a0\u00bb0&Prime; global_colors_info=\u00a0\u00bb{}\u00a0\u00bb theme_builder_area=\u00a0\u00bbpost_content\u00a0\u00bb sticky_enabled=\u00a0\u00bb0&Prime; custom_padding=\u00a0\u00bb0px|||||\u00a0\u00bb][et_pb_column type=\u00a0\u00bb3_5&Prime; _builder_version=\u00a0\u00bb4.18.0&Prime; custom_padding=\u00a0\u00bb25px||||false|false\u00a0\u00bb hover_enabled=\u00a0\u00bb0&Prime; global_colors_info=\u00a0\u00bb{}\u00a0\u00bb custom_padding__hover=\u00a0\u00bb|||\u00a0\u00bb theme_builder_area=\u00a0\u00bbpost_content\u00a0\u00bb sticky_enabled=\u00a0\u00bb0&Prime;][et_pb_text admin_label=\u00a0\u00bbTittle &#038; Paragraph\u00a0\u00bb _builder_version=\u00a0\u00bb4.18.0&Prime; text_font=\u00a0\u00bbOpen Sans|600|||||||\u00a0\u00bb text_font_size=\u00a0\u00bb16px\u00a0\u00bb text_line_height=\u00a0\u00bb1.8em\u00a0\u00bb header_font=\u00a0\u00bbRoboto||||||||\u00a0\u00bb header_2_font=\u00a0\u00bbRoboto|||on|||||\u00a0\u00bb header_2_font_size=\u00a0\u00bb45px\u00a0\u00bb header_2_letter_spacing=\u00a0\u00bb1px\u00a0\u00bb header_2_line_height=\u00a0\u00bb1.4em\u00a0\u00bb header_3_font=\u00a0\u00bbRoboto||||||||\u00a0\u00bb header_4_font=\u00a0\u00bbRoboto||||||||\u00a0\u00bb header_5_font=\u00a0\u00bbRoboto||||||||\u00a0\u00bb header_6_font=\u00a0\u00bbRoboto||||||||\u00a0\u00bb module_alignment=\u00a0\u00bbcenter\u00a0\u00bb custom_margin=\u00a0\u00bb40px|||\u00a0\u00bb custom_margin_tablet=\u00a0\u00bb0px|||\u00a0\u00bb custom_margin_phone=\u00a0\u00bb-20px||||false|false\u00a0\u00bb custom_margin_last_edited=\u00a0\u00bbon|phone\u00a0\u00bb global_colors_info=\u00a0\u00bb{}\u00a0\u00bb theme_builder_area=\u00a0\u00bbpost_content\u00a0\u00bb]<\/p>\n<p><strong>L\u2019industrie pharmaceutique est perp\u00e9tuellement innovante. Les entreprises de ce secteur doivent anticiper ces \u00e9volutions avec des besoins de nouvelles comp\u00e9tences, de recrutement de profils sp\u00e9cifiques, d&rsquo;animation de r\u00e9seau de vente tout en assurant la coh\u00e9rence de leur marque. <em>(contexte sp\u00e9cifique pharma)\u00a0<\/em><\/strong><\/p>\n<ul>\n<li>Comment d\u00e9velopper et animer un r\u00e9seau de prescripteurs pour booster vos ventes ?<\/li>\n<li>Comment cr\u00e9er une \u00e9mulsion autour de votre marque ?<\/li>\n<li>Comment booster la mont\u00e9e en comp\u00e9tence ? (<em>enjeux auxquels r\u00e9pond TOM)<\/em><\/li>\n<\/ul>\n<h4><\/h4>\n<p>Teach on Mars, accompagne depuis plus de XX ans des entreprises comme la v\u00f4tre, gr\u00e2ce \u00e0 leur plateforme d&rsquo;apprentissage nouvelle g\u00e9n\u00e9ration pour relever les d\u00e9fis de votre secteur et cr\u00e9er une <span>dynamique de formation continue au service de votre culture et de vos objectifs de vente.<\/span><\/p>\n<p><strong>Besoin d&rsquo;un conseil ?\u00a0 Prenons contact !<\/strong><\/p>\n<h1 class=\"bloc-diagnostics__title bloc-diagnostics__title--align-left align-left\"><\/h1>\n<p>[\/et_pb_text][\/et_pb_column][et_pb_column type=\u00a0\u00bb2_5&Prime; _builder_version=\u00a0\u00bb4.18.0&Prime; custom_padding=\u00a0\u00bb30px|30px|30px|30px|false|false\u00a0\u00bb hover_enabled=\u00a0\u00bb0&Prime; global_colors_info=\u00a0\u00bb{}\u00a0\u00bb custom_padding__hover=\u00a0\u00bb|||\u00a0\u00bb theme_builder_area=\u00a0\u00bbpost_content\u00a0\u00bb background_color=\u00a0\u00bb#ffffff\u00a0\u00bb box_shadow_style=\u00a0\u00bbpreset1&Prime; border_radii=\u00a0\u00bbon|5px|5px|5px|5px\u00a0\u00bb sticky_enabled=\u00a0\u00bb0&Prime; custom_css_main_element=\u00a0\u00bbmargin-top:-30px;\u00a0\u00bb][et_pb_divider show_divider=\u00a0\u00bboff\u00a0\u00bb _builder_version=\u00a0\u00bb4.18.0&Prime; height=\u00a0\u00bb40px\u00a0\u00bb height_tablet=\u00a0\u00bb\u00a0\u00bb height_phone=\u00a0\u00bb0px\u00a0\u00bb height_last_edited=\u00a0\u00bbon|phone\u00a0\u00bb hover_enabled=\u00a0\u00bb0&Prime; global_colors_info=\u00a0\u00bb{}\u00a0\u00bb theme_builder_area=\u00a0\u00bbpost_content\u00a0\u00bb sticky_enabled=\u00a0\u00bb0&Prime;][\/et_pb_divider][et_pb_code _builder_version=\u00a0\u00bb4.18.0&Prime; global_colors_info=\u00a0\u00bb{}\u00a0\u00bb theme_builder_area=\u00a0\u00bbpost_content\u00a0\u00bb]<script charset=\"utf-8\" type=\"text\/javascript\" src=\"\/\/js.hsforms.net\/forms\/embed\/v2.js\"><\/script><!-- [et_pb_line_break_holder] --><script><!-- [et_pb_line_break_holder] -->  hbspt.forms.create({<!-- [et_pb_line_break_holder] -->    region: \"na1\",<!-- [et_pb_line_break_holder] -->    portalId: \"5190091\",<!-- [et_pb_line_break_holder] -->    formId: \"6c1e685d-cb25-4550-974c-f0acfb207f1d\"<!-- [et_pb_line_break_holder] -->  });<!-- [et_pb_line_break_holder] --><\/script>[\/et_pb_code][\/et_pb_column][\/et_pb_row][\/et_pb_section][et_pb_section fb_built=\u00a0\u00bb1&Prime; _builder_version=\u00a0\u00bb4.16&Prime; background_color=\u00a0\u00bb#eeeeee\u00a0\u00bb custom_padding=\u00a0\u00bb||60px|||\u00a0\u00bb global_colors_info=\u00a0\u00bb{}\u00a0\u00bb][et_pb_row column_structure=\u00a0\u00bb1_4,1_4,1_4,1_4&Prime; admin_label=\u00a0\u00bbFooter Row\u00a0\u00bb _builder_version=\u00a0\u00bb4.16&Prime; custom_padding=\u00a0\u00bb2px||0px|||\u00a0\u00bb global_colors_info=\u00a0\u00bb{}\u00a0\u00bb][et_pb_column type=\u00a0\u00bb1_4&Prime; _builder_version=\u00a0\u00bb4.16&Prime; custom_padding=\u00a0\u00bb|||\u00a0\u00bb global_colors_info=\u00a0\u00bb{}\u00a0\u00bb custom_padding__hover=\u00a0\u00bb|||\u00a0\u00bb][et_pb_text admin_label=\u00a0\u00bbLinks\u00a0\u00bb _builder_version=\u00a0\u00bb4.16&Prime; text_font=\u00a0\u00bbRoboto|300|||||||\u00a0\u00bb text_text_color=\u00a0\u00bb#ffffff\u00a0\u00bb text_line_height=\u00a0\u00bb1.4em\u00a0\u00bb link_font=\u00a0\u00bbOpen Sans|600|||||||\u00a0\u00bb link_text_color=\u00a0\u00bb#ffffff\u00a0\u00bb link_line_height=\u00a0\u00bb2.5em\u00a0\u00bb header_font=\u00a0\u00bb||||||||\u00a0\u00bb header_2_font=\u00a0\u00bb||||||||\u00a0\u00bb header_3_font=\u00a0\u00bb||||||||\u00a0\u00bb header_6_font=\u00a0\u00bbRoboto|500||on|||||\u00a0\u00bb header_6_text_color=\u00a0\u00bbrgba(255,255,255,0.4)\u00a0\u00bb header_6_letter_spacing=\u00a0\u00bb2px\u00a0\u00bb header_6_line_height=\u00a0\u00bb1.7em\u00a0\u00bb background_layout=\u00a0\u00bbdark\u00a0\u00bb module_alignment=\u00a0\u00bbcenter\u00a0\u00bb custom_margin=\u00a0\u00bb|||\u00a0\u00bb custom_margin_tablet=\u00a0\u00bb0px|||\u00a0\u00bb custom_margin_phone=\u00a0\u00bb|||\u00a0\u00bb custom_margin_last_edited=\u00a0\u00bboff|desktop\u00a0\u00bb text_line_height_last_edited=\u00a0\u00bboff|desktop\u00a0\u00bb global_colors_info=\u00a0\u00bb{}\u00a0\u00bb]<\/p>\n<h6><span style=\"color: #1c1c1c;\">SI\u00c8GE<\/span><\/h6>\n<p><span style=\"color: #000000;\">Parc Haute Technologie<\/span><\/p>\n<p><span style=\"color: #000000;\">694 Avenue Maurice Donat<\/span><\/p>\n<p><span style=\"color: #1c1c1c;\"><span style=\"color: #000000;\">06250<\/span> Sophia Antipolis<\/span><\/p>\n<p>[\/et_pb_text][\/et_pb_column][et_pb_column type=\u00a0\u00bb1_4&Prime; _builder_version=\u00a0\u00bb4.16&Prime; custom_padding=\u00a0\u00bb|||\u00a0\u00bb global_colors_info=\u00a0\u00bb{}\u00a0\u00bb custom_padding__hover=\u00a0\u00bb|||\u00a0\u00bb][et_pb_text admin_label=\u00a0\u00bbLinks\u00a0\u00bb _builder_version=\u00a0\u00bb4.16&Prime; text_font=\u00a0\u00bbRoboto|300|||||||\u00a0\u00bb text_text_color=\u00a0\u00bb#ffffff\u00a0\u00bb text_line_height=\u00a0\u00bb1.4em\u00a0\u00bb link_font=\u00a0\u00bbOpen Sans|600|||||||\u00a0\u00bb link_text_color=\u00a0\u00bb#ffffff\u00a0\u00bb link_line_height=\u00a0\u00bb2.5em\u00a0\u00bb header_font=\u00a0\u00bbRoboto||||||||\u00a0\u00bb header_2_font=\u00a0\u00bb||||||||\u00a0\u00bb header_3_font=\u00a0\u00bb||||||||\u00a0\u00bb header_6_font=\u00a0\u00bbRoboto|500||on|||||\u00a0\u00bb header_6_text_color=\u00a0\u00bbrgba(255,255,255,0.4)\u00a0\u00bb header_6_letter_spacing=\u00a0\u00bb2px\u00a0\u00bb header_6_line_height=\u00a0\u00bb1.7em\u00a0\u00bb background_layout=\u00a0\u00bbdark\u00a0\u00bb module_alignment=\u00a0\u00bbcenter\u00a0\u00bb custom_margin=\u00a0\u00bb|||\u00a0\u00bb custom_margin_tablet=\u00a0\u00bb0px|||\u00a0\u00bb custom_margin_phone=\u00a0\u00bb|||\u00a0\u00bb custom_margin_last_edited=\u00a0\u00bboff|desktop\u00a0\u00bb text_line_height_last_edited=\u00a0\u00bboff|desktop\u00a0\u00bb global_colors_info=\u00a0\u00bb{}\u00a0\u00bb]<\/p>\n<h6><span style=\"color: #1c1c1c;\">BUREAU DE PARIS<\/span><\/h6>\n<p><span style=\"color: #1c1c1c;\">Morning Laffitte<\/span><\/p>\n<p><span style=\"color: #1c1c1c;\">34 rue Laffitte<\/span><\/p>\n<p><span style=\"color: #1c1c1c;\">75009 Paris<\/span><\/p>\n<p>[\/et_pb_text][\/et_pb_column][et_pb_column type=\u00a0\u00bb1_4&Prime; _builder_version=\u00a0\u00bb4.16&Prime; custom_padding=\u00a0\u00bb|||\u00a0\u00bb global_colors_info=\u00a0\u00bb{}\u00a0\u00bb custom_padding__hover=\u00a0\u00bb|||\u00a0\u00bb][et_pb_text admin_label=\u00a0\u00bbLinks\u00a0\u00bb _builder_version=\u00a0\u00bb4.16&Prime; text_font=\u00a0\u00bbRoboto|300|||||||\u00a0\u00bb text_text_color=\u00a0\u00bb#ffffff\u00a0\u00bb text_line_height=\u00a0\u00bb1.4em\u00a0\u00bb link_font=\u00a0\u00bbOpen Sans|600|||||||\u00a0\u00bb link_text_color=\u00a0\u00bb#ffffff\u00a0\u00bb link_line_height=\u00a0\u00bb2.5em\u00a0\u00bb header_font=\u00a0\u00bbRoboto||||||||\u00a0\u00bb header_2_font=\u00a0\u00bb||||||||\u00a0\u00bb header_3_font=\u00a0\u00bb||||||||\u00a0\u00bb header_6_font=\u00a0\u00bbRoboto|500||on|||||\u00a0\u00bb header_6_text_color=\u00a0\u00bbrgba(255,255,255,0.4)\u00a0\u00bb header_6_letter_spacing=\u00a0\u00bb2px\u00a0\u00bb header_6_line_height=\u00a0\u00bb1.7em\u00a0\u00bb background_layout=\u00a0\u00bbdark\u00a0\u00bb module_alignment=\u00a0\u00bbcenter\u00a0\u00bb custom_margin=\u00a0\u00bb|||\u00a0\u00bb custom_margin_tablet=\u00a0\u00bb0px|||\u00a0\u00bb custom_margin_phone=\u00a0\u00bb|||\u00a0\u00bb custom_margin_last_edited=\u00a0\u00bboff|desktop\u00a0\u00bb text_line_height_last_edited=\u00a0\u00bboff|desktop\u00a0\u00bb global_colors_info=\u00a0\u00bb{}\u00a0\u00bb]<\/p>\n<h6><span style=\"color: #1c1c1c;\">BUREAU DE LONDRES<\/span><\/h6>\n<p><span style=\"color: #1c1c1c;\">Becket House, Ground Floor<\/span><\/p>\n<p><span style=\"color: #1c1c1c;\">1 Lambeth Palace Road<\/span><\/p>\n<p><span style=\"color: #1c1c1c;\">London, SE1 7EU<\/span><\/p>\n<p>[\/et_pb_text][\/et_pb_column][et_pb_column type=\u00a0\u00bb1_4&Prime; _builder_version=\u00a0\u00bb4.16&Prime; custom_padding=\u00a0\u00bb|||\u00a0\u00bb global_colors_info=\u00a0\u00bb{}\u00a0\u00bb custom_padding__hover=\u00a0\u00bb|||\u00a0\u00bb][et_pb_text admin_label=\u00a0\u00bbLinks\u00a0\u00bb _builder_version=\u00a0\u00bb4.16&Prime; text_font=\u00a0\u00bbRoboto|300|||||||\u00a0\u00bb text_text_color=\u00a0\u00bb#ffffff\u00a0\u00bb text_line_height=\u00a0\u00bb1.4em\u00a0\u00bb link_font=\u00a0\u00bbOpen Sans|600|||||||\u00a0\u00bb link_text_color=\u00a0\u00bb#ffffff\u00a0\u00bb link_line_height=\u00a0\u00bb2.5em\u00a0\u00bb header_font=\u00a0\u00bbRoboto||||||||\u00a0\u00bb header_2_font=\u00a0\u00bb||||||||\u00a0\u00bb header_3_font=\u00a0\u00bb||||||||\u00a0\u00bb header_6_font=\u00a0\u00bbRoboto|500||on|||||\u00a0\u00bb header_6_text_color=\u00a0\u00bbrgba(255,255,255,0.4)\u00a0\u00bb header_6_letter_spacing=\u00a0\u00bb2px\u00a0\u00bb header_6_line_height=\u00a0\u00bb1.7em\u00a0\u00bb background_layout=\u00a0\u00bbdark\u00a0\u00bb module_alignment=\u00a0\u00bbcenter\u00a0\u00bb custom_margin=\u00a0\u00bb||14px|||\u00a0\u00bb custom_margin_tablet=\u00a0\u00bb0px|||\u00a0\u00bb custom_margin_phone=\u00a0\u00bb|||\u00a0\u00bb custom_margin_last_edited=\u00a0\u00bboff|desktop\u00a0\u00bb text_line_height_last_edited=\u00a0\u00bboff|desktop\u00a0\u00bb global_colors_info=\u00a0\u00bb{}\u00a0\u00bb]<\/p>\n<h6><span style=\"color: #1c1c1c;\">BUREAU DE MILAN<\/span><\/h6>\n<p><span style=\"color: #1c1c1c;\">CCI France Italie \u2013 Camera di commercio<\/span><\/p>\n<p><span style=\"color: #1c1c1c;\">Via Papa Leone XIII, 14<\/span><\/p>\n<p><span style=\"color: #1c1c1c;\">20145 Milano<\/span><\/p>\n<p>[\/et_pb_text][\/et_pb_column][\/et_pb_row][\/et_pb_section]<\/p>\n","protected":false},"excerpt":{"rendered":"<p>Industrie pharmaceutique : Comment booster vos ventes gr\u00e2ce \u00e0 l&rsquo;animation et l&rsquo;engagement de votre r\u00e9seau de prescripteurs ? (Probl\u00e9matique)L\u2019industrie pharmaceutique est perp\u00e9tuellement innovante. Les entreprises de ce secteur doivent anticiper ces \u00e9volutions avec des besoins de nouvelles comp\u00e9tences, de recrutement de profils sp\u00e9cifiques, d&rsquo;animation de r\u00e9seau de vente tout en assurant la coh\u00e9rence de leur [&hellip;]<\/p>\n","protected":false},"author":55,"featured_media":0,"parent":0,"menu_order":7,"comment_status":"closed","ping_status":"closed","template":"","meta":{"_et_pb_use_builder":"on","_et_pb_old_content":"","_et_gb_content_width":"","footnotes":""},"class_list":["post-39117","page","type-page","status-publish","hentry"],"yoast_head":"<!-- This site is optimized with the Yoast SEO Premium plugin v22.6 (Yoast SEO v27.4) - https:\/\/yoast.com\/product\/yoast-seo-premium-wordpress\/ -->\n<title>Contact pharma - Teach on Mars<\/title>\n<meta name=\"description\" content=\"Vous avez un projet de formation, de recrutement ? Vous souhaitez des conseils pour am\u00e9liorer l&#039;engagement de vos prescripteurs ?\" \/>\n<meta name=\"robots\" content=\"index, follow, max-snippet:-1, max-image-preview:large, max-video-preview:-1\" \/>\n<link rel=\"canonical\" href=\"https:\/\/www.teachonmars.com\/fr\/contact-pharma\/\" \/>\n<meta property=\"og:locale\" content=\"fr_FR\" \/>\n<meta property=\"og:type\" content=\"article\" \/>\n<meta property=\"og:title\" content=\"Contact pharma\" \/>\n<meta property=\"og:description\" content=\"Vous avez un projet de formation, de recrutement ? Vous souhaitez des conseils pour am\u00e9liorer l&#039;engagement de vos prescripteurs ?\" \/>\n<meta property=\"og:url\" content=\"https:\/\/www.teachonmars.com\/fr\/contact-pharma\/\" \/>\n<meta property=\"og:site_name\" content=\"Teach on Mars\" \/>\n<meta property=\"article:publisher\" content=\"https:\/\/www.facebook.com\/teachonmars.fr\/\" \/>\n<meta property=\"article:modified_time\" content=\"2022-10-27T14:55:08+00:00\" \/>\n<meta name=\"twitter:card\" content=\"summary_large_image\" \/>\n<meta name=\"twitter:site\" content=\"@TeachonMarsfr\" \/>\n<meta name=\"twitter:label1\" content=\"Dur\u00e9e de lecture estim\u00e9e\" \/>\n\t<meta name=\"twitter:data1\" content=\"3 minutes\" \/>\n<script type=\"application\/ld+json\" class=\"yoast-schema-graph\">{\"@context\":\"https:\\\/\\\/schema.org\",\"@graph\":[{\"@type\":\"WebPage\",\"@id\":\"https:\\\/\\\/www.teachonmars.com\\\/fr\\\/contact-pharma\\\/\",\"url\":\"https:\\\/\\\/www.teachonmars.com\\\/fr\\\/contact-pharma\\\/\",\"name\":\"Contact pharma - Teach on Mars\",\"isPartOf\":{\"@id\":\"https:\\\/\\\/www.teachonmars.com\\\/fr\\\/#website\"},\"datePublished\":\"2022-10-27T11:03:37+00:00\",\"dateModified\":\"2022-10-27T14:55:08+00:00\",\"description\":\"Vous avez un projet de formation, de recrutement ? Vous souhaitez des conseils pour am\u00e9liorer l'engagement de vos prescripteurs ?\",\"breadcrumb\":{\"@id\":\"https:\\\/\\\/www.teachonmars.com\\\/fr\\\/contact-pharma\\\/#breadcrumb\"},\"inLanguage\":\"fr-FR\",\"potentialAction\":[{\"@type\":\"ReadAction\",\"target\":[\"https:\\\/\\\/www.teachonmars.com\\\/fr\\\/contact-pharma\\\/\"]}]},{\"@type\":\"BreadcrumbList\",\"@id\":\"https:\\\/\\\/www.teachonmars.com\\\/fr\\\/contact-pharma\\\/#breadcrumb\",\"itemListElement\":[{\"@type\":\"ListItem\",\"position\":1,\"name\":\"Accueil\",\"item\":\"https:\\\/\\\/www.teachonmars.com\\\/fr\\\/\"},{\"@type\":\"ListItem\",\"position\":2,\"name\":\"Contact pharma\"}]},{\"@type\":\"WebSite\",\"@id\":\"https:\\\/\\\/www.teachonmars.com\\\/fr\\\/#website\",\"url\":\"https:\\\/\\\/www.teachonmars.com\\\/fr\\\/\",\"name\":\"Teach on Mars\",\"description\":\"More Learning Moments. Better Future.\",\"publisher\":{\"@id\":\"https:\\\/\\\/www.teachonmars.com\\\/fr\\\/#organization\"},\"potentialAction\":[{\"@type\":\"SearchAction\",\"target\":{\"@type\":\"EntryPoint\",\"urlTemplate\":\"https:\\\/\\\/www.teachonmars.com\\\/fr\\\/?s={search_term_string}\"},\"query-input\":{\"@type\":\"PropertyValueSpecification\",\"valueRequired\":true,\"valueName\":\"search_term_string\"}}],\"inLanguage\":\"fr-FR\"},{\"@type\":\"Organization\",\"@id\":\"https:\\\/\\\/www.teachonmars.com\\\/fr\\\/#organization\",\"name\":\"Teach on Mars\",\"url\":\"https:\\\/\\\/www.teachonmars.com\\\/fr\\\/\",\"logo\":{\"@type\":\"ImageObject\",\"inLanguage\":\"fr-FR\",\"@id\":\"https:\\\/\\\/www.teachonmars.com\\\/fr\\\/#\\\/schema\\\/logo\\\/image\\\/\",\"url\":\"https:\\\/\\\/www.teachonmars.com\\\/wp-content\\\/uploads\\\/2024\\\/04\\\/logo-Teach-on-march-by-lumapps-1.png\",\"contentUrl\":\"https:\\\/\\\/www.teachonmars.com\\\/wp-content\\\/uploads\\\/2024\\\/04\\\/logo-Teach-on-march-by-lumapps-1.png\",\"width\":1052,\"height\":194,\"caption\":\"Teach on Mars\"},\"image\":{\"@id\":\"https:\\\/\\\/www.teachonmars.com\\\/fr\\\/#\\\/schema\\\/logo\\\/image\\\/\"},\"sameAs\":[\"https:\\\/\\\/www.facebook.com\\\/teachonmars.fr\\\/\",\"https:\\\/\\\/x.com\\\/TeachonMarsfr\",\"https:\\\/\\\/www.linkedin.com\\\/company\\\/teach-on-mars\\\/\"]}]}<\/script>\n<!-- \/ Yoast SEO Premium plugin. -->","yoast_head_json":{"title":"Contact pharma - Teach on Mars","description":"Vous avez un projet de formation, de recrutement ? Vous souhaitez des conseils pour am\u00e9liorer l'engagement de vos prescripteurs ?","robots":{"index":"index","follow":"follow","max-snippet":"max-snippet:-1","max-image-preview":"max-image-preview:large","max-video-preview":"max-video-preview:-1"},"canonical":"https:\/\/www.teachonmars.com\/fr\/contact-pharma\/","og_locale":"fr_FR","og_type":"article","og_title":"Contact pharma","og_description":"Vous avez un projet de formation, de recrutement ? Vous souhaitez des conseils pour am\u00e9liorer l'engagement de vos prescripteurs ?","og_url":"https:\/\/www.teachonmars.com\/fr\/contact-pharma\/","og_site_name":"Teach on Mars","article_publisher":"https:\/\/www.facebook.com\/teachonmars.fr\/","article_modified_time":"2022-10-27T14:55:08+00:00","twitter_card":"summary_large_image","twitter_site":"@TeachonMarsfr","twitter_misc":{"Dur\u00e9e de lecture estim\u00e9e":"3 minutes"},"schema":{"@context":"https:\/\/schema.org","@graph":[{"@type":"WebPage","@id":"https:\/\/www.teachonmars.com\/fr\/contact-pharma\/","url":"https:\/\/www.teachonmars.com\/fr\/contact-pharma\/","name":"Contact pharma - Teach on Mars","isPartOf":{"@id":"https:\/\/www.teachonmars.com\/fr\/#website"},"datePublished":"2022-10-27T11:03:37+00:00","dateModified":"2022-10-27T14:55:08+00:00","description":"Vous avez un projet de formation, de recrutement ? Vous souhaitez des conseils pour am\u00e9liorer l'engagement de vos prescripteurs ?","breadcrumb":{"@id":"https:\/\/www.teachonmars.com\/fr\/contact-pharma\/#breadcrumb"},"inLanguage":"fr-FR","potentialAction":[{"@type":"ReadAction","target":["https:\/\/www.teachonmars.com\/fr\/contact-pharma\/"]}]},{"@type":"BreadcrumbList","@id":"https:\/\/www.teachonmars.com\/fr\/contact-pharma\/#breadcrumb","itemListElement":[{"@type":"ListItem","position":1,"name":"Accueil","item":"https:\/\/www.teachonmars.com\/fr\/"},{"@type":"ListItem","position":2,"name":"Contact pharma"}]},{"@type":"WebSite","@id":"https:\/\/www.teachonmars.com\/fr\/#website","url":"https:\/\/www.teachonmars.com\/fr\/","name":"Teach on Mars","description":"More Learning Moments. Better Future.","publisher":{"@id":"https:\/\/www.teachonmars.com\/fr\/#organization"},"potentialAction":[{"@type":"SearchAction","target":{"@type":"EntryPoint","urlTemplate":"https:\/\/www.teachonmars.com\/fr\/?s={search_term_string}"},"query-input":{"@type":"PropertyValueSpecification","valueRequired":true,"valueName":"search_term_string"}}],"inLanguage":"fr-FR"},{"@type":"Organization","@id":"https:\/\/www.teachonmars.com\/fr\/#organization","name":"Teach on Mars","url":"https:\/\/www.teachonmars.com\/fr\/","logo":{"@type":"ImageObject","inLanguage":"fr-FR","@id":"https:\/\/www.teachonmars.com\/fr\/#\/schema\/logo\/image\/","url":"https:\/\/www.teachonmars.com\/wp-content\/uploads\/2024\/04\/logo-Teach-on-march-by-lumapps-1.png","contentUrl":"https:\/\/www.teachonmars.com\/wp-content\/uploads\/2024\/04\/logo-Teach-on-march-by-lumapps-1.png","width":1052,"height":194,"caption":"Teach on Mars"},"image":{"@id":"https:\/\/www.teachonmars.com\/fr\/#\/schema\/logo\/image\/"},"sameAs":["https:\/\/www.facebook.com\/teachonmars.fr\/","https:\/\/x.com\/TeachonMarsfr","https:\/\/www.linkedin.com\/company\/teach-on-mars\/"]}]}},"_links":{"self":[{"href":"https:\/\/www.teachonmars.com\/fr\/wp-json\/wp\/v2\/pages\/39117","targetHints":{"allow":["GET"]}}],"collection":[{"href":"https:\/\/www.teachonmars.com\/fr\/wp-json\/wp\/v2\/pages"}],"about":[{"href":"https:\/\/www.teachonmars.com\/fr\/wp-json\/wp\/v2\/types\/page"}],"author":[{"embeddable":true,"href":"https:\/\/www.teachonmars.com\/fr\/wp-json\/wp\/v2\/users\/55"}],"replies":[{"embeddable":true,"href":"https:\/\/www.teachonmars.com\/fr\/wp-json\/wp\/v2\/comments?post=39117"}],"version-history":[{"count":0,"href":"https:\/\/www.teachonmars.com\/fr\/wp-json\/wp\/v2\/pages\/39117\/revisions"}],"wp:attachment":[{"href":"https:\/\/www.teachonmars.com\/fr\/wp-json\/wp\/v2\/media?parent=39117"}],"curies":[{"name":"wp","href":"https:\/\/api.w.org\/{rel}","templated":true}]}}