{"id":42515,"date":"2024-11-06T16:21:02","date_gmt":"2024-11-06T15:21:02","guid":{"rendered":"https:\/\/www.teachonmars.com\/?page_id=42515"},"modified":"2024-11-06T16:30:27","modified_gmt":"2024-11-06T15:30:27","slug":"lp-consideration-telechargement-cas-client-roche-diabetes-care-france-le-blended-learning-grace-a-la-digitalisation-de-lonboarding","status":"publish","type":"page","link":"https:\/\/www.teachonmars.com\/en\/lp-consideration-telechargement-cas-client-roche-diabetes-care-france-le-blended-learning-grace-a-la-digitalisation-de-lonboarding\/","title":{"rendered":"Cas Roche Diab\u00e8tes Care FranceWebinar"},"content":{"rendered":"<p>[et_pb_section fb_built=&#8221;1&#8243; theme_builder_area=&#8221;post_content&#8221; _builder_version=&#8221;4.24.3&#8243; _module_preset=&#8221;default&#8221; background_color=&#8221;#E10600&#8243; use_background_color_gradient=&#8221;on&#8221; background_color_gradient_stops=&#8221;#e10600 0%|rgba(20,1,0,0.41) 64%|rgba(0,0,0,0.45) 98%&#8221; hover_enabled=&#8221;0&#8243; sticky_enabled=&#8221;0&#8243;][et_pb_row _builder_version=&#8221;4.24.3&#8243; _module_preset=&#8221;default&#8221; theme_builder_area=&#8221;post_content&#8221;][et_pb_column _builder_version=&#8221;4.24.3&#8243; _module_preset=&#8221;default&#8221; type=&#8221;4_4&#8243; theme_builder_area=&#8221;post_content&#8221;][et_pb_text _builder_version=&#8221;4.24.3&#8243; _module_preset=&#8221;default&#8221; theme_builder_area=&#8221;post_content&#8221; hover_enabled=&#8221;0&#8243; sticky_enabled=&#8221;0&#8243; custom_padding=&#8221;50px||49px|||&#8221;]<\/p>\n<p style=\"text-align: center;\"><span style=\"font-size: xx-large; color: #ffffff;\"><strong>100% DES UTILISATEURS RECOMMANDENT LE PARCOURS D&#8217;ONBOARDING DIGITAL DE ROCHE : D\u00c9COUVREZ POURQUOI !<\/strong><\/span><\/p>\n<p>[\/et_pb_text][\/et_pb_column][\/et_pb_row][\/et_pb_section][et_pb_section fb_built=&#8221;1&#8243; theme_builder_area=&#8221;post_content&#8221; _builder_version=&#8221;4.24.3&#8243; _module_preset=&#8221;default&#8221;][et_pb_row _builder_version=&#8221;4.24.3&#8243; _module_preset=&#8221;default&#8221; column_structure=&#8221;1_2,1_2&#8243; theme_builder_area=&#8221;post_content&#8221;][et_pb_column _builder_version=&#8221;4.24.3&#8243; _module_preset=&#8221;default&#8221; type=&#8221;1_2&#8243; theme_builder_area=&#8221;post_content&#8221;][et_pb_text admin_label=&#8221;Hook&#8221; _builder_version=&#8221;4.24.3&#8243; _module_preset=&#8221;default&#8221; text_font=&#8221;|||on|||||&#8221; text_font_size=&#8221;36px&#8221; header_font=&#8221;|700||on|||||&#8221; header_font_size=&#8221;35px&#8221; header_2_text_color=&#8221;#000000&#8243; header_2_font_size=&#8221;35px&#8221; background_layout=&#8221;dark&#8221; custom_margin=&#8221;||20px|||&#8221; custom_padding=&#8221;34px|||||&#8221; text_orientation_tablet=&#8221;center&#8221; text_orientation_phone=&#8221;&#8221; text_orientation_last_edited=&#8221;on|tablet&#8221; global_colors_info=&#8221;{}&#8221; theme_builder_area=&#8221;post_content&#8221;]<\/p>\n<h4><\/h4>\n<h2><span style=\"color: #e10600;\">D\u00e9couvrez le CAS CLIENT ROCHE DIAB\u00c8TES CARE FRANCE<\/span><\/h2>\n<p>[\/et_pb_text][et_pb_text _builder_version=&#8221;4.24.3&#8243; _module_preset=&#8221;default&#8221; header_text_color=&#8221;#000000&#8243; header_2_text_color=&#8221;#000000&#8243; background_layout=&#8221;dark&#8221; custom_margin=&#8221;||40px|||&#8221; hover_enabled=&#8221;0&#8243; text_orientation_tablet=&#8221;center&#8221; text_orientation_phone=&#8221;&#8221; text_orientation_last_edited=&#8221;on|tablet&#8221; global_colors_info=&#8221;{}&#8221; theme_builder_area=&#8221;post_content&#8221; sticky_enabled=&#8221;0&#8243;]<\/p>\n<p><span style=\"color: #000000;\">Dans un contexte de mutation du march\u00e9 de la sant\u00e9,\u00a0<strong>Roche Diab\u00e8tes Care France\u00a0<\/strong>a d\u00fb s\u2019adapter en d\u00e9veloppant des outils innovants et de nouveaux business models. Pour accompagner le lancement de cette nouvelle offre, l\u2019entreprise a eu une ambition forte : embarquer l\u2019ensemble de ses collaborateurs dans cette transformation digitale. Pour cela, l\u2019Onboarding est un \u00e9l\u00e9ment majeur de la strat\u00e9gie mise en place. D\u00e9couvrez dans ce document comment Roche Diab\u00e8tes Care France a digitalis\u00e9 son Onboarding et leur retour d&#8217;exp\u00e9rience.<\/span><span style=\"color: #000000;\"><\/span><\/p>\n<p>&nbsp;<\/p>\n<p>[\/et_pb_text][et_pb_image src=&#8221;https:\/\/www.teachonmars.com\/wp-content\/uploads\/2024\/11\/livre-blanc-roche-diabetes-care.webp&#8221; _builder_version=&#8221;4.24.3&#8243; _module_preset=&#8221;default&#8221; theme_builder_area=&#8221;post_content&#8221; title_text=&#8221;livre-blanc-roche-diabetes-care&#8221; hover_enabled=&#8221;0&#8243; sticky_enabled=&#8221;0&#8243;][\/et_pb_image][\/et_pb_column][et_pb_column _builder_version=&#8221;4.24.3&#8243; _module_preset=&#8221;default&#8221; type=&#8221;1_2&#8243; theme_builder_area=&#8221;post_content&#8221;][et_pb_text admin_label=&#8221;Hook&#8221; _builder_version=&#8221;4.24.3&#8243; _module_preset=&#8221;default&#8221; text_font=&#8221;|||on|||||&#8221; text_font_size=&#8221;36px&#8221; header_font=&#8221;|700||on|||||&#8221; header_font_size=&#8221;35px&#8221; header_2_text_color=&#8221;#000000&#8243; header_2_font_size=&#8221;35px&#8221; background_layout=&#8221;dark&#8221; custom_margin=&#8221;||20px|||&#8221; custom_padding=&#8221;34px|||||&#8221; text_orientation_tablet=&#8221;center&#8221; text_orientation_phone=&#8221;&#8221; text_orientation_last_edited=&#8221;on|tablet&#8221; global_colors_info=&#8221;{}&#8221; theme_builder_area=&#8221;post_content&#8221;]<\/p>\n<h3 style=\"text-align: center;\"><span style=\"color: #0a0000; font-size: x-large;\">T\u00e9l\u00e9chargez gratuitement le cas Roche Diab\u00e8tes Care France<\/span><\/h3>\n<p>[\/et_pb_text][et_pb_code _builder_version=&#8221;4.24.3&#8243; _module_preset=&#8221;default&#8221; min_height=&#8221;588.8px&#8221; custom_margin=&#8221;||||false|false&#8221; custom_padding=&#8221;0px||0px||false|false&#8221; global_colors_info=&#8221;{}&#8221; theme_builder_area=&#8221;post_content&#8221;]<iframe loading=\"lazy\" src=\"https:\/\/www2.teachonmars.com\/l\/702703\/2024-04-30\/9t5423\" width=\"100%\" height=\"600\" type=\"text\/html\" frameborder=\"0\" allowTransparency=\"true\" style=\"border: 0\"><\/iframe>[\/et_pb_code][\/et_pb_column][\/et_pb_row][\/et_pb_section]<\/p>\n","protected":false},"excerpt":{"rendered":"<p>100% DES UTILISATEURS RECOMMANDENT LE PARCOURS D&#8217;ONBOARDING DIGITAL DE ROCHE : D\u00c9COUVREZ POURQUOI ! D\u00e9couvrez le CAS CLIENT ROCHE DIAB\u00c8TES CARE FRANCEDans un contexte de mutation du march\u00e9 de la sant\u00e9,\u00a0Roche Diab\u00e8tes Care France\u00a0a d\u00fb s\u2019adapter en d\u00e9veloppant des outils innovants et de nouveaux business models. Pour accompagner le lancement de cette nouvelle offre, l\u2019entreprise [&hellip;]<\/p>\n","protected":false},"author":70,"featured_media":0,"parent":0,"menu_order":0,"comment_status":"closed","ping_status":"closed","template":"","meta":{"_et_pb_use_builder":"on","_et_pb_old_content":"","_et_gb_content_width":"","footnotes":""},"class_list":["post-42515","page","type-page","status-publish","hentry"],"yoast_head":"<!-- This site is optimized with the Yoast SEO Premium plugin v22.6 (Yoast SEO v27.4) - https:\/\/yoast.com\/product\/yoast-seo-premium-wordpress\/ -->\n<title>Cas Roche Diab\u00e8tes Care FranceWebinar - Teach on Mars<\/title>\n<meta name=\"robots\" content=\"index, follow, max-snippet:-1, max-image-preview:large, max-video-preview:-1\" \/>\n<link rel=\"canonical\" href=\"https:\/\/www.teachonmars.com\/en\/lp-consideration-telechargement-cas-client-roche-diabetes-care-france-le-blended-learning-grace-a-la-digitalisation-de-lonboarding\/\" \/>\n<meta property=\"og:locale\" content=\"en_US\" \/>\n<meta property=\"og:type\" content=\"article\" \/>\n<meta property=\"og:title\" content=\"Cas Roche Diab\u00e8tes Care FranceWebinar\" \/>\n<meta property=\"og:description\" content=\"100% DES UTILISATEURS RECOMMANDENT LE PARCOURS D&#039;ONBOARDING DIGITAL DE ROCHE : D\u00c9COUVREZ POURQUOI ! D\u00e9couvrez le CAS CLIENT ROCHE DIAB\u00c8TES CARE FRANCEDans un contexte de mutation du march\u00e9 de la sant\u00e9,\u00a0Roche Diab\u00e8tes Care France\u00a0a d\u00fb s\u2019adapter en d\u00e9veloppant des outils innovants et de nouveaux business models. Pour accompagner le lancement de cette nouvelle offre, l\u2019entreprise [&hellip;]\" \/>\n<meta property=\"og:url\" content=\"https:\/\/www.teachonmars.com\/en\/lp-consideration-telechargement-cas-client-roche-diabetes-care-france-le-blended-learning-grace-a-la-digitalisation-de-lonboarding\/\" \/>\n<meta property=\"og:site_name\" content=\"Teach on Mars\" \/>\n<meta property=\"article:publisher\" content=\"https:\/\/www.facebook.com\/teachonmars.fr\/\" \/>\n<meta property=\"article:modified_time\" content=\"2024-11-06T15:30:27+00:00\" \/>\n<meta name=\"twitter:card\" content=\"summary_large_image\" \/>\n<meta name=\"twitter:site\" content=\"@TeachonMarsfr\" \/>\n<meta name=\"twitter:label1\" content=\"Est. reading time\" \/>\n\t<meta name=\"twitter:data1\" content=\"1 minute\" \/>\n<script type=\"application\/ld+json\" class=\"yoast-schema-graph\">{\"@context\":\"https:\\\/\\\/schema.org\",\"@graph\":[{\"@type\":\"WebPage\",\"@id\":\"https:\\\/\\\/www.teachonmars.com\\\/en\\\/lp-consideration-telechargement-cas-client-roche-diabetes-care-france-le-blended-learning-grace-a-la-digitalisation-de-lonboarding\\\/\",\"url\":\"https:\\\/\\\/www.teachonmars.com\\\/en\\\/lp-consideration-telechargement-cas-client-roche-diabetes-care-france-le-blended-learning-grace-a-la-digitalisation-de-lonboarding\\\/\",\"name\":\"Cas Roche Diab\u00e8tes Care FranceWebinar - Teach on Mars\",\"isPartOf\":{\"@id\":\"https:\\\/\\\/www.teachonmars.com\\\/en\\\/#website\"},\"datePublished\":\"2024-11-06T15:21:02+00:00\",\"dateModified\":\"2024-11-06T15:30:27+00:00\",\"breadcrumb\":{\"@id\":\"https:\\\/\\\/www.teachonmars.com\\\/en\\\/lp-consideration-telechargement-cas-client-roche-diabetes-care-france-le-blended-learning-grace-a-la-digitalisation-de-lonboarding\\\/#breadcrumb\"},\"inLanguage\":\"en-US\",\"potentialAction\":[{\"@type\":\"ReadAction\",\"target\":[\"https:\\\/\\\/www.teachonmars.com\\\/en\\\/lp-consideration-telechargement-cas-client-roche-diabetes-care-france-le-blended-learning-grace-a-la-digitalisation-de-lonboarding\\\/\"]}]},{\"@type\":\"BreadcrumbList\",\"@id\":\"https:\\\/\\\/www.teachonmars.com\\\/en\\\/lp-consideration-telechargement-cas-client-roche-diabetes-care-france-le-blended-learning-grace-a-la-digitalisation-de-lonboarding\\\/#breadcrumb\",\"itemListElement\":[{\"@type\":\"ListItem\",\"position\":1,\"name\":\"Accueil\",\"item\":\"https:\\\/\\\/www.teachonmars.com\\\/en\\\/\"},{\"@type\":\"ListItem\",\"position\":2,\"name\":\"Cas Roche Diab\u00e8tes Care FranceWebinar\"}]},{\"@type\":\"WebSite\",\"@id\":\"https:\\\/\\\/www.teachonmars.com\\\/en\\\/#website\",\"url\":\"https:\\\/\\\/www.teachonmars.com\\\/en\\\/\",\"name\":\"Teach on Mars\",\"description\":\"More Learning Moments. Better Future.\",\"publisher\":{\"@id\":\"https:\\\/\\\/www.teachonmars.com\\\/en\\\/#organization\"},\"potentialAction\":[{\"@type\":\"SearchAction\",\"target\":{\"@type\":\"EntryPoint\",\"urlTemplate\":\"https:\\\/\\\/www.teachonmars.com\\\/en\\\/?s={search_term_string}\"},\"query-input\":{\"@type\":\"PropertyValueSpecification\",\"valueRequired\":true,\"valueName\":\"search_term_string\"}}],\"inLanguage\":\"en-US\"},{\"@type\":\"Organization\",\"@id\":\"https:\\\/\\\/www.teachonmars.com\\\/en\\\/#organization\",\"name\":\"Teach on Mars\",\"url\":\"https:\\\/\\\/www.teachonmars.com\\\/en\\\/\",\"logo\":{\"@type\":\"ImageObject\",\"inLanguage\":\"en-US\",\"@id\":\"https:\\\/\\\/www.teachonmars.com\\\/en\\\/#\\\/schema\\\/logo\\\/image\\\/\",\"url\":\"https:\\\/\\\/www.teachonmars.com\\\/wp-content\\\/uploads\\\/2024\\\/04\\\/logo-Teach-on-march-by-lumapps-1.png\",\"contentUrl\":\"https:\\\/\\\/www.teachonmars.com\\\/wp-content\\\/uploads\\\/2024\\\/04\\\/logo-Teach-on-march-by-lumapps-1.png\",\"width\":1052,\"height\":194,\"caption\":\"Teach on Mars\"},\"image\":{\"@id\":\"https:\\\/\\\/www.teachonmars.com\\\/en\\\/#\\\/schema\\\/logo\\\/image\\\/\"},\"sameAs\":[\"https:\\\/\\\/www.facebook.com\\\/teachonmars.fr\\\/\",\"https:\\\/\\\/x.com\\\/TeachonMarsfr\",\"https:\\\/\\\/www.linkedin.com\\\/company\\\/teach-on-mars\\\/\"]}]}<\/script>\n<!-- \/ Yoast SEO Premium plugin. -->","yoast_head_json":{"title":"Cas Roche Diab\u00e8tes Care FranceWebinar - Teach on Mars","robots":{"index":"index","follow":"follow","max-snippet":"max-snippet:-1","max-image-preview":"max-image-preview:large","max-video-preview":"max-video-preview:-1"},"canonical":"https:\/\/www.teachonmars.com\/en\/lp-consideration-telechargement-cas-client-roche-diabetes-care-france-le-blended-learning-grace-a-la-digitalisation-de-lonboarding\/","og_locale":"en_US","og_type":"article","og_title":"Cas Roche Diab\u00e8tes Care FranceWebinar","og_description":"100% DES UTILISATEURS RECOMMANDENT LE PARCOURS D'ONBOARDING DIGITAL DE ROCHE : D\u00c9COUVREZ POURQUOI ! D\u00e9couvrez le CAS CLIENT ROCHE DIAB\u00c8TES CARE FRANCEDans un contexte de mutation du march\u00e9 de la sant\u00e9,\u00a0Roche Diab\u00e8tes Care France\u00a0a d\u00fb s\u2019adapter en d\u00e9veloppant des outils innovants et de nouveaux business models. Pour accompagner le lancement de cette nouvelle offre, l\u2019entreprise [&hellip;]","og_url":"https:\/\/www.teachonmars.com\/en\/lp-consideration-telechargement-cas-client-roche-diabetes-care-france-le-blended-learning-grace-a-la-digitalisation-de-lonboarding\/","og_site_name":"Teach on Mars","article_publisher":"https:\/\/www.facebook.com\/teachonmars.fr\/","article_modified_time":"2024-11-06T15:30:27+00:00","twitter_card":"summary_large_image","twitter_site":"@TeachonMarsfr","twitter_misc":{"Est. reading time":"1 minute"},"schema":{"@context":"https:\/\/schema.org","@graph":[{"@type":"WebPage","@id":"https:\/\/www.teachonmars.com\/en\/lp-consideration-telechargement-cas-client-roche-diabetes-care-france-le-blended-learning-grace-a-la-digitalisation-de-lonboarding\/","url":"https:\/\/www.teachonmars.com\/en\/lp-consideration-telechargement-cas-client-roche-diabetes-care-france-le-blended-learning-grace-a-la-digitalisation-de-lonboarding\/","name":"Cas Roche Diab\u00e8tes Care FranceWebinar - Teach on Mars","isPartOf":{"@id":"https:\/\/www.teachonmars.com\/en\/#website"},"datePublished":"2024-11-06T15:21:02+00:00","dateModified":"2024-11-06T15:30:27+00:00","breadcrumb":{"@id":"https:\/\/www.teachonmars.com\/en\/lp-consideration-telechargement-cas-client-roche-diabetes-care-france-le-blended-learning-grace-a-la-digitalisation-de-lonboarding\/#breadcrumb"},"inLanguage":"en-US","potentialAction":[{"@type":"ReadAction","target":["https:\/\/www.teachonmars.com\/en\/lp-consideration-telechargement-cas-client-roche-diabetes-care-france-le-blended-learning-grace-a-la-digitalisation-de-lonboarding\/"]}]},{"@type":"BreadcrumbList","@id":"https:\/\/www.teachonmars.com\/en\/lp-consideration-telechargement-cas-client-roche-diabetes-care-france-le-blended-learning-grace-a-la-digitalisation-de-lonboarding\/#breadcrumb","itemListElement":[{"@type":"ListItem","position":1,"name":"Accueil","item":"https:\/\/www.teachonmars.com\/en\/"},{"@type":"ListItem","position":2,"name":"Cas Roche Diab\u00e8tes Care FranceWebinar"}]},{"@type":"WebSite","@id":"https:\/\/www.teachonmars.com\/en\/#website","url":"https:\/\/www.teachonmars.com\/en\/","name":"Teach on Mars","description":"More Learning Moments. Better Future.","publisher":{"@id":"https:\/\/www.teachonmars.com\/en\/#organization"},"potentialAction":[{"@type":"SearchAction","target":{"@type":"EntryPoint","urlTemplate":"https:\/\/www.teachonmars.com\/en\/?s={search_term_string}"},"query-input":{"@type":"PropertyValueSpecification","valueRequired":true,"valueName":"search_term_string"}}],"inLanguage":"en-US"},{"@type":"Organization","@id":"https:\/\/www.teachonmars.com\/en\/#organization","name":"Teach on Mars","url":"https:\/\/www.teachonmars.com\/en\/","logo":{"@type":"ImageObject","inLanguage":"en-US","@id":"https:\/\/www.teachonmars.com\/en\/#\/schema\/logo\/image\/","url":"https:\/\/www.teachonmars.com\/wp-content\/uploads\/2024\/04\/logo-Teach-on-march-by-lumapps-1.png","contentUrl":"https:\/\/www.teachonmars.com\/wp-content\/uploads\/2024\/04\/logo-Teach-on-march-by-lumapps-1.png","width":1052,"height":194,"caption":"Teach on Mars"},"image":{"@id":"https:\/\/www.teachonmars.com\/en\/#\/schema\/logo\/image\/"},"sameAs":["https:\/\/www.facebook.com\/teachonmars.fr\/","https:\/\/x.com\/TeachonMarsfr","https:\/\/www.linkedin.com\/company\/teach-on-mars\/"]}]}},"_links":{"self":[{"href":"https:\/\/www.teachonmars.com\/en\/wp-json\/wp\/v2\/pages\/42515","targetHints":{"allow":["GET"]}}],"collection":[{"href":"https:\/\/www.teachonmars.com\/en\/wp-json\/wp\/v2\/pages"}],"about":[{"href":"https:\/\/www.teachonmars.com\/en\/wp-json\/wp\/v2\/types\/page"}],"author":[{"embeddable":true,"href":"https:\/\/www.teachonmars.com\/en\/wp-json\/wp\/v2\/users\/70"}],"replies":[{"embeddable":true,"href":"https:\/\/www.teachonmars.com\/en\/wp-json\/wp\/v2\/comments?post=42515"}],"version-history":[{"count":0,"href":"https:\/\/www.teachonmars.com\/en\/wp-json\/wp\/v2\/pages\/42515\/revisions"}],"wp:attachment":[{"href":"https:\/\/www.teachonmars.com\/en\/wp-json\/wp\/v2\/media?parent=42515"}],"curies":[{"name":"wp","href":"https:\/\/api.w.org\/{rel}","templated":true}]}}